{"id":1453,"date":"2026-02-19T10:40:23","date_gmt":"2026-02-19T10:40:23","guid":{"rendered":"https:\/\/casino-bossy.org\/app-2\/"},"modified":"2026-02-19T11:12:50","modified_gmt":"2026-02-19T11:12:50","slug":"app","status":"publish","type":"page","link":"https:\/\/casino-bossy.org\/de\/app\/","title":{"rendered":"App"},"content":{"rendered":"<h1>Casinobossy Mobile App<\/h1>\n<p>Die Casinobossy App wurde entwickelt, um jederzeit schnellen Zugriff auf Casinospiele zu erm\u00f6glichen. Mit ihr stehen Ihnen alle Casino-Funktionen zur Verf\u00fcgung, egal wo Sie sich gerade befinden. Alle Spielfunktionen sind in einer verbesserten mobilen Benutzeroberfl\u00e4che verf\u00fcgbar. Die Software ist f\u00fcr schnelles Laden auf Smartphones und Tablets optimiert.<\/p>\n<div class=\"banner-wrap\" aria-label=\"Banner\"><img src=\"https:\/\/casino-bossy.org\/wp-content\/uploads\/2026\/02\/Casinobossy-banner-carousel-800\u0445400.webp\" class=\"w-100 d-none d-lg-block img-pc main-banner-img\" alt=\"Casinobossy-banner\" fetchpriority=\"high\" decoding=\"async\"><img src=\"https:\/\/casino-bossy.org\/wp-content\/uploads\/2026\/02\/Mobile-banner.webp\" class=\"w-100 d-none d-md-block d-lg-none main-banner-img\" alt=\"Mobile-banner\" fetchpriority=\"high\" decoding=\"async\"><img src=\"https:\/\/casino-bossy.org\/wp-content\/uploads\/2026\/02\/Mobile-banner.webp\" class=\"w-100 d-md-none\" alt=\"Mobile-banner\" fetchpriority=\"high\" decoding=\"async\"><div class=\"banner-description\">\n<div class=\"banner-title\">Willkommensboni<\/div>\n<p class=\"banner-header-title\">1500 \u20ac<\/p>\n<div class=\"banner-header-AdditionalText\">+ 250 Freispiele<\/div>\n<button data-item=\"homepage_banner_link\" class=\"goto m-button m-gradient-border m-button--primary m-button--large banner-button btn-orange\">\n            <div class=\"m-button-content\">\n                <span>Jetzt anmelden<\/span>\n                <span><\/span>\n            <\/div>\n        <\/button>\n<\/div>\n<div class=\"WelcomePack\">\n<p><img loading=\"lazy\" decoding=\"async\" class=\"alignnone size-full wp-image-1357\" src=\"https:\/\/casino-bossy.org\/wp-content\/uploads\/2026\/02\/welcome-crown.png\" alt=\"welcome crown\" width=\"25\" height=\"26\" \/><\/p>\n<div class=\"WelcomePack-Info\">W\u00f6chentlicher Cashback von bis zu 25 %<\/div>\n<p><img loading=\"lazy\" decoding=\"async\" class=\"alignnone size-full wp-image-1357\" src=\"https:\/\/casino-bossy.org\/wp-content\/uploads\/2026\/02\/welcome-crown.png\" alt=\"welcome crown\" width=\"25\" height=\"26\" \/><\/p>\n<\/div>\n<\/div>\n<h2>Vorteile der Casinobossy App<\/h2>\n<p>Die Casinobossy-App bringt das Casino-Spielerlebnis auf Ihr Smartphone. Ihr Vorteil gegen\u00fcber der PC-Version oder browserbasierten Spielen besteht darin, dass sie von \u00fcberall aus zug\u00e4nglich ist und Plattformbenachrichtigungen bietet. Die App l\u00e4sst sich bequem mit nur einem Fingertipp starten.<\/p>\n<p>PC-Spiele haben nach wie vor ihre Vorteile, insbesondere f\u00fcr Casinobossy Casino-Spieler, die einen gro\u00dfen Bildschirm bevorzugen. Die mobile Software gleicht den kleineren Bildschirm durch schnelles Laden und Echtzeit-Benachrichtigungen aus.<\/p>\n<table>\n<tbody>\n<tr>\n<td>Funktion<\/td>\n<td>Casinobossy-App<\/td>\n<td>PC-Version<\/td>\n<\/tr>\n<tr>\n<td>Mobilit\u00e4t<\/td>\n<td>Von \u00fcberall aus spielen<\/td>\n<td>Fester Standort<\/td>\n<\/tr>\n<tr>\n<td>Steuerung<\/td>\n<td>Touch-basiert<\/td>\n<td>Maus und Tastatur<\/td>\n<\/tr>\n<tr>\n<td>Zugriffsgeschwindigkeit<\/td>\n<td>Start mit einem Fingertipp<\/td>\n<td>Browser erforderlich<\/td>\n<\/tr>\n<tr>\n<td>Benachrichtigungen<\/td>\n<td>Sofortige Push-Benachrichtigungen<\/td>\n<td>Keine Push-Benachrichtigungen<\/td>\n<\/tr>\n<tr>\n<td>Bildschirmgr\u00f6\u00dfe<\/td>\n<td>Kompakt, optimiert<\/td>\n<td>Gro\u00df, detaillierte Ansicht<\/td>\n<\/tr>\n<tr>\n<td>Gesamtnutzung<\/td>\n<td>Schnell und flexibel<\/td>\n<td>Stabil und traditionell<\/td>\n<\/tr>\n<\/tbody>\n<\/table>\n<p><div class=\"scrollable-content-wrap my-5\"><div class=\"scrollable-content-inner\"><h2>So spielen Sie Casino Bossy auf iPhone und iPad<\/h2>\n<p>Es ist ganz einfach, Casino Bossy Casino auf Ihrem iPhone und iPad zu starten. Die Plattform ist f\u00fcr iOS-Ger\u00e4te optimiert und funktioniert im Safari-Browser. Sie m\u00fcssen nichts aus dem App Store herunterladen oder gro\u00dfe Dateien installieren. Sie k\u00f6nnen ein Symbol f\u00fcr das Casinobossy Casino auf Ihrem Startbildschirm erstellen. Die Web-App bietet Ihnen schnellen Zugriff auf Spiele, Boni und Ihr Konto. Die iOS-Version unterst\u00fctzt Benachrichtigungen f\u00fcr alle Plattform-Updates. Die Casinobossy Casino-Software bietet die gleichen Funktionen wie die Desktop-Version.<\/p>\n<h3>Schritt-f\u00fcr-Schritt-Anleitung zur Installation der iOS-App<\/h3>\n<ol>\n<li>\u00d6ffnen Sie die Casino Bossy-Website mit dem Safari-Browser.<\/li>\n<li>Tippen Sie dann auf das Symbol \u201eTeilen\u201d.<\/li>\n<li>Nun k\u00f6nnen Sie im Men\u00fc \u201eZum Startbildschirm hinzuf\u00fcgen\u201d ausw\u00e4hlen.<\/li>\n<li>Danach m\u00fcssen Sie \u201eHinzuf\u00fcgen\u201d best\u00e4tigen.<\/li>\n<\/ol>\n<p>Das Casinobossy-App-Symbol erscheint auf Ihrem Startbildschirm und ist nun einsatzbereit.<\/p>\n<p><img loading=\"lazy\" decoding=\"async\" src=\"https:\/\/casino-bossy.org\/wp-content\/uploads\/2026\/02\/iOS-app.webp\" alt=\"iOS-app\" width=\"1248\" height=\"536\" \/><\/p>\n<\/div><\/div><div style=\"clear: both\"><\/div><div class=\"d-flex justify-content-center\"><button data-item=\"decouvrez_link\" data-group=\"website_links\" class=\"goto fw-bold rounded-pill btn btn-orange\" aria-label=\"Laden Sie die Casino-bossy-App herunter\" >Laden Sie die Casino-bossy-App herunter<\/button><\/div><div class=\"scrollable-content-wrap my-5\"><div class=\"scrollable-content-inner\"><h2>Herunterladen und Verwenden der App auf Android<\/h2>\n<p>Das Herunterladen und Verwenden der Casinobossy-App auf Android ist ganz einfach. Die App ist als progressive Web-App (PWA) konzipiert. Unsere PWA erm\u00f6glicht eine sofortige Installation ohne APK-Dateien oder den Besuch des Play Stores. Sie l\u00e4uft auf allen Android-Ger\u00e4ten und kann mit nur wenigen Klicks installiert werden. \u00dcber die Android-Software k\u00f6nnen Sie Benachrichtigungen \u00fcber wichtige Ereignisse auf der Plattform und in Ihrem Konto erhalten. Die Casinobossy Casino-Software bietet Ihnen uneingeschr\u00e4nkten Zugriff auf alle Spiele und andere Funktionen, egal wo Sie sich befinden.<\/p>\n<h3>Sicherheitsfunktionen der App<\/h3>\n<p>Die Casinobossy-App verwendet fortschrittliche Verschl\u00fcsselung zum Schutz der Daten. Die Anmeldung bei Casinobossy Casino ist absolut sicher. Alle Transaktionen unserer Spieler werden manuell \u00fcberpr\u00fcft, um ihre Sicherheit zu best\u00e4tigen. Spieler k\u00f6nnen sich au\u00dferdem auf professionellen Service und Rund-um-die-Uhr-Support durch unser mehrsprachiges Support-Team verlassen.<\/p>\n<p><img loading=\"lazy\" decoding=\"async\" src=\"https:\/\/casino-bossy.org\/wp-content\/uploads\/2026\/02\/Android-app.webp\" alt=\"Android-app\" width=\"1248\" height=\"536\" \/><\/p>\n<\/div><\/div><div style=\"clear: both\"><\/div><div class=\"d-flex justify-content-center\"><button data-item=\"decouvrez_link\" data-group=\"website_links\" class=\"goto fw-bold rounded-pill btn btn-orange\" aria-label=\"Laden Sie die Casino-bossy-App herunter\" >Laden Sie die Casino-bossy-App herunter<\/button><\/div><div class=\"scrollable-content-wrap my-5\"><div class=\"scrollable-content-inner\"><h2>Casinobossy auf PC oder Mac<\/h2>\n<p>Casinobossy Casino l\u00e4sst sich ganz einfach von einem PC oder Mac aus \u00f6ffnen und erfordert keine komplizierte Installation. Die Plattform funktioniert \u00fcber Ihren Browser und kann als Verkn\u00fcpfung auf Ihrem Desktop gespeichert werden. Die Verkn\u00fcpfung \u00f6ffnet Casinobossy als separate Webanwendung. Windows- und macOS-Benutzer erhalten eine stabile Plattform f\u00fcr gro\u00dfe Bildschirme.<\/p>\n<p>Die Desktop-Version des Casinobossy Casinos bietet detaillierte Grafiken und hochwertiges Live-Casino-Game-Streaming. Von Ihrem PC oder Mac aus k\u00f6nnen Sie mit einem einzigen Klick auf Spiele, Boni, Zahlungen, Kontoeinstellungen und den Verifizierungsprozess zugreifen.<\/p>\n<p><img loading=\"lazy\" decoding=\"async\" src=\"https:\/\/casino-bossy.org\/wp-content\/uploads\/2026\/02\/Desktop-1.webp\" alt=\"Desktop\" width=\"1248\" height=\"536\" \/><\/p>\n<\/div><\/div><div style=\"clear: both\"><\/div><div class=\"d-flex justify-content-center\"><button data-item=\"decouvrez_link\" data-group=\"website_links\" class=\"goto fw-bold rounded-pill btn btn-orange\" aria-label=\"Laden Sie die Casino-bossy-App herunter\" >Laden Sie die Casino-bossy-App herunter<\/button><\/div><div class=\"scrollable-content-wrap my-5\"><div class=\"scrollable-content-inner\"><h2>FAQ<\/h2>\n<h3>Was soll ich tun, wenn die App st\u00e4ndig abst\u00fcrzt?<\/h3>\n<p>Wenn die Casinobossy-App abst\u00fcrzt, \u00fcberpr\u00fcfen Sie Ihre Internetverbindung. Ein Neustart Ihres Ger\u00e4ts oder das L\u00f6schen des Cache Ihres Browsers kann zu einer besseren Funktion beitragen. Wenn Sie vor\u00fcbergehende Probleme haben, melden Sie sich von Ihrem Konto ab und dann wieder an. Wenn das Problem weiterhin besteht, wenden Sie sich \u00fcber den Live-Chat oder per E-Mail an das Support-Team von Casinobossy Casino. Das Support-Team kann Ihnen bei der L\u00f6sung technischer Probleme helfen.<\/p>\n<h3>Sind meine Einzahlungen sicher, wenn ich die mobile App verwende?<\/h3>\n<p>Ja, alle Einzahlungen \u00fcber die Casinobossy-App sind absolut sicher. Die Casinobossy Casino-Software verf\u00fcgt \u00fcber sichere Zahlungsmechanismen und Verschl\u00fcsselung. Unsere Entwickler verwenden die neuesten Sicherheitsmethoden, um Ihre Finanzdaten zu sch\u00fctzen. Die Transaktionen werden von gepr\u00fcften, PCI-konformen Anbietern abgewickelt.<\/p>\n<h3>Warum sollte ich die offizielle App anstelle der Website verwenden?<\/h3>\n<p>Die offizielle Casinobossy-App ist bequemer zu bedienen. Sie \u00f6ffnet sich sofort auf dem Startbildschirm, ohne dass ein Browser ge\u00f6ffnet werden muss. In der App k\u00f6nnen Spieler Benachrichtigungen \u00fcber Boni und ihren Spielfortschritt erhalten. Sie k\u00f6nnen beispielsweise eine Benachrichtigung \u00fcber den Gewinn eines Turniers oder \u00fcber ein VIP-Statusgeschenk f\u00fcr Sie im Rahmen einer Werbeaktion erhalten. Die Casinobossy Casino-App hat die gleichen Funktionen wie die Website, bietet jedoch einen schnelleren Zugriff.<\/p>\n<\/div><\/div><\/p>\n","protected":false},"excerpt":{"rendered":"<p>Casinobossy Mobile App Die Casinobossy App wurde entwickelt, um jederzeit schnellen Zugriff auf Casinospiele zu erm\u00f6glichen. Mit ihr stehen Ihnen alle Casino-Funktionen zur Verf\u00fcgung, egal wo Sie sich gerade befinden. Alle Spielfunktionen sind in einer verbesserten mobilen Benutzeroberfl\u00e4che verf\u00fcgbar. Die Software ist f\u00fcr schnelles Laden auf Smartphones und Tablets optimiert. Vorteile der Casinobossy App Die [&hellip;]<\/p>\n","protected":false},"author":1,"featured_media":0,"parent":0,"menu_order":0,"comment_status":"closed","ping_status":"closed","template":"template-builder.php","meta":{"_acf_changed":false,"inline_featured_image":false,"footnotes":""},"class_list":["post-1453","page","type-page","status-publish","hentry"],"acf":[],"yoast_head":"<!-- This site is optimized with the Yoast SEO plugin v27.3 - https:\/\/yoast.com\/product\/yoast-seo-wordpress\/ -->\n<title>Casinobossy App f\u00fcr iOS &amp; Android<\/title>\n<meta name=\"description\" content=\"Die Casino Bossy App bringt all Ihre Lieblings-Slots, Jackpots und Live-Dealer-Tische direkt auf Ihre iOS- und Android-Ger\u00e4te. Sofortiger Zugriff und sichere Zahlungen machen mobiles Spielen kinderleicht.\" \/>\n<meta name=\"robots\" content=\"index, follow, max-snippet:-1, max-image-preview:large, max-video-preview:-1\" \/>\n<link rel=\"canonical\" href=\"https:\/\/casino-bossy.org\/de\/app\/\" \/>\n<meta property=\"og:locale\" content=\"de_DE\" \/>\n<meta property=\"og:type\" content=\"article\" \/>\n<meta property=\"og:title\" content=\"Casinobossy App f\u00fcr iOS &amp; Android\" \/>\n<meta property=\"og:description\" content=\"Die Casino Bossy App bringt all Ihre Lieblings-Slots, Jackpots und Live-Dealer-Tische direkt auf Ihre iOS- und Android-Ger\u00e4te. Sofortiger Zugriff und sichere Zahlungen machen mobiles Spielen kinderleicht.\" \/>\n<meta property=\"og:url\" content=\"https:\/\/casino-bossy.org\/de\/app\/\" \/>\n<meta property=\"og:site_name\" content=\"casinobossy\" \/>\n<meta property=\"article:modified_time\" content=\"2026-02-19T11:12:50+00:00\" \/>\n<meta name=\"twitter:card\" content=\"summary_large_image\" \/>\n<meta name=\"twitter:label1\" content=\"Gesch\u00e4tzte Lesezeit\" \/>\n\t<meta name=\"twitter:data1\" content=\"1\u00a0Minute\" \/>\n<script type=\"application\/ld+json\" class=\"yoast-schema-graph\">{\"@context\":\"https:\\\/\\\/schema.org\",\"@graph\":[{\"@type\":\"WebPage\",\"@id\":\"https:\\\/\\\/casino-bossy.org\\\/de\\\/app\\\/\",\"url\":\"https:\\\/\\\/casino-bossy.org\\\/de\\\/app\\\/\",\"name\":\"Casinobossy App f\u00fcr iOS & Android\",\"isPartOf\":{\"@id\":\"https:\\\/\\\/casino-bossy.org\\\/de\\\/#website\"},\"datePublished\":\"2026-02-19T10:40:23+00:00\",\"dateModified\":\"2026-02-19T11:12:50+00:00\",\"description\":\"Die Casino Bossy App bringt all Ihre Lieblings-Slots, Jackpots und Live-Dealer-Tische direkt auf Ihre iOS- und Android-Ger\u00e4te. Sofortiger Zugriff und sichere Zahlungen machen mobiles Spielen kinderleicht.\",\"breadcrumb\":{\"@id\":\"https:\\\/\\\/casino-bossy.org\\\/de\\\/app\\\/#breadcrumb\"},\"inLanguage\":\"de\",\"potentialAction\":[{\"@type\":\"ReadAction\",\"target\":[\"https:\\\/\\\/casino-bossy.org\\\/de\\\/app\\\/\"]}]},{\"@type\":\"BreadcrumbList\",\"@id\":\"https:\\\/\\\/casino-bossy.org\\\/de\\\/app\\\/#breadcrumb\",\"itemListElement\":[{\"@type\":\"ListItem\",\"position\":1,\"name\":\"Casinobossy\",\"item\":\"https:\\\/\\\/casino-bossy.org\\\/de\\\/\"},{\"@type\":\"ListItem\",\"position\":2,\"name\":\"App\"}]},{\"@type\":\"WebSite\",\"@id\":\"https:\\\/\\\/casino-bossy.org\\\/de\\\/#website\",\"url\":\"https:\\\/\\\/casino-bossy.org\\\/de\\\/\",\"name\":\"Casinobossy\",\"description\":\"\",\"publisher\":{\"@id\":\"https:\\\/\\\/casino-bossy.org\\\/de\\\/#organization\"},\"potentialAction\":[{\"@type\":\"SearchAction\",\"target\":{\"@type\":\"EntryPoint\",\"urlTemplate\":\"https:\\\/\\\/casino-bossy.org\\\/de\\\/?s={search_term_string}\"},\"query-input\":{\"@type\":\"PropertyValueSpecification\",\"valueRequired\":true,\"valueName\":\"search_term_string\"}}],\"inLanguage\":\"de\"},{\"@type\":\"Organization\",\"@id\":\"https:\\\/\\\/casino-bossy.org\\\/de\\\/#organization\",\"name\":\"Casinobossy\",\"url\":\"https:\\\/\\\/casino-bossy.org\\\/de\\\/\",\"logo\":{\"@type\":\"ImageObject\",\"inLanguage\":\"de\",\"@id\":\"https:\\\/\\\/casino-bossy.org\\\/de\\\/#\\\/schema\\\/logo\\\/image\\\/\",\"url\":\"https:\\\/\\\/casino-bossy.org\\\/wp-content\\\/uploads\\\/2026\\\/02\\\/Casinobossy-logo.png\",\"contentUrl\":\"https:\\\/\\\/casino-bossy.org\\\/wp-content\\\/uploads\\\/2026\\\/02\\\/Casinobossy-logo.png\",\"width\":94,\"height\":20,\"caption\":\"Casinobossy\"},\"image\":{\"@id\":\"https:\\\/\\\/casino-bossy.org\\\/de\\\/#\\\/schema\\\/logo\\\/image\\\/\"}}]}<\/script>\n<!-- \/ Yoast SEO plugin. -->","yoast_head_json":{"title":"Casinobossy App f\u00fcr iOS & Android","description":"Die Casino Bossy App bringt all Ihre Lieblings-Slots, Jackpots und Live-Dealer-Tische direkt auf Ihre iOS- und Android-Ger\u00e4te. Sofortiger Zugriff und sichere Zahlungen machen mobiles Spielen kinderleicht.","robots":{"index":"index","follow":"follow","max-snippet":"max-snippet:-1","max-image-preview":"max-image-preview:large","max-video-preview":"max-video-preview:-1"},"canonical":"https:\/\/casino-bossy.org\/de\/app\/","og_locale":"de_DE","og_type":"article","og_title":"Casinobossy App f\u00fcr iOS & Android","og_description":"Die Casino Bossy App bringt all Ihre Lieblings-Slots, Jackpots und Live-Dealer-Tische direkt auf Ihre iOS- und Android-Ger\u00e4te. Sofortiger Zugriff und sichere Zahlungen machen mobiles Spielen kinderleicht.","og_url":"https:\/\/casino-bossy.org\/de\/app\/","og_site_name":"casinobossy","article_modified_time":"2026-02-19T11:12:50+00:00","twitter_card":"summary_large_image","twitter_misc":{"Gesch\u00e4tzte Lesezeit":"1\u00a0Minute"},"schema":{"@context":"https:\/\/schema.org","@graph":[{"@type":"WebPage","@id":"https:\/\/casino-bossy.org\/de\/app\/","url":"https:\/\/casino-bossy.org\/de\/app\/","name":"Casinobossy App f\u00fcr iOS & Android","isPartOf":{"@id":"https:\/\/casino-bossy.org\/de\/#website"},"datePublished":"2026-02-19T10:40:23+00:00","dateModified":"2026-02-19T11:12:50+00:00","description":"Die Casino Bossy App bringt all Ihre Lieblings-Slots, Jackpots und Live-Dealer-Tische direkt auf Ihre iOS- und Android-Ger\u00e4te. Sofortiger Zugriff und sichere Zahlungen machen mobiles Spielen kinderleicht.","breadcrumb":{"@id":"https:\/\/casino-bossy.org\/de\/app\/#breadcrumb"},"inLanguage":"de","potentialAction":[{"@type":"ReadAction","target":["https:\/\/casino-bossy.org\/de\/app\/"]}]},{"@type":"BreadcrumbList","@id":"https:\/\/casino-bossy.org\/de\/app\/#breadcrumb","itemListElement":[{"@type":"ListItem","position":1,"name":"Casinobossy","item":"https:\/\/casino-bossy.org\/de\/"},{"@type":"ListItem","position":2,"name":"App"}]},{"@type":"WebSite","@id":"https:\/\/casino-bossy.org\/de\/#website","url":"https:\/\/casino-bossy.org\/de\/","name":"Casinobossy","description":"","publisher":{"@id":"https:\/\/casino-bossy.org\/de\/#organization"},"potentialAction":[{"@type":"SearchAction","target":{"@type":"EntryPoint","urlTemplate":"https:\/\/casino-bossy.org\/de\/?s={search_term_string}"},"query-input":{"@type":"PropertyValueSpecification","valueRequired":true,"valueName":"search_term_string"}}],"inLanguage":"de"},{"@type":"Organization","@id":"https:\/\/casino-bossy.org\/de\/#organization","name":"Casinobossy","url":"https:\/\/casino-bossy.org\/de\/","logo":{"@type":"ImageObject","inLanguage":"de","@id":"https:\/\/casino-bossy.org\/de\/#\/schema\/logo\/image\/","url":"https:\/\/casino-bossy.org\/wp-content\/uploads\/2026\/02\/Casinobossy-logo.png","contentUrl":"https:\/\/casino-bossy.org\/wp-content\/uploads\/2026\/02\/Casinobossy-logo.png","width":94,"height":20,"caption":"Casinobossy"},"image":{"@id":"https:\/\/casino-bossy.org\/de\/#\/schema\/logo\/image\/"}}]}},"_links":{"self":[{"href":"https:\/\/casino-bossy.org\/de\/wp-json\/wp\/v2\/pages\/1453","targetHints":{"allow":["GET"]}}],"collection":[{"href":"https:\/\/casino-bossy.org\/de\/wp-json\/wp\/v2\/pages"}],"about":[{"href":"https:\/\/casino-bossy.org\/de\/wp-json\/wp\/v2\/types\/page"}],"author":[{"embeddable":true,"href":"https:\/\/casino-bossy.org\/de\/wp-json\/wp\/v2\/users\/1"}],"replies":[{"embeddable":true,"href":"https:\/\/casino-bossy.org\/de\/wp-json\/wp\/v2\/comments?post=1453"}],"version-history":[{"count":2,"href":"https:\/\/casino-bossy.org\/de\/wp-json\/wp\/v2\/pages\/1453\/revisions"}],"predecessor-version":[{"id":1510,"href":"https:\/\/casino-bossy.org\/de\/wp-json\/wp\/v2\/pages\/1453\/revisions\/1510"}],"wp:attachment":[{"href":"https:\/\/casino-bossy.org\/de\/wp-json\/wp\/v2\/media?parent=1453"}],"curies":[{"name":"wp","href":"https:\/\/api.w.org\/{rel}","templated":true}]}}