{"id":1489,"date":"2026-02-19T10:44:22","date_gmt":"2026-02-19T10:44:22","guid":{"rendered":"https:\/\/casino-bossy.org\/login-and-registration\/"},"modified":"2026-02-19T11:14:51","modified_gmt":"2026-02-19T11:14:51","slug":"anmeldung-und-registrierung","status":"publish","type":"page","link":"https:\/\/casino-bossy.org\/de\/anmeldung-und-registrierung\/","title":{"rendered":"Anmeldung und Registrierung"},"content":{"rendered":"<h1>Registrieren und bei Casinobossy anmelden<\/h1>\n<p>Der Casinobossy Login erfordert nur wenige Klicks. Sobald Sie angemeldet sind, steht Ihnen unser Casino sofort zur Verf\u00fcgung. Spieler k\u00f6nnen alle Funktionen der Plattform \u00fcber ihr Konto nutzen. Die Registrierung kann auf jedem Ger\u00e4t durchgef\u00fchrt werden.<\/p>\n<p><div class=\"banner-wrap\" aria-label=\"Banner\"><img src=\"https:\/\/casino-bossy.org\/wp-content\/uploads\/2026\/02\/Casinobossy-banner-carousel-800\u0445400.webp\" class=\"w-100 d-none d-lg-block img-pc main-banner-img\" alt=\"Casinobossy-banner\" fetchpriority=\"high\" decoding=\"async\"><img src=\"https:\/\/casino-bossy.org\/wp-content\/uploads\/2026\/02\/Mobile-banner.webp\" class=\"w-100 d-none d-md-block d-lg-none main-banner-img\" alt=\"Mobile-banner\" fetchpriority=\"high\" decoding=\"async\"><img src=\"https:\/\/casino-bossy.org\/wp-content\/uploads\/2026\/02\/Mobile-banner.webp\" class=\"w-100 d-md-none\" alt=\"Mobile-banner\" fetchpriority=\"high\" decoding=\"async\"><div class=\"banner-description\">\n<div class=\"banner-title\">Willkommensboni<\/div>\n<p class=\"banner-header-title\">1500 \u20ac<\/p>\n<div class=\"banner-header-AdditionalText\">+ 250 Freispiele<\/div>\n<button data-item=\"homepage_banner_link\" class=\"goto m-button m-gradient-border m-button--primary m-button--large banner-button btn-orange\">\n            <div class=\"m-button-content\">\n                <span>Jetzt anmelden<\/span>\n                <span><\/span>\n            <\/div>\n        <\/button>\n<\/div>\n<div class=\"WelcomePack\">\n<p><img loading=\"lazy\" decoding=\"async\" class=\"alignnone size-full wp-image-1357\" src=\"https:\/\/casino-bossy.org\/wp-content\/uploads\/2026\/02\/welcome-crown.png\" alt=\"welcome crown\" width=\"25\" height=\"26\" \/><\/p>\n<div class=\"WelcomePack-Info\">W\u00f6chentlicher Cashback von bis zu 25 %<\/div>\n<p><img loading=\"lazy\" decoding=\"async\" class=\"alignnone size-full wp-image-1357\" src=\"https:\/\/casino-bossy.org\/wp-content\/uploads\/2026\/02\/welcome-crown.png\" alt=\"welcome crown\" width=\"25\" height=\"26\" \/><\/p>\n<\/div>\n<\/div><div class=\"scrollable-content-wrap my-5\"><div class=\"scrollable-content-inner\"><h2>So melden Sie sich an und verwalten Ihr Profil<\/h2>\n<p>Die Anmeldung bei Ihrem Casinobossy-Casino-Konto ist ganz einfach. Klicken Sie einfach auf die Anmeldeschaltfl\u00e4che in der oberen rechten Ecke unserer Website. Geben Sie dann Ihre registrierte E-Mail-Adresse und Ihr Passwort ein. Danach werden Sie aufgefordert, Ihre Anmeldung zu best\u00e4tigen. Der Anmeldevorgang bei Casinobossy ist auf Computern und Mobilger\u00e4ten identisch. Sie k\u00f6nnen sich von mehreren Ger\u00e4ten aus anmelden, ohne Ihren Fortschritt zu verlieren.<\/p>\n<p>Sobald Sie den Anmeldevorgang bei Casinobossy abgeschlossen haben, haben Sie die Kontrolle \u00fcber Ihr Profil und Zugriff auf die Funktionen der Plattform. Mit einem registrierten Konto haben Sie Zugriff auf \u00fcber 6.000 Spiele: Online-Slots, Tischspiele, Live-Dealer-Spiele und Sofortgewinnspiele. Sie k\u00f6nnen Ein- und Auszahlungen vornehmen und Boni erhalten. Im Profilbereich von Casinobossy Casino k\u00f6nnen Sie au\u00dferdem Ihren Kontostand, Ihre Spielhistorie und Ihre Limits an einem Ort verfolgen.<\/p>\n<h3>Verantwortungsbewusste Tools nutzen<\/h3>\n<p>Unser Team bei Casinobossy stellt Ihnen Tools f\u00fcr verantwortungsbewusstes Spielen zur Verf\u00fcgung, mit denen Sie Ihr Spielverhalten kontrollieren k\u00f6nnen. Diese Funktionen sind einfach zu bedienen und in Ihren Kontoeinstellungen verf\u00fcgbar. Wir haben Tools f\u00fcr verantwortungsbewusstes Spielen hinzugef\u00fcgt, um ein ausgewogenes Spielverhalten zu unterst\u00fctzen.<\/p>\n<ul>\n<li>Einzahlungslimits: Spieler k\u00f6nnen kontrollieren, wie viel Geld sie einzahlen.<\/li>\n<li>Verlustlimits: Sie k\u00f6nnen entscheiden, wie viel Sie bereit sind zu verlieren.<\/li>\n<li>Einsatzlimits: Zur Begrenzung der H\u00f6he von Eins\u00e4tzen.<\/li>\n<li>Sitzungszeitlimits: Sie k\u00f6nnen festlegen, wie lange Sie spielen m\u00f6chten.<\/li>\n<li>Abk\u00fchlungsphasen: F\u00fcr kurze Pausen.<\/li>\n<li>Selbstausschluss: zur langfristigen oder dauerhaften Sperrung Ihres Kontos.<\/li>\n<\/ul>\n<h3>Was tun, wenn Sie Ihre Anmeldedaten vergessen haben<\/h3>\n<p>Wenn Sie Ihre Casinobossy-Anmeldedaten vergessen haben, k\u00f6nnen Sie ganz einfach wieder Zugriff erhalten. Sie k\u00f6nnen Ihr Passwort auf der Casinobossy-Anmeldeseite zur\u00fccksetzen, ohne sich an unseren Kundendienst zu wenden.<\/p>\n<p>Um Ihr Passwort zur\u00fcckzusetzen, gehen Sie wie folgt vor:<\/p>\n<ol>\n<li>Gehen Sie zun\u00e4chst zur Anmeldeseite von Casinobossy.<\/li>\n<li>Klicken Sie dann unter dem Anmeldeformular auf \u201ePasswort vergessen?\u201c.<\/li>\n<li>Danach k\u00f6nnen Sie die E-Mail-Adresse eingeben, die mit Ihrem Konto verkn\u00fcpft ist.<\/li>\n<li>\u00d6ffnen Sie dann die E-Mail mit dem Link zum Zur\u00fccksetzen Ihres Passworts.<\/li>\n<li>Als N\u00e4chstes m\u00fcssen Sie ein neues Passwort erstellen und es best\u00e4tigen.<\/li>\n<li>Jetzt kannst du dich mit deinen neuen Daten anmelden.<\/li>\n<\/ol>\n<p>Sie k\u00f6nnen Ihr Konto nun wieder wie gewohnt nutzen. Bei Fragen k\u00f6nnen Sie sich an den mehrsprachigen Kundendienst von Casinobossy Casino wenden. Sie k\u00f6nnen uns per Live-Chat oder E-Mail kontaktieren.<\/p>\n<h2>So schlie\u00dfen Sie die Kontoverifizierung ab<\/h2>\n<p>Die Kontoverifizierung ist erforderlich, um Gewinne auszuzahlen und Boni zu nutzen. Dieser Vorgang dient dem Schutz Ihres Kontos und der Best\u00e4tigung Ihrer Identit\u00e4t. Der Verifizierungsprozess stellt au\u00dferdem sicher, dass alle Zahlungen sicher abgewickelt werden. Die Verifizierung ist schnell und kann \u00fcber Ihr Casinobossy-Konto durchgef\u00fchrt werden.<\/p>\n<table>\n<tbody>\n<tr>\n<td>Schritt<\/td>\n<td>Was Sie tun m\u00fcssen<\/td>\n<td>Zeitrahmen<\/td>\n<td>Ergebnis<\/td>\n<\/tr>\n<tr>\n<td>Identit\u00e4t Vorbereitung<\/td>\n<td>Bereiten Sie einen g\u00fcltigen Ausweis und einen aktuellen Adressnachweis vor<\/td>\n<td>Einige Minuten<\/td>\n<td>Dateien bereit zur Einreichung<\/td>\n<\/tr>\n<tr>\n<td>Einreichung der Dokumente<\/td>\n<td>Sie k\u00f6nnen Dateien in Ihr Profil hochladen oder von Ihrer registrierten E-Mail-Adresse aus senden.<\/td>\n<td>Einige Minuten<\/td>\n<td>Daten sicher empfangen<\/td>\n<\/tr>\n<tr>\n<td>Konformit\u00e4tspr\u00fcfung<\/td>\n<td>Das Verifizierungsteam \u00fcberpr\u00fcft Ihre Identit\u00e4t und Zahlungsdaten<\/td>\n<td>Bis zu 48 Stunden<\/td>\n<td>Kontofreigabe l\u00e4uft<\/td>\n<\/tr>\n<tr>\n<td>Endg\u00fcltige Genehmigung<\/td>\n<td>Sie erhalten eine Best\u00e4tigungs-E-Mail und eine Benachrichtigung in Ihrem Casino Bossy-Konto<\/td>\n<td>Nach der Genehmigung<\/td>\n<td>Zugang zu Auszahlungen und Boni<\/td>\n<\/tr>\n<\/tbody>\n<\/table>\n<h2>Anmeldung bei Casino Bossy<\/h2>\n<p>Wenn Sie ein Konto bei Casino Bossy erstellen, erhalten Sie vollen Zugriff auf unsere Plattform. Registrierte Benutzer werden durch robuste Sicherheitsma\u00dfnahmen gesch\u00fctzt. Aus Sicherheitsgr\u00fcnden haben wir TLS 1.3, 256-Bit-AES-Verschl\u00fcsselung und Zwei-Faktor-Authentifizierung (2FA) implementiert. Dar\u00fcber hinaus unterst\u00fctzen wir die Pr\u00fcfung des Zufallszahlengenerators (RNG) durch unabh\u00e4ngige Pr\u00fcfer, um die Fairness der Spiele zu gew\u00e4hrleisten. Alle unsere Zahlungen werden ebenfalls gem\u00e4\u00df dem PCI-DSS-Standard verarbeitet. Ihre pers\u00f6nlichen Daten und Zahlungsdetails sind jederzeit sicher. Nach der Registrierung k\u00f6nnen Sie alle unsere Spiele spielen, ein Willkommenspaket erhalten und an unseren Aktionen teilnehmen.<\/p>\n<h3>So richten Sie Ihr Konto ein<\/h3>\n<ol>\n<li>Um die Registrierung bei Casino Bossy zu starten, m\u00fcssen Sie auf die Schaltfl\u00e4che \u201eRegistrieren\u201c klicken.<\/li>\n<li>Anschlie\u00dfend m\u00fcssen Sie Ihre E-Mail-Adresse und Ihr Passwort eingeben und die Allgemeinen Gesch\u00e4ftsbedingungen akzeptieren.<\/li>\n<li>Geben Sie im zweiten Fenster Ihren Vornamen, Ihren Nachnamen, Ihr Geburtsdatum und Ihre Telefonnummer ein.<\/li>\n<li>Klicken Sie nun auf \u201eSpeichern\u201c, um die Registrierung abzuschlie\u00dfen.<\/li>\n<li>Nach der Registrierung k\u00f6nnen Sie den Anmeldevorgang bei Casinobossy abschlie\u00dfen und auf Ihr Konto zugreifen.<\/li>\n<\/ol>\n<h2>FAQ<\/h2>\n<h3>Welche Vorteile habe ich durch die Registrierung?<\/h3>\n<p>Nach der Registrierung erhalten Sie vollen Zugriff auf das Casino Bossy Casino. Registrierte Spieler k\u00f6nnen alle Spiele spielen und an Spielturnieren teilnehmen. Nach der Registrierung k\u00f6nnen Benutzer Gewinne auszahlen lassen und Einzahlungen vornehmen. Jeder neue Benutzer erh\u00e4lt einen Willkommensbonus von 1.500 \u20ac und 250 Freispiele. Mit dem Willkommenspaket k\u00f6nnen Sie Ihr Guthaben f\u00fcr gr\u00f6\u00dfere Eins\u00e4tze erh\u00f6hen.<\/p>\n<h3>Wie aktualisiere ich meine pers\u00f6nlichen Daten oder Sicherheitseinstellungen in meinem Profil?<\/h3>\n<p>Sie k\u00f6nnen Ihre pers\u00f6nlichen Daten und Sicherheitseinstellungen in Ihren Kontoeinstellungen aktualisieren. Nachdem Sie den Anmeldevorgang bei Casinobossy abgeschlossen haben, \u00f6ffnen Sie den Einstellungsbereich Ihres Profils und bearbeiten Sie die erforderlichen Daten. Dort k\u00f6nnen Sie auch die Sicherheitseinstellungen verwalten und Ihr Passwort \u00e4ndern. Sie k\u00f6nnen Ihr Konto selbst verwalten, ohne den Kundensupport zu kontaktieren.<\/p>\n<h3>Welche Dokumente ben\u00f6tige ich f\u00fcr die Kontoverifizierung?<\/h3>\n<p>Um Ihr Konto bei Casinobossy Casino zu verifizieren, ben\u00f6tigen Sie Dokumente, die Ihre Identit\u00e4t und Ihre Adresse best\u00e4tigen. In der Regel handelt es sich dabei um einen Personalausweis oder Reisepass zur Best\u00e4tigung Ihrer Identit\u00e4t. Au\u00dferdem m\u00fcssen Sie Ihre Adresse best\u00e4tigen, beispielsweise mit einer Stromrechnung. Dieses Verfahren dient der Sicherheit der Konten.<\/p>\n<\/div><\/div><\/p>\n","protected":false},"excerpt":{"rendered":"<p>Registrieren und bei Casinobossy anmelden Der Casinobossy Login erfordert nur wenige Klicks. Sobald Sie angemeldet sind, steht Ihnen unser Casino sofort zur Verf\u00fcgung. Spieler k\u00f6nnen alle Funktionen der Plattform \u00fcber ihr Konto nutzen. Die Registrierung kann auf jedem Ger\u00e4t durchgef\u00fchrt werden.<\/p>\n","protected":false},"author":1,"featured_media":0,"parent":0,"menu_order":0,"comment_status":"closed","ping_status":"closed","template":"template-builder.php","meta":{"_acf_changed":false,"inline_featured_image":false,"footnotes":""},"class_list":["post-1489","page","type-page","status-publish","hentry"],"acf":[],"yoast_head":"<!-- This site is optimized with the Yoast SEO plugin v27.3 - https:\/\/yoast.com\/product\/yoast-seo-wordpress\/ -->\n<title>Casinobossy Login | Registrierung &amp; Kontoverwaltung<\/title>\n<meta name=\"description\" content=\"Mit Ihrem Casino Bossy Login haben Sie sicheren Zugriff auf Ihr Profil, Ihr Guthaben und Tausende von Spielen. Neue Nutzer k\u00f6nnen innerhalb von Sekunden ein Konto erstellen und sich schnell verifizieren.\" \/>\n<meta name=\"robots\" content=\"index, follow, max-snippet:-1, max-image-preview:large, max-video-preview:-1\" \/>\n<link rel=\"canonical\" href=\"https:\/\/casino-bossy.org\/de\/anmeldung-und-registrierung\/\" \/>\n<meta property=\"og:locale\" content=\"de_DE\" \/>\n<meta property=\"og:type\" content=\"article\" \/>\n<meta property=\"og:title\" content=\"Casinobossy Login | Registrierung &amp; Kontoverwaltung\" \/>\n<meta property=\"og:description\" content=\"Mit Ihrem Casino Bossy Login haben Sie sicheren Zugriff auf Ihr Profil, Ihr Guthaben und Tausende von Spielen. Neue Nutzer k\u00f6nnen innerhalb von Sekunden ein Konto erstellen und sich schnell verifizieren.\" \/>\n<meta property=\"og:url\" content=\"https:\/\/casino-bossy.org\/de\/anmeldung-und-registrierung\/\" \/>\n<meta property=\"og:site_name\" content=\"casinobossy\" \/>\n<meta property=\"article:modified_time\" content=\"2026-02-19T11:14:51+00:00\" \/>\n<meta name=\"twitter:card\" content=\"summary_large_image\" \/>\n<meta name=\"twitter:label1\" content=\"Gesch\u00e4tzte Lesezeit\" \/>\n\t<meta name=\"twitter:data1\" content=\"1\u00a0Minute\" \/>\n<script type=\"application\/ld+json\" class=\"yoast-schema-graph\">{\"@context\":\"https:\\\/\\\/schema.org\",\"@graph\":[{\"@type\":\"WebPage\",\"@id\":\"https:\\\/\\\/casino-bossy.org\\\/de\\\/anmeldung-und-registrierung\\\/\",\"url\":\"https:\\\/\\\/casino-bossy.org\\\/de\\\/anmeldung-und-registrierung\\\/\",\"name\":\"Casinobossy Login | Registrierung & Kontoverwaltung\",\"isPartOf\":{\"@id\":\"https:\\\/\\\/casino-bossy.org\\\/de\\\/#website\"},\"datePublished\":\"2026-02-19T10:44:22+00:00\",\"dateModified\":\"2026-02-19T11:14:51+00:00\",\"description\":\"Mit Ihrem Casino Bossy Login haben Sie sicheren Zugriff auf Ihr Profil, Ihr Guthaben und Tausende von Spielen. Neue Nutzer k\u00f6nnen innerhalb von Sekunden ein Konto erstellen und sich schnell verifizieren.\",\"breadcrumb\":{\"@id\":\"https:\\\/\\\/casino-bossy.org\\\/de\\\/anmeldung-und-registrierung\\\/#breadcrumb\"},\"inLanguage\":\"de\",\"potentialAction\":[{\"@type\":\"ReadAction\",\"target\":[\"https:\\\/\\\/casino-bossy.org\\\/de\\\/anmeldung-und-registrierung\\\/\"]}]},{\"@type\":\"BreadcrumbList\",\"@id\":\"https:\\\/\\\/casino-bossy.org\\\/de\\\/anmeldung-und-registrierung\\\/#breadcrumb\",\"itemListElement\":[{\"@type\":\"ListItem\",\"position\":1,\"name\":\"Casinobossy\",\"item\":\"https:\\\/\\\/casino-bossy.org\\\/de\\\/\"},{\"@type\":\"ListItem\",\"position\":2,\"name\":\"Anmeldung und Registrierung\"}]},{\"@type\":\"WebSite\",\"@id\":\"https:\\\/\\\/casino-bossy.org\\\/de\\\/#website\",\"url\":\"https:\\\/\\\/casino-bossy.org\\\/de\\\/\",\"name\":\"Casinobossy\",\"description\":\"\",\"publisher\":{\"@id\":\"https:\\\/\\\/casino-bossy.org\\\/de\\\/#organization\"},\"potentialAction\":[{\"@type\":\"SearchAction\",\"target\":{\"@type\":\"EntryPoint\",\"urlTemplate\":\"https:\\\/\\\/casino-bossy.org\\\/de\\\/?s={search_term_string}\"},\"query-input\":{\"@type\":\"PropertyValueSpecification\",\"valueRequired\":true,\"valueName\":\"search_term_string\"}}],\"inLanguage\":\"de\"},{\"@type\":\"Organization\",\"@id\":\"https:\\\/\\\/casino-bossy.org\\\/de\\\/#organization\",\"name\":\"Casinobossy\",\"url\":\"https:\\\/\\\/casino-bossy.org\\\/de\\\/\",\"logo\":{\"@type\":\"ImageObject\",\"inLanguage\":\"de\",\"@id\":\"https:\\\/\\\/casino-bossy.org\\\/de\\\/#\\\/schema\\\/logo\\\/image\\\/\",\"url\":\"https:\\\/\\\/casino-bossy.org\\\/wp-content\\\/uploads\\\/2026\\\/02\\\/Casinobossy-logo.png\",\"contentUrl\":\"https:\\\/\\\/casino-bossy.org\\\/wp-content\\\/uploads\\\/2026\\\/02\\\/Casinobossy-logo.png\",\"width\":94,\"height\":20,\"caption\":\"Casinobossy\"},\"image\":{\"@id\":\"https:\\\/\\\/casino-bossy.org\\\/de\\\/#\\\/schema\\\/logo\\\/image\\\/\"}}]}<\/script>\n<!-- \/ Yoast SEO plugin. -->","yoast_head_json":{"title":"Casinobossy Login | Registrierung & Kontoverwaltung","description":"Mit Ihrem Casino Bossy Login haben Sie sicheren Zugriff auf Ihr Profil, Ihr Guthaben und Tausende von Spielen. Neue Nutzer k\u00f6nnen innerhalb von Sekunden ein Konto erstellen und sich schnell verifizieren.","robots":{"index":"index","follow":"follow","max-snippet":"max-snippet:-1","max-image-preview":"max-image-preview:large","max-video-preview":"max-video-preview:-1"},"canonical":"https:\/\/casino-bossy.org\/de\/anmeldung-und-registrierung\/","og_locale":"de_DE","og_type":"article","og_title":"Casinobossy Login | Registrierung & Kontoverwaltung","og_description":"Mit Ihrem Casino Bossy Login haben Sie sicheren Zugriff auf Ihr Profil, Ihr Guthaben und Tausende von Spielen. Neue Nutzer k\u00f6nnen innerhalb von Sekunden ein Konto erstellen und sich schnell verifizieren.","og_url":"https:\/\/casino-bossy.org\/de\/anmeldung-und-registrierung\/","og_site_name":"casinobossy","article_modified_time":"2026-02-19T11:14:51+00:00","twitter_card":"summary_large_image","twitter_misc":{"Gesch\u00e4tzte Lesezeit":"1\u00a0Minute"},"schema":{"@context":"https:\/\/schema.org","@graph":[{"@type":"WebPage","@id":"https:\/\/casino-bossy.org\/de\/anmeldung-und-registrierung\/","url":"https:\/\/casino-bossy.org\/de\/anmeldung-und-registrierung\/","name":"Casinobossy Login | Registrierung & Kontoverwaltung","isPartOf":{"@id":"https:\/\/casino-bossy.org\/de\/#website"},"datePublished":"2026-02-19T10:44:22+00:00","dateModified":"2026-02-19T11:14:51+00:00","description":"Mit Ihrem Casino Bossy Login haben Sie sicheren Zugriff auf Ihr Profil, Ihr Guthaben und Tausende von Spielen. Neue Nutzer k\u00f6nnen innerhalb von Sekunden ein Konto erstellen und sich schnell verifizieren.","breadcrumb":{"@id":"https:\/\/casino-bossy.org\/de\/anmeldung-und-registrierung\/#breadcrumb"},"inLanguage":"de","potentialAction":[{"@type":"ReadAction","target":["https:\/\/casino-bossy.org\/de\/anmeldung-und-registrierung\/"]}]},{"@type":"BreadcrumbList","@id":"https:\/\/casino-bossy.org\/de\/anmeldung-und-registrierung\/#breadcrumb","itemListElement":[{"@type":"ListItem","position":1,"name":"Casinobossy","item":"https:\/\/casino-bossy.org\/de\/"},{"@type":"ListItem","position":2,"name":"Anmeldung und Registrierung"}]},{"@type":"WebSite","@id":"https:\/\/casino-bossy.org\/de\/#website","url":"https:\/\/casino-bossy.org\/de\/","name":"Casinobossy","description":"","publisher":{"@id":"https:\/\/casino-bossy.org\/de\/#organization"},"potentialAction":[{"@type":"SearchAction","target":{"@type":"EntryPoint","urlTemplate":"https:\/\/casino-bossy.org\/de\/?s={search_term_string}"},"query-input":{"@type":"PropertyValueSpecification","valueRequired":true,"valueName":"search_term_string"}}],"inLanguage":"de"},{"@type":"Organization","@id":"https:\/\/casino-bossy.org\/de\/#organization","name":"Casinobossy","url":"https:\/\/casino-bossy.org\/de\/","logo":{"@type":"ImageObject","inLanguage":"de","@id":"https:\/\/casino-bossy.org\/de\/#\/schema\/logo\/image\/","url":"https:\/\/casino-bossy.org\/wp-content\/uploads\/2026\/02\/Casinobossy-logo.png","contentUrl":"https:\/\/casino-bossy.org\/wp-content\/uploads\/2026\/02\/Casinobossy-logo.png","width":94,"height":20,"caption":"Casinobossy"},"image":{"@id":"https:\/\/casino-bossy.org\/de\/#\/schema\/logo\/image\/"}}]}},"_links":{"self":[{"href":"https:\/\/casino-bossy.org\/de\/wp-json\/wp\/v2\/pages\/1489","targetHints":{"allow":["GET"]}}],"collection":[{"href":"https:\/\/casino-bossy.org\/de\/wp-json\/wp\/v2\/pages"}],"about":[{"href":"https:\/\/casino-bossy.org\/de\/wp-json\/wp\/v2\/types\/page"}],"author":[{"embeddable":true,"href":"https:\/\/casino-bossy.org\/de\/wp-json\/wp\/v2\/users\/1"}],"replies":[{"embeddable":true,"href":"https:\/\/casino-bossy.org\/de\/wp-json\/wp\/v2\/comments?post=1489"}],"version-history":[{"count":2,"href":"https:\/\/casino-bossy.org\/de\/wp-json\/wp\/v2\/pages\/1489\/revisions"}],"predecessor-version":[{"id":1512,"href":"https:\/\/casino-bossy.org\/de\/wp-json\/wp\/v2\/pages\/1489\/revisions\/1512"}],"wp:attachment":[{"href":"https:\/\/casino-bossy.org\/de\/wp-json\/wp\/v2\/media?parent=1489"}],"curies":[{"name":"wp","href":"https:\/\/api.w.org\/{rel}","templated":true}]}}