{"id":1460,"date":"2026-02-19T10:40:23","date_gmt":"2026-02-19T10:40:23","guid":{"rendered":"https:\/\/casino-bossy.org\/app-2\/"},"modified":"2026-02-19T12:15:32","modified_gmt":"2026-02-19T12:15:32","slug":"aplicacion","status":"publish","type":"page","link":"https:\/\/casino-bossy.org\/es\/aplicacion\/","title":{"rendered":"Aplicaci\u00f3n"},"content":{"rendered":"<h1>Aplicaci\u00f3n m\u00f3vil Casinobossy<\/h1>\n<p>Casinobossy app est\u00e1 dise\u00f1ada para ofrecer a los jugadores espa\u00f1oles un acceso r\u00e1pido a los juegos de casino en cualquier momento. Te ofrece todas las funciones del casino est\u00e9s donde est\u00e9s. Todas las funciones del juego est\u00e1n disponibles en una interfaz m\u00f3vil mejorada. El software est\u00e1 optimizado para una carga r\u00e1pida en smartphones y tabletas.<\/p>\n<div class=\"banner-wrap\" aria-label=\"Banner\"><img src=\"https:\/\/casino-bossy.org\/wp-content\/uploads\/2026\/02\/Casinobossy-banner-carousel-800\u0445400.webp\" class=\"w-100 d-none d-lg-block img-pc main-banner-img\" alt=\"Casinobossy-banner\" fetchpriority=\"high\" decoding=\"async\"><img src=\"https:\/\/casino-bossy.org\/wp-content\/uploads\/2026\/02\/Mobile-banner.webp\" class=\"w-100 d-none d-md-block d-lg-none main-banner-img\" alt=\"Mobile-banner\" fetchpriority=\"high\" decoding=\"async\"><img src=\"https:\/\/casino-bossy.org\/wp-content\/uploads\/2026\/02\/Mobile-banner.webp\" class=\"w-100 d-md-none\" alt=\"Mobile-banner\" fetchpriority=\"high\" decoding=\"async\"><div class=\"banner-description\">\n<div class=\"banner-title\">Bonos de bienvenida<\/div>\n<p class=\"banner-header-title\">1500 \u20ac<\/p>\n<div class=\"banner-header-AdditionalText\">+ 250 Tiradas gratis<\/div>\n<button data-item=\"homepage_banner_link\" class=\"goto m-button m-gradient-border m-button--primary m-button--large banner-button btn-orange\">\n            <div class=\"m-button-content\">\n                <span>Reg\u00edstrate ahora<\/span>\n                <span><\/span>\n            <\/div>\n        <\/button>\n<\/div>\n<div class=\"WelcomePack\">\n<p><img loading=\"lazy\" decoding=\"async\" class=\"alignnone size-full wp-image-1358\" src=\"https:\/\/casino-bossy.org\/wp-content\/uploads\/2026\/02\/welcome-crown.png\" alt=\"welcome crown\" width=\"25\" height=\"26\" \/><\/p>\n<div class=\"WelcomePack-Info\">Reembolso semanal de hasta el 25 %<\/div>\n<p><img loading=\"lazy\" decoding=\"async\" class=\"alignnone size-full wp-image-1358\" src=\"https:\/\/casino-bossy.org\/wp-content\/uploads\/2026\/02\/welcome-crown.png\" alt=\"welcome crown\" width=\"25\" height=\"26\" \/><\/p>\n<\/div>\n<\/div>\n<h2>Ventajas de la aplicaci\u00f3n Casinobossy<\/h2>\n<p>La aplicaci\u00f3n Casinobossy lleva la experiencia de juego del casino a tu tel\u00e9fono. Su ventaja sobre la versi\u00f3n para PC o los juegos basados en navegador es que se puede acceder a ella desde cualquier lugar y ofrece notificaciones de la plataforma. La aplicaci\u00f3n se puede iniciar c\u00f3modamente con un solo toque.<\/p>\n<p>Los juegos de PC siguen teniendo sus ventajas, especialmente para los jugadores de Casinobossy Casino que prefieren una pantalla grande. El software m\u00f3vil compensa la pantalla m\u00e1s peque\u00f1a con una carga r\u00e1pida y notificaciones en tiempo real.<\/p>\n<table>\n<tbody>\n<tr>\n<td>Caracter\u00edstica<\/td>\n<td>Aplicaci\u00f3n Casinobossy<\/td>\n<td>Versi\u00f3n para PC<\/td>\n<\/tr>\n<tr>\n<td>Movilidad<\/td>\n<td>Juega desde cualquier lugar<\/td>\n<td>Ubicaci\u00f3n fija<\/td>\n<\/tr>\n<tr>\n<td>Controles<\/td>\n<td>T\u00e1ctiles<\/td>\n<td>Rat\u00f3n y teclado<\/td>\n<\/tr>\n<tr>\n<td>Velocidad de acceso<\/td>\n<td>Inicio con un solo toque<\/td>\n<td>Requiere navegador<\/td>\n<\/tr>\n<tr>\n<td>Notificaciones<\/td>\n<td>Alertas push instant\u00e1neas<\/td>\n<td>Sin alertas push<\/td>\n<\/tr>\n<tr>\n<td>Tama\u00f1o de pantalla<\/td>\n<td>Compacto, optimizado<\/td>\n<td>Grande, vista detallada<\/td>\n<\/tr>\n<tr>\n<td>Uso general<\/td>\n<td>R\u00e1pido y flexible<\/td>\n<td>Estable y tradicional<\/td>\n<\/tr>\n<\/tbody>\n<\/table>\n<p><div class=\"scrollable-content-wrap my-5\"><div class=\"scrollable-content-inner\"><h2>C\u00f3mo jugar a Casino Bossy en iPhone y iPad<\/h2>\n<p>Es f\u00e1cil iniciar Casino Bossy Casino en tu iPhone y iPad. La plataforma est\u00e1 optimizada para dispositivos iOS y funciona en el navegador Safari. No es necesario descargar nada de la App Store ni instalar archivos de gran tama\u00f1o. Puedes crear un icono para Casinobossy Casino en tu pantalla de inicio. La aplicaci\u00f3n web te permite acceder r\u00e1pidamente a los juegos, los bonos y tu cuenta. La versi\u00f3n para iOS admite notificaciones para todas las actualizaciones de la plataforma. El software de Casinobossy Casino ofrece las mismas funciones que la versi\u00f3n de escritorio.<\/p>\n<h3>Instalaci\u00f3n paso a paso de la aplicaci\u00f3n para iOS<\/h3>\n<ol>\n<li>Debes abrir el sitio web de Casino Bossy con el navegador Safari.<\/li>\n<li>A continuaci\u00f3n, debe pulsar el icono Compartir.<\/li>\n<li>Ahora puedes seleccionar \u00abA\u00f1adir a la pantalla de inicio\u00bb en el men\u00fa.<\/li>\n<li>Despu\u00e9s, debes confirmar \u00abA\u00f1adir\u00bb.<\/li>\n<\/ol>\n<p>El icono de la aplicaci\u00f3n Casinobossy aparecer\u00e1 en tu pantalla de inicio y estar\u00e1 listo para usar.<\/p>\n<p><img loading=\"lazy\" decoding=\"async\" src=\"https:\/\/casino-bossy.org\/wp-content\/uploads\/2026\/02\/iOS-app.webp\" alt=\"iOS-app\" width=\"1248\" height=\"536\" \/><\/p>\n<\/div><\/div><div style=\"clear: both\"><\/div><div class=\"d-flex justify-content-center\"><button data-item=\"decouvrez_link\" data-group=\"website_links\" class=\"goto fw-bold rounded-pill btn btn-orange\" aria-label=\"Descarga la aplicaci\u00f3n Casino-bossy\" >Descarga la aplicaci\u00f3n Casino-bossy<\/button><\/div><div class=\"scrollable-content-wrap my-5\"><div class=\"scrollable-content-inner\"><h2>Descarga y uso de la aplicaci\u00f3n en Android<\/h2>\n<p>Descargar y utilizar la aplicaci\u00f3n Casinobossy en Android es muy f\u00e1cil. La aplicaci\u00f3n est\u00e1 dise\u00f1ada como una aplicaci\u00f3n web progresiva (PWA). Nuestra PWA permite una instalaci\u00f3n instant\u00e1nea sin archivos APK ni necesidad de visitar la Play Store. Funciona en todos los dispositivos Android y se puede instalar con solo un par de clics. A trav\u00e9s del software Android, puedes recibir notificaciones sobre eventos importantes en la plataforma y en tu cuenta. El software de Casinobossy Casino proporciona acceso completo a todos los juegos y otras funciones est\u00e9s donde est\u00e9s.<\/p>\n<h3>Caracter\u00edsticas de seguridad y protecci\u00f3n de la aplicaci\u00f3n<\/h3>\n<p>La aplicaci\u00f3n Casinobossy utiliza un cifrado avanzado para proteger los datos. Iniciar sesi\u00f3n en Casinobossy Casino es completamente seguro. Todas las transacciones de nuestros jugadores se comprueban manualmente para confirmar su seguridad. Los jugadores tambi\u00e9n pueden contar con un servicio profesional y asistencia las 24 horas del d\u00eda por parte de nuestro equipo de asistencia multiling\u00fce.<\/p>\n<p><img loading=\"lazy\" decoding=\"async\" src=\"https:\/\/casino-bossy.org\/wp-content\/uploads\/2026\/02\/Android-app.webp\" alt=\"Android-app\" width=\"1248\" height=\"536\" \/><\/p>\n<\/div><\/div><div style=\"clear: both\"><\/div><div class=\"d-flex justify-content-center\"><button data-item=\"decouvrez_link\" data-group=\"website_links\" class=\"goto fw-bold rounded-pill btn btn-orange\" aria-label=\"Descarga la aplicaci\u00f3n Casino-bossy\" >Descarga la aplicaci\u00f3n Casino-bossy<\/button><\/div><div class=\"scrollable-content-wrap my-5\"><div class=\"scrollable-content-inner\"><h2>Casinobossy en PC o Mac<\/h2>\n<p>Casinobossy Casino es f\u00e1cil de abrir desde un PC o Mac y no requiere ninguna instalaci\u00f3n complicada. La plataforma funciona a trav\u00e9s de tu navegador y se puede guardar como un acceso directo en tu escritorio. El acceso directo abre Casinobossy como una aplicaci\u00f3n web independiente. Los usuarios de Windows y macOS obtienen una plataforma estable para pantallas grandes.<\/p>\n<p>La versi\u00f3n de escritorio de Casinobossy Casino cuenta con gr\u00e1ficos detallados y streaming de juegos de casino en vivo de alta calidad. Desde tu PC o Mac, puedes acceder a los juegos, bonificaciones, pagos, configuraci\u00f3n de la cuenta y proceso de verificaci\u00f3n con un solo clic.<\/p>\n<p><img loading=\"lazy\" decoding=\"async\" src=\"https:\/\/casino-bossy.org\/wp-content\/uploads\/2026\/02\/Desktop-1.webp\" alt=\"Desktop\" width=\"1248\" height=\"536\" \/><\/p>\n<\/div><\/div><div style=\"clear: both\"><\/div><div class=\"d-flex justify-content-center\"><button data-item=\"decouvrez_link\" data-group=\"website_links\" class=\"goto fw-bold rounded-pill btn btn-orange\" aria-label=\"Descarga la aplicaci\u00f3n Casino-bossy\" >Descarga la aplicaci\u00f3n Casino-bossy<\/button><\/div><div class=\"scrollable-content-wrap my-5\"><div class=\"scrollable-content-inner\"><h2>Preguntas frecuentes<\/h2>\n<h3>\u00bfQu\u00e9 debo hacer si la aplicaci\u00f3n se bloquea continuamente?<\/h3>\n<p>Si la aplicaci\u00f3n Casinobossy se bloquea, comprueba tu conexi\u00f3n a Internet. Reiniciar tu dispositivo o borrar la cach\u00e9 de tu navegador puede ayudar a que funcione mejor. Si tienes problemas temporales, cierra la sesi\u00f3n de tu cuenta y vuelve a iniciarla. Si el problema persiste, ponte en contacto con el equipo de asistencia de Casinobossy Casino a trav\u00e9s del chat en vivo o por correo electr\u00f3nico. El equipo de asistencia puede ayudarte a resolver problemas t\u00e9cnicos.<\/p>\n<h3>\u00bfMis dep\u00f3sitos son seguros cuando utilizo la aplicaci\u00f3n m\u00f3vil?<\/h3>\n<p>S\u00ed, todos los dep\u00f3sitos realizados a trav\u00e9s de la aplicaci\u00f3n Casinobossy son completamente seguros. El software de Casinobossy Casino cuenta con mecanismos de pago seguros y encriptaci\u00f3n. Nuestros desarrolladores utilizan los \u00faltimos m\u00e9todos de seguridad para mantener a salvo tu informaci\u00f3n financiera. Las transacciones son gestionadas por proveedores verificados que cumplen con la normativa PCI.<\/p>\n<h3>\u00bfPor qu\u00e9 deber\u00eda utilizar la aplicaci\u00f3n oficial en lugar del sitio web?<\/h3>\n<p>La aplicaci\u00f3n oficial de Casinobossy es m\u00e1s c\u00f3moda de usar. Se abre instant\u00e1neamente en la pantalla de inicio sin necesidad de abrir un navegador. En la aplicaci\u00f3n, los jugadores pueden recibir notificaciones sobre bonificaciones y su progreso en el juego. Por ejemplo, puedes recibir una notificaci\u00f3n sobre la victoria en un torneo o sobre un regalo por tu estatus VIP como parte de una promoci\u00f3n. La aplicaci\u00f3n de Casinobossy Casino tiene las mismas funciones que el sitio web, pero con un acceso m\u00e1s r\u00e1pido.<\/p>\n<\/div><\/div><\/p>\n","protected":false},"excerpt":{"rendered":"<p>Aplicaci\u00f3n m\u00f3vil Casinobossy Casinobossy app est\u00e1 dise\u00f1ada para ofrecer a los jugadores espa\u00f1oles un acceso r\u00e1pido a los juegos de casino en cualquier momento. Te ofrece todas las funciones del casino est\u00e9s donde est\u00e9s. Todas las funciones del juego est\u00e1n disponibles en una interfaz m\u00f3vil mejorada. El software est\u00e1 optimizado para una carga r\u00e1pida en [&hellip;]<\/p>\n","protected":false},"author":1,"featured_media":0,"parent":0,"menu_order":0,"comment_status":"closed","ping_status":"closed","template":"template-builder.php","meta":{"_acf_changed":false,"inline_featured_image":false,"footnotes":""},"class_list":["post-1460","page","type-page","status-publish","hentry"],"acf":[],"yoast_head":"<!-- This site is optimized with the Yoast SEO plugin v27.3 - https:\/\/yoast.com\/product\/yoast-seo-wordpress\/ -->\n<title>Casinobossy App para iOS y Android<\/title>\n<meta name=\"description\" content=\"La Casino Bossy App te trae todas tus tragamonedas, jackpots y mesas con crupier en vivo favoritos directamente a tus dispositivos iOS y Android. El acceso instant\u00e1neo y los pagos seguros hacen que jugar en tu m\u00f3vil sea muy f\u00e1cil.\" \/>\n<meta name=\"robots\" content=\"index, follow, max-snippet:-1, max-image-preview:large, max-video-preview:-1\" \/>\n<link rel=\"canonical\" href=\"https:\/\/casino-bossy.org\/es\/aplicacion\/\" \/>\n<meta property=\"og:locale\" content=\"es_ES\" \/>\n<meta property=\"og:type\" content=\"article\" \/>\n<meta property=\"og:title\" content=\"Casinobossy App para iOS y Android\" \/>\n<meta property=\"og:description\" content=\"La Casino Bossy App te trae todas tus tragamonedas, jackpots y mesas con crupier en vivo favoritos directamente a tus dispositivos iOS y Android. El acceso instant\u00e1neo y los pagos seguros hacen que jugar en tu m\u00f3vil sea muy f\u00e1cil.\" \/>\n<meta property=\"og:url\" content=\"https:\/\/casino-bossy.org\/es\/aplicacion\/\" \/>\n<meta property=\"og:site_name\" content=\"casinobossy\" \/>\n<meta property=\"article:modified_time\" content=\"2026-02-19T12:15:32+00:00\" \/>\n<meta name=\"twitter:card\" content=\"summary_large_image\" \/>\n<meta name=\"twitter:label1\" content=\"Est. reading time\" \/>\n\t<meta name=\"twitter:data1\" content=\"1 minute\" \/>\n<script type=\"application\/ld+json\" class=\"yoast-schema-graph\">{\"@context\":\"https:\\\/\\\/schema.org\",\"@graph\":[{\"@type\":\"WebPage\",\"@id\":\"https:\\\/\\\/casino-bossy.org\\\/es\\\/aplicacion\\\/\",\"url\":\"https:\\\/\\\/casino-bossy.org\\\/es\\\/aplicacion\\\/\",\"name\":\"Casinobossy App para iOS y Android\",\"isPartOf\":{\"@id\":\"https:\\\/\\\/casino-bossy.org\\\/es\\\/#website\"},\"datePublished\":\"2026-02-19T10:40:23+00:00\",\"dateModified\":\"2026-02-19T12:15:32+00:00\",\"description\":\"La Casino Bossy App te trae todas tus tragamonedas, jackpots y mesas con crupier en vivo favoritos directamente a tus dispositivos iOS y Android. El acceso instant\u00e1neo y los pagos seguros hacen que jugar en tu m\u00f3vil sea muy f\u00e1cil.\",\"breadcrumb\":{\"@id\":\"https:\\\/\\\/casino-bossy.org\\\/es\\\/aplicacion\\\/#breadcrumb\"},\"inLanguage\":\"es-ES\",\"potentialAction\":[{\"@type\":\"ReadAction\",\"target\":[\"https:\\\/\\\/casino-bossy.org\\\/es\\\/aplicacion\\\/\"]}]},{\"@type\":\"BreadcrumbList\",\"@id\":\"https:\\\/\\\/casino-bossy.org\\\/es\\\/aplicacion\\\/#breadcrumb\",\"itemListElement\":[{\"@type\":\"ListItem\",\"position\":1,\"name\":\"Casinobossy\",\"item\":\"https:\\\/\\\/casino-bossy.org\\\/es\\\/\"},{\"@type\":\"ListItem\",\"position\":2,\"name\":\"Aplicaci\u00f3n\"}]},{\"@type\":\"WebSite\",\"@id\":\"https:\\\/\\\/casino-bossy.org\\\/es\\\/#website\",\"url\":\"https:\\\/\\\/casino-bossy.org\\\/es\\\/\",\"name\":\"Casinobossy\",\"description\":\"\",\"publisher\":{\"@id\":\"https:\\\/\\\/casino-bossy.org\\\/es\\\/#organization\"},\"potentialAction\":[{\"@type\":\"SearchAction\",\"target\":{\"@type\":\"EntryPoint\",\"urlTemplate\":\"https:\\\/\\\/casino-bossy.org\\\/es\\\/?s={search_term_string}\"},\"query-input\":{\"@type\":\"PropertyValueSpecification\",\"valueRequired\":true,\"valueName\":\"search_term_string\"}}],\"inLanguage\":\"es-ES\"},{\"@type\":\"Organization\",\"@id\":\"https:\\\/\\\/casino-bossy.org\\\/es\\\/#organization\",\"name\":\"Casinobossy\",\"url\":\"https:\\\/\\\/casino-bossy.org\\\/es\\\/\",\"logo\":{\"@type\":\"ImageObject\",\"inLanguage\":\"es-ES\",\"@id\":\"https:\\\/\\\/casino-bossy.org\\\/es\\\/#\\\/schema\\\/logo\\\/image\\\/\",\"url\":\"https:\\\/\\\/casino-bossy.org\\\/wp-content\\\/uploads\\\/2026\\\/02\\\/Casinobossy-logo.png\",\"contentUrl\":\"https:\\\/\\\/casino-bossy.org\\\/wp-content\\\/uploads\\\/2026\\\/02\\\/Casinobossy-logo.png\",\"width\":94,\"height\":20,\"caption\":\"Casinobossy\"},\"image\":{\"@id\":\"https:\\\/\\\/casino-bossy.org\\\/es\\\/#\\\/schema\\\/logo\\\/image\\\/\"}}]}<\/script>\n<!-- \/ Yoast SEO plugin. -->","yoast_head_json":{"title":"Casinobossy App para iOS y Android","description":"La Casino Bossy App te trae todas tus tragamonedas, jackpots y mesas con crupier en vivo favoritos directamente a tus dispositivos iOS y Android. El acceso instant\u00e1neo y los pagos seguros hacen que jugar en tu m\u00f3vil sea muy f\u00e1cil.","robots":{"index":"index","follow":"follow","max-snippet":"max-snippet:-1","max-image-preview":"max-image-preview:large","max-video-preview":"max-video-preview:-1"},"canonical":"https:\/\/casino-bossy.org\/es\/aplicacion\/","og_locale":"es_ES","og_type":"article","og_title":"Casinobossy App para iOS y Android","og_description":"La Casino Bossy App te trae todas tus tragamonedas, jackpots y mesas con crupier en vivo favoritos directamente a tus dispositivos iOS y Android. El acceso instant\u00e1neo y los pagos seguros hacen que jugar en tu m\u00f3vil sea muy f\u00e1cil.","og_url":"https:\/\/casino-bossy.org\/es\/aplicacion\/","og_site_name":"casinobossy","article_modified_time":"2026-02-19T12:15:32+00:00","twitter_card":"summary_large_image","twitter_misc":{"Est. reading time":"1 minute"},"schema":{"@context":"https:\/\/schema.org","@graph":[{"@type":"WebPage","@id":"https:\/\/casino-bossy.org\/es\/aplicacion\/","url":"https:\/\/casino-bossy.org\/es\/aplicacion\/","name":"Casinobossy App para iOS y Android","isPartOf":{"@id":"https:\/\/casino-bossy.org\/es\/#website"},"datePublished":"2026-02-19T10:40:23+00:00","dateModified":"2026-02-19T12:15:32+00:00","description":"La Casino Bossy App te trae todas tus tragamonedas, jackpots y mesas con crupier en vivo favoritos directamente a tus dispositivos iOS y Android. El acceso instant\u00e1neo y los pagos seguros hacen que jugar en tu m\u00f3vil sea muy f\u00e1cil.","breadcrumb":{"@id":"https:\/\/casino-bossy.org\/es\/aplicacion\/#breadcrumb"},"inLanguage":"es-ES","potentialAction":[{"@type":"ReadAction","target":["https:\/\/casino-bossy.org\/es\/aplicacion\/"]}]},{"@type":"BreadcrumbList","@id":"https:\/\/casino-bossy.org\/es\/aplicacion\/#breadcrumb","itemListElement":[{"@type":"ListItem","position":1,"name":"Casinobossy","item":"https:\/\/casino-bossy.org\/es\/"},{"@type":"ListItem","position":2,"name":"Aplicaci\u00f3n"}]},{"@type":"WebSite","@id":"https:\/\/casino-bossy.org\/es\/#website","url":"https:\/\/casino-bossy.org\/es\/","name":"Casinobossy","description":"","publisher":{"@id":"https:\/\/casino-bossy.org\/es\/#organization"},"potentialAction":[{"@type":"SearchAction","target":{"@type":"EntryPoint","urlTemplate":"https:\/\/casino-bossy.org\/es\/?s={search_term_string}"},"query-input":{"@type":"PropertyValueSpecification","valueRequired":true,"valueName":"search_term_string"}}],"inLanguage":"es-ES"},{"@type":"Organization","@id":"https:\/\/casino-bossy.org\/es\/#organization","name":"Casinobossy","url":"https:\/\/casino-bossy.org\/es\/","logo":{"@type":"ImageObject","inLanguage":"es-ES","@id":"https:\/\/casino-bossy.org\/es\/#\/schema\/logo\/image\/","url":"https:\/\/casino-bossy.org\/wp-content\/uploads\/2026\/02\/Casinobossy-logo.png","contentUrl":"https:\/\/casino-bossy.org\/wp-content\/uploads\/2026\/02\/Casinobossy-logo.png","width":94,"height":20,"caption":"Casinobossy"},"image":{"@id":"https:\/\/casino-bossy.org\/es\/#\/schema\/logo\/image\/"}}]}},"_links":{"self":[{"href":"https:\/\/casino-bossy.org\/es\/wp-json\/wp\/v2\/pages\/1460","targetHints":{"allow":["GET"]}}],"collection":[{"href":"https:\/\/casino-bossy.org\/es\/wp-json\/wp\/v2\/pages"}],"about":[{"href":"https:\/\/casino-bossy.org\/es\/wp-json\/wp\/v2\/types\/page"}],"author":[{"embeddable":true,"href":"https:\/\/casino-bossy.org\/es\/wp-json\/wp\/v2\/users\/1"}],"replies":[{"embeddable":true,"href":"https:\/\/casino-bossy.org\/es\/wp-json\/wp\/v2\/comments?post=1460"}],"version-history":[{"count":2,"href":"https:\/\/casino-bossy.org\/es\/wp-json\/wp\/v2\/pages\/1460\/revisions"}],"predecessor-version":[{"id":1521,"href":"https:\/\/casino-bossy.org\/es\/wp-json\/wp\/v2\/pages\/1460\/revisions\/1521"}],"wp:attachment":[{"href":"https:\/\/casino-bossy.org\/es\/wp-json\/wp\/v2\/media?parent=1460"}],"curies":[{"name":"wp","href":"https:\/\/api.w.org\/{rel}","templated":true}]}}