{"id":1493,"date":"2026-02-19T10:44:22","date_gmt":"2026-02-19T10:44:22","guid":{"rendered":"https:\/\/casino-bossy.org\/login-and-registration\/"},"modified":"2026-02-19T12:21:24","modified_gmt":"2026-02-19T12:21:24","slug":"inicio-de-sesion-y-registro","status":"publish","type":"page","link":"https:\/\/casino-bossy.org\/es\/inicio-de-sesion-y-registro\/","title":{"rendered":"Inicio de sesi\u00f3n y Registro"},"content":{"rendered":"<h1>Reg\u00edstrese e inicie sesi\u00f3n en Casinobossy<\/h1>\n<p>El proceso de Casinobossy login solo requiere unos pocos clics. Una vez que hayas iniciado sesi\u00f3n, nuestro casino estar\u00e1 disponible de inmediato. Los jugadores espa\u00f1oles pueden utilizar todas las funciones de la plataforma desde su cuenta. El registro se puede completar en cualquier dispositivo.<\/p>\n<p><div class=\"banner-wrap\" aria-label=\"Banner\"><img src=\"https:\/\/casino-bossy.org\/wp-content\/uploads\/2026\/02\/Casinobossy-banner-carousel-800\u0445400.webp\" class=\"w-100 d-none d-lg-block img-pc main-banner-img\" alt=\"Casinobossy-banner\" fetchpriority=\"high\" decoding=\"async\"><img src=\"https:\/\/casino-bossy.org\/wp-content\/uploads\/2026\/02\/Mobile-banner.webp\" class=\"w-100 d-none d-md-block d-lg-none main-banner-img\" alt=\"Mobile-banner\" fetchpriority=\"high\" decoding=\"async\"><img src=\"https:\/\/casino-bossy.org\/wp-content\/uploads\/2026\/02\/Mobile-banner.webp\" class=\"w-100 d-md-none\" alt=\"Mobile-banner\" fetchpriority=\"high\" decoding=\"async\"><div class=\"banner-description\">\n<div class=\"banner-title\">Bonos de bienvenida<\/div>\n<p class=\"banner-header-title\">1500 \u20ac<\/p>\n<div class=\"banner-header-AdditionalText\">+ 250 Tiradas gratis<\/div>\n<button data-item=\"homepage_banner_link\" class=\"goto m-button m-gradient-border m-button--primary m-button--large banner-button btn-orange\">\n            <div class=\"m-button-content\">\n                <span>Reg\u00edstrate ahora<\/span>\n                <span><\/span>\n            <\/div>\n        <\/button>\n<\/div>\n<div class=\"WelcomePack\">\n<p><img loading=\"lazy\" decoding=\"async\" class=\"alignnone size-full wp-image-1358\" src=\"https:\/\/casino-bossy.org\/wp-content\/uploads\/2026\/02\/welcome-crown.png\" alt=\"welcome crown\" width=\"25\" height=\"26\" \/><\/p>\n<div class=\"WelcomePack-Info\">Reembolso semanal de hasta el 25 %<\/div>\n<p><img loading=\"lazy\" decoding=\"async\" class=\"alignnone size-full wp-image-1358\" src=\"https:\/\/casino-bossy.org\/wp-content\/uploads\/2026\/02\/welcome-crown.png\" alt=\"welcome crown\" width=\"25\" height=\"26\" \/><\/p>\n<\/div>\n<\/div><div class=\"scrollable-content-wrap my-5\"><div class=\"scrollable-content-inner\"><h2>C\u00f3mo iniciar sesi\u00f3n y controlar tu perfil<\/h2>\n<p>Iniciar sesi\u00f3n en tu cuenta de Casinobossy Casino es muy f\u00e1cil. Solo tienes que hacer clic en el bot\u00f3n de inicio de sesi\u00f3n situado en la esquina superior derecha de nuestro sitio web. A continuaci\u00f3n, introduce tu direcci\u00f3n de correo electr\u00f3nico y contrase\u00f1a registradas. Despu\u00e9s, se te pedir\u00e1 que confirmes tu inicio de sesi\u00f3n. El proceso de inicio de sesi\u00f3n en Casinobossy es el mismo tanto en ordenadores como en dispositivos m\u00f3viles. Puedes iniciar sesi\u00f3n desde varios dispositivos sin perder tu progreso.<\/p>\n<p>Una vez que haya completado el proceso de inicio de sesi\u00f3n en Casinobossy, tendr\u00e1 control sobre su perfil y acceso a las funciones de la plataforma. Una cuenta registrada le da acceso a m\u00e1s de 6000 juegos: tragamonedas en l\u00ednea, juegos de mesa, juegos con crupier en vivo y juegos con premios instant\u00e1neos. Puede realizar dep\u00f3sitos y retiros y recibir bonificaciones. En la secci\u00f3n de perfil de Casinobossy Casino, tambi\u00e9n puede realizar un seguimiento de su saldo, historial de juego y l\u00edmites en un solo lugar.<\/p>\n<h3>Utiliza herramientas responsables<\/h3>\n<p>Nuestro equipo de Casinobossy proporciona herramientas de juego responsable para ayudarte a controlar tu juego. Estas funciones son f\u00e1ciles de usar y est\u00e1n disponibles en la configuraci\u00f3n de tu cuenta. Hemos a\u00f1adido herramientas de juego responsable para fomentar un juego equilibrado.<\/p>\n<ul>\n<li>L\u00edmites de dep\u00f3sito: los jugadores pueden controlar cu\u00e1nto dinero depositan.<\/li>\n<li>L\u00edmites de p\u00e9rdidas: puedes decidir cu\u00e1nto est\u00e1s dispuesto a perder.<\/li>\n<li>L\u00edmites de apuesta: para restringir el tama\u00f1o de las apuestas.<\/li>\n<li>L\u00edmites de tiempo de sesi\u00f3n: puedes gestionar cu\u00e1nto tiempo juegas.<\/li>\n<li>Periodos de reflexi\u00f3n: para descansos breves.<\/li>\n<li>Autoexclusi\u00f3n: para restringir la cuenta de forma permanente o a largo plazo.<\/li>\n<\/ul>\n<h3>Qu\u00e9 hacer si olvida sus datos de inicio de sesi\u00f3n<\/h3>\n<p>Si ha olvidado sus datos de inicio de sesi\u00f3n en Casinobossy, puede recuperar f\u00e1cilmente el acceso. Puede restablecer su contrase\u00f1a en la p\u00e1gina de inicio de sesi\u00f3n de Casinobossy sin necesidad de ponerse en contacto con nuestro equipo de asistencia.<\/p>\n<p>Para restablecer tu contrase\u00f1a, sigue estos pasos:<\/p>\n<ol>\n<li>Para empezar, ve a la p\u00e1gina de inicio de sesi\u00f3n de Casinobossy.<\/li>\n<li>A continuaci\u00f3n, haz clic en \u00ab\u00bfHas olvidado tu contrase\u00f1a?\u00bb debajo del formulario de inicio de sesi\u00f3n.<\/li>\n<li>A continuaci\u00f3n, escribe la direcci\u00f3n de correo electr\u00f3nico vinculada a tu cuenta.<\/li>\n<li>A continuaci\u00f3n, debe abrir el correo electr\u00f3nico que contiene el enlace para restablecer su contrase\u00f1a.<\/li>\n<li>A continuaci\u00f3n, debe crear una nueva contrase\u00f1a y confirmarla.<\/li>\n<li>Ahora puede iniciar sesi\u00f3n con su nueva informaci\u00f3n.<\/li>\n<\/ol>\n<p>Ya puede seguir utilizando su cuenta. Si tiene alguna pregunta, puede ponerse en contacto con el equipo de asistencia multiling\u00fce de Casinobossy Casino. Puede escribirnos a trav\u00e9s del chat en vivo o por correo electr\u00f3nico.<\/p>\n<h2>C\u00f3mo completar la verificaci\u00f3n de la cuenta<\/h2>\n<p>La verificaci\u00f3n de la cuenta es necesaria para retirar ganancias y utilizar bonificaciones. Este proceso ayuda a proteger su cuenta y a confirmar su identidad. El proceso de verificaci\u00f3n tambi\u00e9n garantiza que todos los pagos se procesen de forma segura. La verificaci\u00f3n es r\u00e1pida y se puede completar a trav\u00e9s de su cuenta de Casinobossy.<\/p>\n<table>\n<tbody>\n<tr>\n<td>Etapa<\/td>\n<td>Lo que debe hacer<\/td>\n<td>Plazo<\/td>\n<td>Resultado<\/td>\n<\/tr>\n<tr>\n<td>Preparaci\u00f3n de la identidad<\/td>\n<td>Prepara un documento de identidad v\u00e1lido y un comprobante de domicilio reciente.<\/td>\n<td>Unos minutos<\/td>\n<td>Archivos listos para enviar<\/td>\n<\/tr>\n<tr>\n<td>Env\u00edo de documentos<\/td>\n<td>Puede cargar los archivos en su perfil o enviarlos desde su correo electr\u00f3nico registrado.<\/td>\n<td>Unos minutos<\/td>\n<td>Datos recibidos de forma segura<\/td>\n<\/tr>\n<tr>\n<td>Comprobaci\u00f3n de cumplimiento<\/td>\n<td>El equipo de verificaci\u00f3n comprueba su identidad y los datos de pago<\/td>\n<td>Hasta 48 horas<\/td>\n<td>Aprobaci\u00f3n de la cuenta en curso<\/td>\n<\/tr>\n<tr>\n<td>Aprobaci\u00f3n final<\/td>\n<td>Reciba el correo electr\u00f3nico de confirmaci\u00f3n y una notificaci\u00f3n en su cuenta de Casino Bossy<\/td>\n<td>Despu\u00e9s de la aprobaci\u00f3n<\/td>\n<td>Acceso a retiros y bonificaciones<\/td>\n<\/tr>\n<\/tbody>\n<\/table>\n<h2>Registrarse en Casino Bossy<\/h2>\n<p>Al crear una cuenta en Casino Bossy, tendr\u00e1s acceso completo a nuestra plataforma. Los usuarios registrados est\u00e1n protegidos por s\u00f3lidas medidas de seguridad. Por motivos de seguridad, hemos implementado TLS 1.3, cifrado AES de 256 bits y autenticaci\u00f3n de dos factores (2FA). Adem\u00e1s, permitimos que auditores independientes comprueben el generador de n\u00fameros aleatorios (RNG) para garantizar la imparcialidad de los juegos. Todos nuestros pagos se procesan de acuerdo con la norma PCI-DSS. Tus datos personales y de pago est\u00e1n siempre seguros. Una vez registrado, podr\u00e1s jugar a todos nuestros juegos, recibir un paquete de bienvenida y participar en nuestras promociones.<\/p>\n<h3>C\u00f3mo configurar tu cuenta<\/h3>\n<ol>\n<li>Para iniciar el registro en Casino Bossy, debe hacer clic en el bot\u00f3n \u00abRegistrarse\u00bb.<\/li>\n<li>A continuaci\u00f3n, debe introducir su correo electr\u00f3nico y contrase\u00f1a y aceptar los T\u00e9rminos y condiciones.<\/li>\n<li>En la segunda ventana, introduce tu nombre, apellidos, fecha de nacimiento y n\u00famero de tel\u00e9fono.<\/li>\n<li>Ahora debes hacer clic en \u00abGuardar\u00bb para completar el registro.<\/li>\n<li>Despu\u00e9s de registrarte, puedes completar el proceso de inicio de sesi\u00f3n en Casinobossy y acceder a tu cuenta.<\/li>\n<\/ol>\n<h2>Preguntas frecuentes<\/h2>\n<h3>\u00bfQu\u00e9 ventajas obtengo al registrarme?<\/h3>\n<p>Despu\u00e9s de registrarte, tendr\u00e1s acceso completo a Casino Bossy Casino. Los jugadores registrados pueden jugar a todos los juegos y participar en torneos. Despu\u00e9s de registrarte, podr\u00e1s retirar tus ganancias y hacer dep\u00f3sitos. Cada nuevo usuario recibe un bono de bienvenida de 1500 \u20ac y 250 tiradas gratis. El paquete de bienvenida te permite aumentar tu saldo para hacer apuestas m\u00e1s grandes.<\/p>\n<h3>\u00bfC\u00f3mo actualizo mi informaci\u00f3n personal o la configuraci\u00f3n de seguridad en mi perfil?<\/h3>\n<p>Puede actualizar su informaci\u00f3n personal y la configuraci\u00f3n de seguridad en la configuraci\u00f3n de su cuenta. Despu\u00e9s de completar el proceso de inicio de sesi\u00f3n en Casinobossy, abra la secci\u00f3n de configuraci\u00f3n de su perfil y edite los datos necesarios. All\u00ed tambi\u00e9n puede gestionar la configuraci\u00f3n de seguridad y cambiar su contrase\u00f1a. Puede controlar su cuenta usted mismo sin necesidad de ponerse en contacto con el servicio de atenci\u00f3n al cliente.<\/p>\n<h3>\u00bfQu\u00e9 documentos necesito para verificar mi cuenta?<\/h3>\n<p>Para verificar tu cuenta en Casinobossy Casino, necesitar\u00e1s documentos que confirmen tu identidad y direcci\u00f3n. Por lo general, se trata de un documento de identidad o pasaporte para confirmar tu identidad. Tambi\u00e9n debes confirmar tu direcci\u00f3n, por ejemplo, con una factura de servicios p\u00fablicos. Este procedimiento ayuda a garantizar la seguridad de las cuentas.<\/p>\n<\/div><\/div><\/p>\n","protected":false},"excerpt":{"rendered":"<p>Reg\u00edstrese e inicie sesi\u00f3n en Casinobossy El proceso de Casinobossy login solo requiere unos pocos clics. Una vez que hayas iniciado sesi\u00f3n, nuestro casino estar\u00e1 disponible de inmediato. Los jugadores espa\u00f1oles pueden utilizar todas las funciones de la plataforma desde su cuenta. El registro se puede completar en cualquier dispositivo.<\/p>\n","protected":false},"author":1,"featured_media":0,"parent":0,"menu_order":0,"comment_status":"closed","ping_status":"closed","template":"template-builder.php","meta":{"_acf_changed":false,"inline_featured_image":false,"footnotes":""},"class_list":["post-1493","page","type-page","status-publish","hentry"],"acf":[],"yoast_head":"<!-- This site is optimized with the Yoast SEO plugin v27.3 - https:\/\/yoast.com\/product\/yoast-seo-wordpress\/ -->\n<title>Casinobossy Login | Registration &amp; Account Management<\/title>\n<meta name=\"description\" content=\"Your Casino Bossy login gives you secure access to your profile, funds, and thousands of games. New users can create an account in seconds with fast verification.\" \/>\n<meta name=\"robots\" content=\"index, follow, max-snippet:-1, max-image-preview:large, max-video-preview:-1\" \/>\n<link rel=\"canonical\" href=\"https:\/\/casino-bossy.org\/es\/inicio-de-sesion-y-registro\/\" \/>\n<meta property=\"og:locale\" content=\"es_ES\" \/>\n<meta property=\"og:type\" content=\"article\" \/>\n<meta property=\"og:title\" content=\"Casinobossy Login | Registration &amp; Account Management\" \/>\n<meta property=\"og:description\" content=\"Your Casino Bossy login gives you secure access to your profile, funds, and thousands of games. New users can create an account in seconds with fast verification.\" \/>\n<meta property=\"og:url\" content=\"https:\/\/casino-bossy.org\/es\/inicio-de-sesion-y-registro\/\" \/>\n<meta property=\"og:site_name\" content=\"casinobossy\" \/>\n<meta property=\"article:modified_time\" content=\"2026-02-19T12:21:24+00:00\" \/>\n<meta name=\"twitter:card\" content=\"summary_large_image\" \/>\n<meta name=\"twitter:label1\" content=\"Est. reading time\" \/>\n\t<meta name=\"twitter:data1\" content=\"1 minute\" \/>\n<script type=\"application\/ld+json\" class=\"yoast-schema-graph\">{\"@context\":\"https:\\\/\\\/schema.org\",\"@graph\":[{\"@type\":\"WebPage\",\"@id\":\"https:\\\/\\\/casino-bossy.org\\\/es\\\/inicio-de-sesion-y-registro\\\/\",\"url\":\"https:\\\/\\\/casino-bossy.org\\\/es\\\/inicio-de-sesion-y-registro\\\/\",\"name\":\"Casinobossy Login | Registration & Account Management\",\"isPartOf\":{\"@id\":\"https:\\\/\\\/casino-bossy.org\\\/es\\\/#website\"},\"datePublished\":\"2026-02-19T10:44:22+00:00\",\"dateModified\":\"2026-02-19T12:21:24+00:00\",\"description\":\"Your Casino Bossy login gives you secure access to your profile, funds, and thousands of games. New users can create an account in seconds with fast verification.\",\"breadcrumb\":{\"@id\":\"https:\\\/\\\/casino-bossy.org\\\/es\\\/inicio-de-sesion-y-registro\\\/#breadcrumb\"},\"inLanguage\":\"es-ES\",\"potentialAction\":[{\"@type\":\"ReadAction\",\"target\":[\"https:\\\/\\\/casino-bossy.org\\\/es\\\/inicio-de-sesion-y-registro\\\/\"]}]},{\"@type\":\"BreadcrumbList\",\"@id\":\"https:\\\/\\\/casino-bossy.org\\\/es\\\/inicio-de-sesion-y-registro\\\/#breadcrumb\",\"itemListElement\":[{\"@type\":\"ListItem\",\"position\":1,\"name\":\"Casinobossy\",\"item\":\"https:\\\/\\\/casino-bossy.org\\\/es\\\/\"},{\"@type\":\"ListItem\",\"position\":2,\"name\":\"Inicio de sesi\u00f3n y Registro\"}]},{\"@type\":\"WebSite\",\"@id\":\"https:\\\/\\\/casino-bossy.org\\\/es\\\/#website\",\"url\":\"https:\\\/\\\/casino-bossy.org\\\/es\\\/\",\"name\":\"Casinobossy\",\"description\":\"\",\"publisher\":{\"@id\":\"https:\\\/\\\/casino-bossy.org\\\/es\\\/#organization\"},\"potentialAction\":[{\"@type\":\"SearchAction\",\"target\":{\"@type\":\"EntryPoint\",\"urlTemplate\":\"https:\\\/\\\/casino-bossy.org\\\/es\\\/?s={search_term_string}\"},\"query-input\":{\"@type\":\"PropertyValueSpecification\",\"valueRequired\":true,\"valueName\":\"search_term_string\"}}],\"inLanguage\":\"es-ES\"},{\"@type\":\"Organization\",\"@id\":\"https:\\\/\\\/casino-bossy.org\\\/es\\\/#organization\",\"name\":\"Casinobossy\",\"url\":\"https:\\\/\\\/casino-bossy.org\\\/es\\\/\",\"logo\":{\"@type\":\"ImageObject\",\"inLanguage\":\"es-ES\",\"@id\":\"https:\\\/\\\/casino-bossy.org\\\/es\\\/#\\\/schema\\\/logo\\\/image\\\/\",\"url\":\"https:\\\/\\\/casino-bossy.org\\\/wp-content\\\/uploads\\\/2026\\\/02\\\/Casinobossy-logo.png\",\"contentUrl\":\"https:\\\/\\\/casino-bossy.org\\\/wp-content\\\/uploads\\\/2026\\\/02\\\/Casinobossy-logo.png\",\"width\":94,\"height\":20,\"caption\":\"Casinobossy\"},\"image\":{\"@id\":\"https:\\\/\\\/casino-bossy.org\\\/es\\\/#\\\/schema\\\/logo\\\/image\\\/\"}}]}<\/script>\n<!-- \/ Yoast SEO plugin. -->","yoast_head_json":{"title":"Casinobossy Login | Registration & Account Management","description":"Your Casino Bossy login gives you secure access to your profile, funds, and thousands of games. New users can create an account in seconds with fast verification.","robots":{"index":"index","follow":"follow","max-snippet":"max-snippet:-1","max-image-preview":"max-image-preview:large","max-video-preview":"max-video-preview:-1"},"canonical":"https:\/\/casino-bossy.org\/es\/inicio-de-sesion-y-registro\/","og_locale":"es_ES","og_type":"article","og_title":"Casinobossy Login | Registration & Account Management","og_description":"Your Casino Bossy login gives you secure access to your profile, funds, and thousands of games. New users can create an account in seconds with fast verification.","og_url":"https:\/\/casino-bossy.org\/es\/inicio-de-sesion-y-registro\/","og_site_name":"casinobossy","article_modified_time":"2026-02-19T12:21:24+00:00","twitter_card":"summary_large_image","twitter_misc":{"Est. reading time":"1 minute"},"schema":{"@context":"https:\/\/schema.org","@graph":[{"@type":"WebPage","@id":"https:\/\/casino-bossy.org\/es\/inicio-de-sesion-y-registro\/","url":"https:\/\/casino-bossy.org\/es\/inicio-de-sesion-y-registro\/","name":"Casinobossy Login | Registration & Account Management","isPartOf":{"@id":"https:\/\/casino-bossy.org\/es\/#website"},"datePublished":"2026-02-19T10:44:22+00:00","dateModified":"2026-02-19T12:21:24+00:00","description":"Your Casino Bossy login gives you secure access to your profile, funds, and thousands of games. New users can create an account in seconds with fast verification.","breadcrumb":{"@id":"https:\/\/casino-bossy.org\/es\/inicio-de-sesion-y-registro\/#breadcrumb"},"inLanguage":"es-ES","potentialAction":[{"@type":"ReadAction","target":["https:\/\/casino-bossy.org\/es\/inicio-de-sesion-y-registro\/"]}]},{"@type":"BreadcrumbList","@id":"https:\/\/casino-bossy.org\/es\/inicio-de-sesion-y-registro\/#breadcrumb","itemListElement":[{"@type":"ListItem","position":1,"name":"Casinobossy","item":"https:\/\/casino-bossy.org\/es\/"},{"@type":"ListItem","position":2,"name":"Inicio de sesi\u00f3n y Registro"}]},{"@type":"WebSite","@id":"https:\/\/casino-bossy.org\/es\/#website","url":"https:\/\/casino-bossy.org\/es\/","name":"Casinobossy","description":"","publisher":{"@id":"https:\/\/casino-bossy.org\/es\/#organization"},"potentialAction":[{"@type":"SearchAction","target":{"@type":"EntryPoint","urlTemplate":"https:\/\/casino-bossy.org\/es\/?s={search_term_string}"},"query-input":{"@type":"PropertyValueSpecification","valueRequired":true,"valueName":"search_term_string"}}],"inLanguage":"es-ES"},{"@type":"Organization","@id":"https:\/\/casino-bossy.org\/es\/#organization","name":"Casinobossy","url":"https:\/\/casino-bossy.org\/es\/","logo":{"@type":"ImageObject","inLanguage":"es-ES","@id":"https:\/\/casino-bossy.org\/es\/#\/schema\/logo\/image\/","url":"https:\/\/casino-bossy.org\/wp-content\/uploads\/2026\/02\/Casinobossy-logo.png","contentUrl":"https:\/\/casino-bossy.org\/wp-content\/uploads\/2026\/02\/Casinobossy-logo.png","width":94,"height":20,"caption":"Casinobossy"},"image":{"@id":"https:\/\/casino-bossy.org\/es\/#\/schema\/logo\/image\/"}}]}},"_links":{"self":[{"href":"https:\/\/casino-bossy.org\/es\/wp-json\/wp\/v2\/pages\/1493","targetHints":{"allow":["GET"]}}],"collection":[{"href":"https:\/\/casino-bossy.org\/es\/wp-json\/wp\/v2\/pages"}],"about":[{"href":"https:\/\/casino-bossy.org\/es\/wp-json\/wp\/v2\/types\/page"}],"author":[{"embeddable":true,"href":"https:\/\/casino-bossy.org\/es\/wp-json\/wp\/v2\/users\/1"}],"replies":[{"embeddable":true,"href":"https:\/\/casino-bossy.org\/es\/wp-json\/wp\/v2\/comments?post=1493"}],"version-history":[{"count":2,"href":"https:\/\/casino-bossy.org\/es\/wp-json\/wp\/v2\/pages\/1493\/revisions"}],"predecessor-version":[{"id":1525,"href":"https:\/\/casino-bossy.org\/es\/wp-json\/wp\/v2\/pages\/1493\/revisions\/1525"}],"wp:attachment":[{"href":"https:\/\/casino-bossy.org\/es\/wp-json\/wp\/v2\/media?parent=1493"}],"curies":[{"name":"wp","href":"https:\/\/api.w.org\/{rel}","templated":true}]}}