{"id":1451,"date":"2026-02-19T10:40:23","date_gmt":"2026-02-19T10:40:23","guid":{"rendered":"https:\/\/casino-bossy.org\/app\/"},"modified":"2026-02-19T13:29:02","modified_gmt":"2026-02-19T13:29:02","slug":"app","status":"publish","type":"page","link":"https:\/\/casino-bossy.org\/fr\/app\/","title":{"rendered":"App"},"content":{"rendered":"<h1>Application mobile Casinobossy<\/h1>\n<p>Casinobossy app est con\u00e7ue pour permettre un acc\u00e8s rapide aux jeux de casino \u00e0 tout moment. Elle vous offre toutes les fonctionnalit\u00e9s du casino, o\u00f9 que vous soyez. Toutes les fonctionnalit\u00e9s du jeu sont disponibles dans une interface mobile am\u00e9lior\u00e9e. Le logiciel est optimis\u00e9 pour un chargement rapide sur les smartphones et les tablettes.<\/p>\n<div class=\"banner-wrap\" aria-label=\"Banner\"><img src=\"https:\/\/casino-bossy.org\/wp-content\/uploads\/2026\/02\/Casinobossy-banner-carousel-800\u0445400.webp\" class=\"w-100 d-none d-lg-block img-pc main-banner-img\" alt=\"Casinobossy-banner\" fetchpriority=\"high\" decoding=\"async\"><img src=\"https:\/\/casino-bossy.org\/wp-content\/uploads\/2026\/02\/Mobile-banner.webp\" class=\"w-100 d-none d-md-block d-lg-none main-banner-img\" alt=\"Mobile-banner\" fetchpriority=\"high\" decoding=\"async\"><img src=\"https:\/\/casino-bossy.org\/wp-content\/uploads\/2026\/02\/Mobile-banner.webp\" class=\"w-100 d-md-none\" alt=\"Mobile-banner\" fetchpriority=\"high\" decoding=\"async\"><div class=\"banner-description\">\n<div class=\"banner-title\">Bonus de bienvenue<\/div>\n<p class=\"banner-header-title\">1000 \u20ac<\/p>\n<div class=\"banner-header-AdditionalText\">+ 100 Tours gratuits<\/div>\n<button data-item=\"homepage_banner_link\" class=\"goto m-button m-gradient-border m-button--primary m-button--large banner-button btn-orange\">\n            <div class=\"m-button-content\">\n                <span>Inscrivez-vous d\u00e8s maintenant<\/span>\n                <span><\/span>\n            <\/div>\n        <\/button>\n<\/div>\n<div class=\"WelcomePack\">\n<p><img loading=\"lazy\" decoding=\"async\" class=\"alignnone size-full wp-image-1537\" src=\"https:\/\/casino-bossy.org\/wp-content\/uploads\/welcome-crown.png\" alt=\"welcome-crown\" width=\"25\" height=\"26\" \/><\/p>\n<div class=\"WelcomePack-Info\">Cashback hebdomadaire jusqu&rsquo;\u00e0 25 %<\/div>\n<p><img loading=\"lazy\" decoding=\"async\" class=\"alignnone size-full wp-image-1537\" src=\"https:\/\/casino-bossy.org\/wp-content\/uploads\/welcome-crown.png\" alt=\"welcome-crown\" width=\"25\" height=\"26\" \/><\/p>\n<\/div>\n<\/div>\n<h2>Avantages de l&rsquo;application Casinobossy<\/h2>\n<p>L&rsquo;application Casinobossy vous permet de profiter de l&rsquo;exp\u00e9rience de jeu du casino sur votre t\u00e9l\u00e9phone. Son avantage par rapport \u00e0 la version PC ou aux jeux sur navigateur est qu&rsquo;elle est accessible de n&rsquo;importe o\u00f9 et qu&rsquo;elle fournit des notifications sur la plateforme. L&rsquo;application peut \u00eatre lanc\u00e9e facilement d&rsquo;une simple pression.<\/p>\n<p>Les jeux sur PC ont toujours leurs avantages, en particulier pour les joueurs de Casinobossy Casino qui pr\u00e9f\u00e8rent un grand \u00e9cran. Le logiciel mobile compense la taille r\u00e9duite de l&rsquo;\u00e9cran par un chargement rapide et des notifications en temps r\u00e9el.<\/p>\n<table>\n<tbody>\n<tr>\n<td>Fonctionnalit\u00e9<\/td>\n<td>Application Casinobossy<\/td>\n<td>Version PC<\/td>\n<\/tr>\n<tr>\n<td>Mobilit\u00e9<\/td>\n<td>Jouez o\u00f9 que vous soyez<\/td>\n<td>Emplacement fixe<\/td>\n<\/tr>\n<tr>\n<td>Commandes<\/td>\n<td>Tactiles<\/td>\n<td>Souris et clavier<\/td>\n<\/tr>\n<tr>\n<td>Vitesse d&rsquo;acc\u00e8s<\/td>\n<td>Lancement en un clic<\/td>\n<td>N\u00e9cessite un navigateur<\/td>\n<\/tr>\n<tr>\n<td>Notifications<\/td>\n<td>Alertes push instantan\u00e9es<\/td>\n<td>Pas d&rsquo;alertes push<\/td>\n<\/tr>\n<tr>\n<td>Taille de l&rsquo;\u00e9cran<\/td>\n<td>Compacte, optimis\u00e9e<\/td>\n<td>Grande, vue d\u00e9taill\u00e9e<\/td>\n<\/tr>\n<tr>\n<td>Utilisation g\u00e9n\u00e9rale<\/td>\n<td>Rapide et flexible<\/td>\n<td>Stable et traditionnelle<\/td>\n<\/tr>\n<\/tbody>\n<\/table>\n<p><div class=\"scrollable-content-wrap my-5\"><div class=\"scrollable-content-inner\"><h2>Comment jouer \u00e0 Casino Bossy sur iPhone et iPad<\/h2>\n<p>Il est facile de lancer Casino Bossy Casino sur votre iPhone et votre iPad. La plateforme est optimis\u00e9e pour les appareils iOS et fonctionne dans le navigateur Safari. Vous n&rsquo;avez pas besoin de t\u00e9l\u00e9charger quoi que ce soit depuis l&rsquo;App Store ni d&rsquo;installer de fichiers volumineux. Vous pouvez cr\u00e9er une ic\u00f4ne pour Casinobossy Casino sur votre \u00e9cran d&rsquo;accueil. L&rsquo;application web vous permet d&rsquo;acc\u00e9der rapidement aux jeux, aux bonus et \u00e0 votre compte. La version iOS prend en charge les notifications pour toutes les mises \u00e0 jour de la plateforme. Le logiciel Casinobossy Casino offre les m\u00eames fonctionnalit\u00e9s que la version de bureau.<\/p>\n<h3>Installation \u00e9tape par \u00e9tape de l&rsquo;application iOS<\/h3>\n<ol>\n<li>Vous devez ouvrir le site web Casino Bossy \u00e0 l&rsquo;aide du navigateur Safari.<\/li>\n<li>Vous devez ensuite appuyer sur l&rsquo;ic\u00f4ne Partager.<\/li>\n<li>Vous pouvez maintenant s\u00e9lectionner Ajouter \u00e0 l&rsquo;\u00e9cran d&rsquo;accueil dans le menu.<\/li>\n<li>Apr\u00e8s cela, vous devez confirmer \u00ab Ajouter \u00bb.<\/li>\n<\/ol>\n<p>L&rsquo;ic\u00f4ne de l&rsquo;application Casinobossy appara\u00eetra sur votre \u00e9cran d&rsquo;accueil et sera pr\u00eate \u00e0 \u00eatre utilis\u00e9e.<\/p>\n<p><img loading=\"lazy\" decoding=\"async\" src=\"https:\/\/casino-bossy.org\/wp-content\/uploads\/2026\/02\/iOS-app.webp\" alt=\"iOS-app\" width=\"1248\" height=\"536\" \/><\/p>\n<\/div><\/div><div style=\"clear: both\"><\/div><div class=\"d-flex justify-content-center\"><button data-item=\"decouvrez_link\" data-group=\"website_links\" class=\"goto fw-bold rounded-pill btn btn-orange\" aria-label=\"T\u00e9l\u00e9chargez l&#039;application Casino-bossy\" >T\u00e9l\u00e9chargez l&#039;application Casino-bossy<\/button><\/div><div class=\"scrollable-content-wrap my-5\"><div class=\"scrollable-content-inner\"><h2>T\u00e9l\u00e9chargement et utilisation de l&rsquo;application sur Android<\/h2>\n<p>Le t\u00e9l\u00e9chargement et l&rsquo;utilisation de l&rsquo;application Casinobossy sur Android sont faciles. L&rsquo;application est con\u00e7ue comme une application web progressive (PWA). Notre PWA permet une installation instantan\u00e9e sans fichiers APK ni visite du Play Store. Elle fonctionne sur tous les appareils Android et peut \u00eatre install\u00e9e en quelques clics seulement. Gr\u00e2ce au logiciel Android, vous pouvez recevoir des notifications concernant les \u00e9v\u00e9nements importants sur la plateforme et dans votre compte. Le logiciel Casinobossy Casino offre un acc\u00e8s complet \u00e0 tous les jeux et autres fonctionnalit\u00e9s, o\u00f9 que vous soyez.<\/p>\n<h3>Fonctionnalit\u00e9s de s\u00e9curit\u00e9 et de s\u00fbret\u00e9 de l&rsquo;application<\/h3>\n<p>L&rsquo;application Casinobossy utilise un cryptage avanc\u00e9 pour prot\u00e9ger les donn\u00e9es. La connexion \u00e0 Casinobossy Casino est totalement s\u00fbre et s\u00e9curis\u00e9e. Toutes les transactions de nos joueurs sont v\u00e9rifi\u00e9es manuellement afin de confirmer leur s\u00e9curit\u00e9. Les joueurs peuvent \u00e9galement compter sur un service professionnel et une assistance 24 heures sur 24 de la part de notre \u00e9quipe d&rsquo;assistance multilingue.<\/p>\n<p><img loading=\"lazy\" decoding=\"async\" src=\"https:\/\/casino-bossy.org\/wp-content\/uploads\/2026\/02\/Android-app.webp\" alt=\"Android-app\" width=\"1248\" height=\"536\" \/><\/p>\n<\/div><\/div><div style=\"clear: both\"><\/div><div class=\"d-flex justify-content-center\"><button data-item=\"decouvrez_link\" data-group=\"website_links\" class=\"goto fw-bold rounded-pill btn btn-orange\" aria-label=\"T\u00e9l\u00e9chargez l&#039;application Casino-bossy\" >T\u00e9l\u00e9chargez l&#039;application Casino-bossy<\/button><\/div><div class=\"scrollable-content-wrap my-5\"><div class=\"scrollable-content-inner\"><h2>Casinobossy sur PC ou Mac<\/h2>\n<p>Casinobossy Casino est facile \u00e0 ouvrir depuis un PC ou un Mac et ne n\u00e9cessite aucune installation compliqu\u00e9e. La plateforme fonctionne via votre navigateur et peut \u00eatre enregistr\u00e9e sous forme de raccourci sur votre bureau. Le raccourci ouvre Casinobossy comme une application web distincte. Les utilisateurs de Windows et macOS b\u00e9n\u00e9ficient d&rsquo;une plateforme stable pour les grands \u00e9crans.<\/p>\n<p>La version bureau du casino Casinobossy offre des graphismes d\u00e9taill\u00e9s et un streaming de jeux de casino en direct de haute qualit\u00e9. Depuis votre PC ou Mac, vous pouvez acc\u00e9der aux jeux, aux bonus, aux paiements, aux param\u00e8tres de votre compte et au processus de v\u00e9rification en un seul clic.<\/p>\n<p><img loading=\"lazy\" decoding=\"async\" src=\"https:\/\/casino-bossy.org\/wp-content\/uploads\/2026\/02\/Desktop-1.webp\" alt=\"Desktop\" width=\"1248\" height=\"536\" \/><\/p>\n<\/div><\/div><div style=\"clear: both\"><\/div><div class=\"d-flex justify-content-center\"><button data-item=\"decouvrez_link\" data-group=\"website_links\" class=\"goto fw-bold rounded-pill btn btn-orange\" aria-label=\"T\u00e9l\u00e9chargez l&#039;application Casino-bossy\" >T\u00e9l\u00e9chargez l&#039;application Casino-bossy<\/button><\/div><div class=\"scrollable-content-wrap my-5\"><div class=\"scrollable-content-inner\"><h2>FAQ<\/h2>\n<h3>Que dois-je faire si l&rsquo;application continue de planter ?<\/h3>\n<p>Si l&rsquo;application Casinobossy plante, v\u00e9rifiez votre connexion Internet. Red\u00e9marrer votre appareil ou vider le cache de votre navigateur peut aider \u00e0 am\u00e9liorer son fonctionnement. Si vous rencontrez des probl\u00e8mes temporaires, d\u00e9connectez-vous de votre compte, puis reconnectez-vous. Si le probl\u00e8me persiste, contactez l&rsquo;\u00e9quipe d&rsquo;assistance de Casinobossy Casino via le chat en direct ou par e-mail. L&rsquo;\u00e9quipe d&rsquo;assistance peut vous aider \u00e0 r\u00e9soudre les probl\u00e8mes techniques.<\/p>\n<h3>Mes d\u00e9p\u00f4ts sont-ils s\u00e9curis\u00e9s lorsque j&rsquo;utilise l&rsquo;application mobile ?<\/h3>\n<p>Oui, tous les d\u00e9p\u00f4ts effectu\u00e9s via l&rsquo;application Casinobossy sont enti\u00e8rement s\u00e9curis\u00e9s. Le logiciel Casinobossy Casino dispose de m\u00e9canismes de paiement s\u00e9curis\u00e9s et d&rsquo;un syst\u00e8me de cryptage. Nos d\u00e9veloppeurs utilisent les derni\u00e8res m\u00e9thodes de s\u00e9curit\u00e9 pour prot\u00e9ger vos informations financi\u00e8res. Les transactions sont trait\u00e9es par des fournisseurs certifi\u00e9s PCI.<\/p>\n<h3>Pourquoi devrais-je utiliser l&rsquo;application officielle plut\u00f4t que le site web ?<\/h3>\n<p>L&rsquo;application officielle Casinobossy est plus pratique \u00e0 utiliser. Elle s&rsquo;ouvre instantan\u00e9ment sur l&rsquo;\u00e9cran d&rsquo;accueil sans avoir \u00e0 ouvrir un navigateur. Dans l&rsquo;application, les joueurs peuvent recevoir des notifications concernant les bonus et leur progression dans le jeu. Par exemple, vous pouvez recevoir une notification vous informant que vous avez remport\u00e9 un tournoi ou que vous avez re\u00e7u un cadeau VIP dans le cadre d&rsquo;une promotion. L&rsquo;application Casinobossy Casino offre les m\u00eames fonctionnalit\u00e9s que le site web, mais avec un acc\u00e8s plus rapide.<\/p>\n<\/div><\/div><\/p>\n","protected":false},"excerpt":{"rendered":"<p>Application mobile Casinobossy Casinobossy app est con\u00e7ue pour permettre un acc\u00e8s rapide aux jeux de casino \u00e0 tout moment. Elle vous offre toutes les fonctionnalit\u00e9s du casino, o\u00f9 que vous soyez. Toutes les fonctionnalit\u00e9s du jeu sont disponibles dans une interface mobile am\u00e9lior\u00e9e. Le logiciel est optimis\u00e9 pour un chargement rapide sur les smartphones et [&hellip;]<\/p>\n","protected":false},"author":1,"featured_media":0,"parent":0,"menu_order":0,"comment_status":"closed","ping_status":"closed","template":"template-builder.php","meta":{"_acf_changed":false,"inline_featured_image":false,"footnotes":""},"class_list":["post-1451","page","type-page","status-publish","hentry"],"acf":[],"yoast_head":"<!-- This site is optimized with the Yoast SEO plugin v27.3 - https:\/\/yoast.com\/product\/yoast-seo-wordpress\/ -->\n<title>Casinobossy App pour iOS et Android<\/title>\n<meta name=\"description\" content=\"Casino Bossy App vous permet de retrouver toutes vos machines \u00e0 sous, jackpots et tables de croupiers en direct pr\u00e9f\u00e9r\u00e9s directement sur vos appareils iOS et Android. Acc\u00e8s instantan\u00e9 et paiements s\u00e9curis\u00e9s pour une exp\u00e9rience de jeu mobile simplifi\u00e9e.\" \/>\n<meta name=\"robots\" content=\"index, follow, max-snippet:-1, max-image-preview:large, max-video-preview:-1\" \/>\n<link rel=\"canonical\" href=\"https:\/\/casino-bossy.org\/fr\/app\/\" \/>\n<meta property=\"og:locale\" content=\"fr_FR\" \/>\n<meta property=\"og:type\" content=\"article\" \/>\n<meta property=\"og:title\" content=\"Casinobossy App pour iOS et Android\" \/>\n<meta property=\"og:description\" content=\"Casino Bossy App vous permet de retrouver toutes vos machines \u00e0 sous, jackpots et tables de croupiers en direct pr\u00e9f\u00e9r\u00e9s directement sur vos appareils iOS et Android. Acc\u00e8s instantan\u00e9 et paiements s\u00e9curis\u00e9s pour une exp\u00e9rience de jeu mobile simplifi\u00e9e.\" \/>\n<meta property=\"og:url\" content=\"https:\/\/casino-bossy.org\/fr\/app\/\" \/>\n<meta property=\"og:site_name\" content=\"casinobossy\" \/>\n<meta property=\"article:modified_time\" content=\"2026-02-19T13:29:02+00:00\" \/>\n<meta name=\"twitter:card\" content=\"summary_large_image\" \/>\n<meta name=\"twitter:label1\" content=\"Dur\u00e9e de lecture estim\u00e9e\" \/>\n\t<meta name=\"twitter:data1\" content=\"1 minute\" \/>\n<script type=\"application\/ld+json\" class=\"yoast-schema-graph\">{\"@context\":\"https:\\\/\\\/schema.org\",\"@graph\":[{\"@type\":\"WebPage\",\"@id\":\"https:\\\/\\\/casino-bossy.org\\\/fr\\\/app\\\/\",\"url\":\"https:\\\/\\\/casino-bossy.org\\\/fr\\\/app\\\/\",\"name\":\"Casinobossy App pour iOS et Android\",\"isPartOf\":{\"@id\":\"https:\\\/\\\/casino-bossy.org\\\/fr\\\/#website\"},\"datePublished\":\"2026-02-19T10:40:23+00:00\",\"dateModified\":\"2026-02-19T13:29:02+00:00\",\"description\":\"Casino Bossy App vous permet de retrouver toutes vos machines \u00e0 sous, jackpots et tables de croupiers en direct pr\u00e9f\u00e9r\u00e9s directement sur vos appareils iOS et Android. Acc\u00e8s instantan\u00e9 et paiements s\u00e9curis\u00e9s pour une exp\u00e9rience de jeu mobile simplifi\u00e9e.\",\"breadcrumb\":{\"@id\":\"https:\\\/\\\/casino-bossy.org\\\/fr\\\/app\\\/#breadcrumb\"},\"inLanguage\":\"fr-FR\",\"potentialAction\":[{\"@type\":\"ReadAction\",\"target\":[\"https:\\\/\\\/casino-bossy.org\\\/fr\\\/app\\\/\"]}]},{\"@type\":\"BreadcrumbList\",\"@id\":\"https:\\\/\\\/casino-bossy.org\\\/fr\\\/app\\\/#breadcrumb\",\"itemListElement\":[{\"@type\":\"ListItem\",\"position\":1,\"name\":\"Casinobossy\",\"item\":\"https:\\\/\\\/casino-bossy.org\\\/fr\\\/\"},{\"@type\":\"ListItem\",\"position\":2,\"name\":\"App\"}]},{\"@type\":\"WebSite\",\"@id\":\"https:\\\/\\\/casino-bossy.org\\\/fr\\\/#website\",\"url\":\"https:\\\/\\\/casino-bossy.org\\\/fr\\\/\",\"name\":\"Casinobossy\",\"description\":\"\",\"publisher\":{\"@id\":\"https:\\\/\\\/casino-bossy.org\\\/fr\\\/#organization\"},\"potentialAction\":[{\"@type\":\"SearchAction\",\"target\":{\"@type\":\"EntryPoint\",\"urlTemplate\":\"https:\\\/\\\/casino-bossy.org\\\/fr\\\/?s={search_term_string}\"},\"query-input\":{\"@type\":\"PropertyValueSpecification\",\"valueRequired\":true,\"valueName\":\"search_term_string\"}}],\"inLanguage\":\"fr-FR\"},{\"@type\":\"Organization\",\"@id\":\"https:\\\/\\\/casino-bossy.org\\\/fr\\\/#organization\",\"name\":\"Casinobossy\",\"url\":\"https:\\\/\\\/casino-bossy.org\\\/fr\\\/\",\"logo\":{\"@type\":\"ImageObject\",\"inLanguage\":\"fr-FR\",\"@id\":\"https:\\\/\\\/casino-bossy.org\\\/fr\\\/#\\\/schema\\\/logo\\\/image\\\/\",\"url\":\"https:\\\/\\\/casino-bossy.org\\\/wp-content\\\/uploads\\\/2026\\\/02\\\/Casinobossy-logo.png\",\"contentUrl\":\"https:\\\/\\\/casino-bossy.org\\\/wp-content\\\/uploads\\\/2026\\\/02\\\/Casinobossy-logo.png\",\"width\":94,\"height\":20,\"caption\":\"Casinobossy\"},\"image\":{\"@id\":\"https:\\\/\\\/casino-bossy.org\\\/fr\\\/#\\\/schema\\\/logo\\\/image\\\/\"}}]}<\/script>\n<!-- \/ Yoast SEO plugin. -->","yoast_head_json":{"title":"Casinobossy App pour iOS et Android","description":"Casino Bossy App vous permet de retrouver toutes vos machines \u00e0 sous, jackpots et tables de croupiers en direct pr\u00e9f\u00e9r\u00e9s directement sur vos appareils iOS et Android. Acc\u00e8s instantan\u00e9 et paiements s\u00e9curis\u00e9s pour une exp\u00e9rience de jeu mobile simplifi\u00e9e.","robots":{"index":"index","follow":"follow","max-snippet":"max-snippet:-1","max-image-preview":"max-image-preview:large","max-video-preview":"max-video-preview:-1"},"canonical":"https:\/\/casino-bossy.org\/fr\/app\/","og_locale":"fr_FR","og_type":"article","og_title":"Casinobossy App pour iOS et Android","og_description":"Casino Bossy App vous permet de retrouver toutes vos machines \u00e0 sous, jackpots et tables de croupiers en direct pr\u00e9f\u00e9r\u00e9s directement sur vos appareils iOS et Android. Acc\u00e8s instantan\u00e9 et paiements s\u00e9curis\u00e9s pour une exp\u00e9rience de jeu mobile simplifi\u00e9e.","og_url":"https:\/\/casino-bossy.org\/fr\/app\/","og_site_name":"casinobossy","article_modified_time":"2026-02-19T13:29:02+00:00","twitter_card":"summary_large_image","twitter_misc":{"Dur\u00e9e de lecture estim\u00e9e":"1 minute"},"schema":{"@context":"https:\/\/schema.org","@graph":[{"@type":"WebPage","@id":"https:\/\/casino-bossy.org\/fr\/app\/","url":"https:\/\/casino-bossy.org\/fr\/app\/","name":"Casinobossy App pour iOS et Android","isPartOf":{"@id":"https:\/\/casino-bossy.org\/fr\/#website"},"datePublished":"2026-02-19T10:40:23+00:00","dateModified":"2026-02-19T13:29:02+00:00","description":"Casino Bossy App vous permet de retrouver toutes vos machines \u00e0 sous, jackpots et tables de croupiers en direct pr\u00e9f\u00e9r\u00e9s directement sur vos appareils iOS et Android. Acc\u00e8s instantan\u00e9 et paiements s\u00e9curis\u00e9s pour une exp\u00e9rience de jeu mobile simplifi\u00e9e.","breadcrumb":{"@id":"https:\/\/casino-bossy.org\/fr\/app\/#breadcrumb"},"inLanguage":"fr-FR","potentialAction":[{"@type":"ReadAction","target":["https:\/\/casino-bossy.org\/fr\/app\/"]}]},{"@type":"BreadcrumbList","@id":"https:\/\/casino-bossy.org\/fr\/app\/#breadcrumb","itemListElement":[{"@type":"ListItem","position":1,"name":"Casinobossy","item":"https:\/\/casino-bossy.org\/fr\/"},{"@type":"ListItem","position":2,"name":"App"}]},{"@type":"WebSite","@id":"https:\/\/casino-bossy.org\/fr\/#website","url":"https:\/\/casino-bossy.org\/fr\/","name":"Casinobossy","description":"","publisher":{"@id":"https:\/\/casino-bossy.org\/fr\/#organization"},"potentialAction":[{"@type":"SearchAction","target":{"@type":"EntryPoint","urlTemplate":"https:\/\/casino-bossy.org\/fr\/?s={search_term_string}"},"query-input":{"@type":"PropertyValueSpecification","valueRequired":true,"valueName":"search_term_string"}}],"inLanguage":"fr-FR"},{"@type":"Organization","@id":"https:\/\/casino-bossy.org\/fr\/#organization","name":"Casinobossy","url":"https:\/\/casino-bossy.org\/fr\/","logo":{"@type":"ImageObject","inLanguage":"fr-FR","@id":"https:\/\/casino-bossy.org\/fr\/#\/schema\/logo\/image\/","url":"https:\/\/casino-bossy.org\/wp-content\/uploads\/2026\/02\/Casinobossy-logo.png","contentUrl":"https:\/\/casino-bossy.org\/wp-content\/uploads\/2026\/02\/Casinobossy-logo.png","width":94,"height":20,"caption":"Casinobossy"},"image":{"@id":"https:\/\/casino-bossy.org\/fr\/#\/schema\/logo\/image\/"}}]}},"_links":{"self":[{"href":"https:\/\/casino-bossy.org\/fr\/wp-json\/wp\/v2\/pages\/1451","targetHints":{"allow":["GET"]}}],"collection":[{"href":"https:\/\/casino-bossy.org\/fr\/wp-json\/wp\/v2\/pages"}],"about":[{"href":"https:\/\/casino-bossy.org\/fr\/wp-json\/wp\/v2\/types\/page"}],"author":[{"embeddable":true,"href":"https:\/\/casino-bossy.org\/fr\/wp-json\/wp\/v2\/users\/1"}],"replies":[{"embeddable":true,"href":"https:\/\/casino-bossy.org\/fr\/wp-json\/wp\/v2\/comments?post=1451"}],"version-history":[{"count":3,"href":"https:\/\/casino-bossy.org\/fr\/wp-json\/wp\/v2\/pages\/1451\/revisions"}],"predecessor-version":[{"id":1635,"href":"https:\/\/casino-bossy.org\/fr\/wp-json\/wp\/v2\/pages\/1451\/revisions\/1635"}],"wp:attachment":[{"href":"https:\/\/casino-bossy.org\/fr\/wp-json\/wp\/v2\/media?parent=1451"}],"curies":[{"name":"wp","href":"https:\/\/api.w.org\/{rel}","templated":true}]}}