{"id":1488,"date":"2026-02-19T10:44:22","date_gmt":"2026-02-19T10:44:22","guid":{"rendered":"https:\/\/casino-bossy.org\/login-and-registration\/"},"modified":"2026-02-19T13:31:23","modified_gmt":"2026-02-19T13:31:23","slug":"connexion-et-inscription","status":"publish","type":"page","link":"https:\/\/casino-bossy.org\/fr\/connexion-et-inscription\/","title":{"rendered":"Connexion et inscription"},"content":{"rendered":"<h1>Inscrivez-vous et connectez-vous \u00e0 Casinobossy<\/h1>\n<p>Casinobossy login ne n\u00e9cessite que quelques clics. Une fois connect\u00e9, notre casino sera imm\u00e9diatement \u00e0 votre disposition. Les joueurs pourront utiliser toutes les fonctionnalit\u00e9s de la plateforme depuis leur compte. L&rsquo;inscription peut \u00eatre effectu\u00e9e sur n&rsquo;importe quel appareil.<\/p>\n<p><div class=\"banner-wrap\" aria-label=\"Banner\"><img src=\"https:\/\/casino-bossy.org\/wp-content\/uploads\/2026\/02\/Casinobossy-banner-carousel-800\u0445400.webp\" class=\"w-100 d-none d-lg-block img-pc main-banner-img\" alt=\"Casinobossy-banner\" fetchpriority=\"high\" decoding=\"async\"><img src=\"https:\/\/casino-bossy.org\/wp-content\/uploads\/2026\/02\/Mobile-banner.webp\" class=\"w-100 d-none d-md-block d-lg-none main-banner-img\" alt=\"Mobile-banner\" fetchpriority=\"high\" decoding=\"async\"><img src=\"https:\/\/casino-bossy.org\/wp-content\/uploads\/2026\/02\/Mobile-banner.webp\" class=\"w-100 d-md-none\" alt=\"Mobile-banner\" fetchpriority=\"high\" decoding=\"async\"><div class=\"banner-description\">\n<div class=\"banner-title\">Bonus de bienvenue<\/div>\n<p class=\"banner-header-title\">1000 \u20ac<\/p>\n<div class=\"banner-header-AdditionalText\">+ 100 Tours gratuits<\/div>\n<button data-item=\"homepage_banner_link\" class=\"goto m-button m-gradient-border m-button--primary m-button--large banner-button btn-orange\">\n            <div class=\"m-button-content\">\n                <span>Inscrivez-vous d\u00e8s maintenant<\/span>\n                <span><\/span>\n            <\/div>\n        <\/button>\n<\/div>\n<div class=\"WelcomePack\">\n<p><img loading=\"lazy\" decoding=\"async\" class=\"alignnone size-full wp-image-1537\" src=\"https:\/\/casino-bossy.org\/wp-content\/uploads\/welcome-crown.png\" alt=\"welcome-crown\" width=\"25\" height=\"26\" \/><\/p>\n<div class=\"WelcomePack-Info\">Cashback hebdomadaire jusqu&rsquo;\u00e0 25 %<\/div>\n<p><img loading=\"lazy\" decoding=\"async\" class=\"alignnone size-full wp-image-1537\" src=\"https:\/\/casino-bossy.org\/wp-content\/uploads\/welcome-crown.png\" alt=\"welcome-crown\" width=\"25\" height=\"26\" \/><\/p>\n<\/div>\n<\/div><div class=\"scrollable-content-wrap my-5\"><div class=\"scrollable-content-inner\"><h2>Comment se connecter et g\u00e9rer votre profil<\/h2>\n<p>Il est facile de se connecter \u00e0 votre compte Casinobossy Casino. Il suffit de cliquer sur le bouton de connexion dans le coin sup\u00e9rieur droit de notre site web. Entrez ensuite votre adresse e-mail et votre mot de passe enregistr\u00e9s. Vous serez ensuite invit\u00e9 \u00e0 confirmer votre connexion. Le processus de connexion \u00e0 Casinobossy est le m\u00eame sur les ordinateurs et les appareils mobiles. Vous pouvez vous connecter \u00e0 partir de plusieurs appareils sans perdre votre progression.<\/p>\n<p>Une fois le processus de connexion \u00e0 Casinobossy termin\u00e9, vous aurez le contr\u00f4le de votre profil et pourrez acc\u00e9der aux fonctionnalit\u00e9s de la plateforme. Un compte enregistr\u00e9 vous donne acc\u00e8s \u00e0 plus de 6 000 jeux : machines \u00e0 sous en ligne, jeux de table, jeux avec croupier en direct et jeux \u00e0 gains instantan\u00e9s. Vous pouvez effectuer des d\u00e9p\u00f4ts et des retraits et recevoir des bonus. Dans la section profil de Casinobossy Casino, vous pouvez \u00e9galement suivre votre solde, votre historique de jeu et vos limites en un seul endroit.<\/p>\n<h3>Utilisez des outils responsables<\/h3>\n<p>Notre \u00e9quipe chez Casinobossy fournit des outils de jeu responsable pour vous aider \u00e0 contr\u00f4ler votre jeu. Ces fonctionnalit\u00e9s sont faciles \u00e0 utiliser et disponibles dans les param\u00e8tres de votre compte. Nous avons ajout\u00e9 des outils de jeu responsable pour favoriser un jeu \u00e9quilibr\u00e9.<\/p>\n<ul>\n<li>Limites de d\u00e9p\u00f4t : les joueurs peuvent contr\u00f4ler le montant qu&rsquo;ils d\u00e9posent.<\/li>\n<li>Limites de perte : vous pouvez d\u00e9cider du montant que vous \u00eates pr\u00eat \u00e0 perdre.<\/li>\n<li>Limites de mise : pour limiter le montant des mises.<\/li>\n<li>Limites de temps de session : vous pouvez g\u00e9rer la dur\u00e9e de votre jeu.<\/li>\n<li>P\u00e9riodes de r\u00e9flexion : pour faire de courtes pauses.<\/li>\n<li>Auto-exclusion : pour une restriction de compte \u00e0 long terme ou permanente.<\/li>\n<\/ul>\n<h3>Que faire si vous oubliez vos identifiants de connexion<\/h3>\n<p>Si vous avez oubli\u00e9 vos identifiants de connexion \u00e0 Casinobossy, vous pouvez facilement les r\u00e9cup\u00e9rer. Vous pouvez r\u00e9initialiser votre mot de passe sur la page de connexion de Casinobossy sans contacter notre \u00e9quipe d&rsquo;assistance.<\/p>\n<p>Pour r\u00e9initialiser votre mot de passe, proc\u00e9dez comme suit :<\/p>\n<ol>\n<li>Pour commencer, rendez-vous sur la page de connexion de Casinobossy.<\/li>\n<li>Ensuite, cliquez sur \u00ab Mot de passe oubli\u00e9 ? \u00bb sous le formulaire de connexion.<\/li>\n<li>Vous pouvez ensuite saisir l&rsquo;adresse e-mail associ\u00e9e \u00e0 votre compte.<\/li>\n<li>Vous devez ensuite ouvrir l&rsquo;e-mail contenant le lien pour r\u00e9initialiser votre mot de passe.<\/li>\n<li>Vous devez ensuite cr\u00e9er un nouveau mot de passe et le confirmer.<\/li>\n<li>Vous pouvez d\u00e9sormais vous connecter avec vos nouvelles informations.<\/li>\n<\/ol>\n<p>Vous pouvez d\u00e9sormais continuer \u00e0 utiliser votre compte. Si vous avez des questions, vous pouvez contacter l&rsquo;\u00e9quipe d&rsquo;assistance multilingue de Casinobossy Casino. Vous pouvez nous \u00e9crire via le chat en direct ou par e-mail.<\/p>\n<h2>Comment proc\u00e9der \u00e0 la v\u00e9rification de votre compte<\/h2>\n<p>La v\u00e9rification du compte est n\u00e9cessaire pour retirer vos gains et utiliser les bonus. Ce processus permet de prot\u00e9ger votre compte et de confirmer votre identit\u00e9. Le processus de v\u00e9rification garantit \u00e9galement que tous les paiements sont trait\u00e9s en toute s\u00e9curit\u00e9. La v\u00e9rification est rapide et peut \u00eatre effectu\u00e9e via votre compte Casinobossy.<\/p>\n<table>\n<tbody>\n<tr>\n<td>\u00c9tape<\/td>\n<td>Ce que vous devez faire<\/td>\n<td>D\u00e9lai<\/td>\n<td>R\u00e9sultat<\/td>\n<\/tr>\n<tr>\n<td>Pr\u00e9paration de l&rsquo;identit\u00e9<\/td>\n<td>Pr\u00e9parez une pi\u00e8ce d&rsquo;identit\u00e9 valide et un justificatif de domicile r\u00e9cent<\/td>\n<td>Quelques minutes<\/td>\n<td>Dossiers pr\u00eats \u00e0 \u00eatre soumis<\/td>\n<\/tr>\n<tr>\n<td>Soumission des documents<\/td>\n<td>Vous pouvez t\u00e9l\u00e9charger les fichiers sur votre profil ou les envoyer depuis votre adresse e-mail enregistr\u00e9e<\/td>\n<td>Quelques minutes<\/td>\n<td>Donn\u00e9es re\u00e7ues en toute s\u00e9curit\u00e9<\/td>\n<\/tr>\n<tr>\n<td>V\u00e9rification de conformit\u00e9<\/td>\n<td>L&rsquo;\u00e9quipe de v\u00e9rification v\u00e9rifie votre identit\u00e9 et vos informations de paiement<\/td>\n<td>Jusqu&rsquo;\u00e0 48 heures<\/td>\n<td>Approbation du compte en cours<\/td>\n<\/tr>\n<tr>\n<td>Approbation finale<\/td>\n<td>Recevez l&rsquo;e-mail de confirmation et une notification dans votre compte Casino Bossy<\/td>\n<td>Apr\u00e8s approbation<\/td>\n<td>Acc\u00e8s aux retraits et aux bonus<\/td>\n<\/tr>\n<\/tbody>\n<\/table>\n<h2>Inscription sur Casino Bossy<\/h2>\n<p>La cr\u00e9ation d&rsquo;un compte sur Casino Bossy vous donne un acc\u00e8s complet \u00e0 notre plateforme. Les utilisateurs enregistr\u00e9s sont prot\u00e9g\u00e9s par des mesures de s\u00e9curit\u00e9 robustes. Pour des raisons de s\u00e9curit\u00e9, nous avons mis en place le protocole TLS 1.3, un cryptage AES 256 bits et une authentification \u00e0 deux facteurs (2FA). De plus, nous soutenons les tests du g\u00e9n\u00e9rateur de nombres al\u00e9atoires (RNG) par des auditeurs ind\u00e9pendants afin de garantir l&rsquo;\u00e9quit\u00e9 des jeux. Tous nos paiements sont \u00e9galement trait\u00e9s conform\u00e9ment \u00e0 la norme PCI-DSS. Vos donn\u00e9es personnelles et vos informations de paiement sont toujours s\u00e9curis\u00e9es. Une fois inscrit, vous pouvez jouer \u00e0 tous nos jeux, recevoir un pack de bienvenue et participer \u00e0 nos promotions.<\/p>\n<h3>Comment cr\u00e9er votre compte<\/h3>\n<ol>\n<li>Pour commencer l&rsquo;inscription \u00e0 Casino Bossy, vous devez cliquer sur le bouton \u00ab S&rsquo;inscrire \u00bb.<\/li>\n<li>Vous devez ensuite saisir votre adresse e-mail et votre mot de passe, puis accepter les conditions g\u00e9n\u00e9rales.<\/li>\n<li>Dans la deuxi\u00e8me fen\u00eatre, entrez votre pr\u00e9nom, votre nom, votre date de naissance et votre num\u00e9ro de t\u00e9l\u00e9phone.<\/li>\n<li>Cliquez ensuite sur \u00ab Enregistrer \u00bb pour terminer l&rsquo;inscription.<\/li>\n<li>Une fois inscrit, vous pouvez vous connecter \u00e0 Casinobossy et acc\u00e9der \u00e0 votre compte.<\/li>\n<\/ol>\n<h2>FAQ<\/h2>\n<h3>Quels sont les avantages de l&rsquo;inscription ?<\/h3>\n<p>Une fois inscrit, vous b\u00e9n\u00e9ficiez d&rsquo;un acc\u00e8s complet au casino Casino Bossy. Les joueurs inscrits peuvent jouer \u00e0 tous les jeux et participer \u00e0 des tournois. Une fois inscrits, les utilisateurs peuvent retirer leurs gains et effectuer des d\u00e9p\u00f4ts. Chaque nouvel utilisateur re\u00e7oit un bonus de bienvenue de 1 500 \u20ac et 250 tours gratuits. Le pack de bienvenue vous permet d&rsquo;augmenter votre solde pour effectuer des paris plus importants.<\/p>\n<h3>Comment mettre \u00e0 jour mes informations personnelles ou mes param\u00e8tres de s\u00e9curit\u00e9 dans mon profil ?<\/h3>\n<p>Vous pouvez mettre \u00e0 jour vos informations personnelles et vos param\u00e8tres de s\u00e9curit\u00e9 dans les param\u00e8tres de votre compte. Apr\u00e8s avoir termin\u00e9 le processus de connexion \u00e0 Casinobossy, ouvrez la section des param\u00e8tres de votre profil et modifiez les donn\u00e9es n\u00e9cessaires. Vous pouvez \u00e9galement y g\u00e9rer les param\u00e8tres de s\u00e9curit\u00e9 et modifier votre mot de passe. Vous pouvez contr\u00f4ler votre compte vous-m\u00eame sans contacter le service client\u00e8le.<\/p>\n<h3>De quels documents ai-je besoin pour v\u00e9rifier mon compte ?<\/h3>\n<p>Pour v\u00e9rifier votre compte sur Casinobossy Casino, vous aurez besoin de documents confirmant votre identit\u00e9 et votre adresse. Il s&rsquo;agit g\u00e9n\u00e9ralement d&rsquo;une carte d&rsquo;identit\u00e9 ou d&rsquo;un passeport pour confirmer votre identit\u00e9. Vous devez \u00e9galement confirmer votre adresse, par exemple avec une facture de services publics. Cette proc\u00e9dure permet de garantir la s\u00e9curit\u00e9 des comptes.<\/p>\n<\/div><\/div><\/p>\n","protected":false},"excerpt":{"rendered":"<p>Inscrivez-vous et connectez-vous \u00e0 Casinobossy Casinobossy login ne n\u00e9cessite que quelques clics. Une fois connect\u00e9, notre casino sera imm\u00e9diatement \u00e0 votre disposition. Les joueurs pourront utiliser toutes les fonctionnalit\u00e9s de la plateforme depuis leur compte. L&rsquo;inscription peut \u00eatre effectu\u00e9e sur n&rsquo;importe quel appareil.<\/p>\n","protected":false},"author":1,"featured_media":0,"parent":0,"menu_order":0,"comment_status":"closed","ping_status":"closed","template":"template-builder.php","meta":{"_acf_changed":false,"inline_featured_image":false,"footnotes":""},"class_list":["post-1488","page","type-page","status-publish","hentry"],"acf":[],"yoast_head":"<!-- This site is optimized with the Yoast SEO plugin v27.3 - https:\/\/yoast.com\/product\/yoast-seo-wordpress\/ -->\n<title>Casinobossy Login | Inscription et gestion de compte<\/title>\n<meta name=\"description\" content=\"Votre Casino Bossy login vous permet d&#039;acc\u00e9der en toute s\u00e9curit\u00e9 \u00e0 votre profil, \u00e0 vos fonds et \u00e0 des milliers de jeux. Les nouveaux utilisateurs peuvent cr\u00e9er un compte en quelques secondes gr\u00e2ce \u00e0 une v\u00e9rification rapide.\" \/>\n<meta name=\"robots\" content=\"index, follow, max-snippet:-1, max-image-preview:large, max-video-preview:-1\" \/>\n<link rel=\"canonical\" href=\"https:\/\/casino-bossy.org\/fr\/connexion-et-inscription\/\" \/>\n<meta property=\"og:locale\" content=\"fr_FR\" \/>\n<meta property=\"og:type\" content=\"article\" \/>\n<meta property=\"og:title\" content=\"Casinobossy Login | Inscription et gestion de compte\" \/>\n<meta property=\"og:description\" content=\"Votre Casino Bossy login vous permet d&#039;acc\u00e9der en toute s\u00e9curit\u00e9 \u00e0 votre profil, \u00e0 vos fonds et \u00e0 des milliers de jeux. Les nouveaux utilisateurs peuvent cr\u00e9er un compte en quelques secondes gr\u00e2ce \u00e0 une v\u00e9rification rapide.\" \/>\n<meta property=\"og:url\" content=\"https:\/\/casino-bossy.org\/fr\/connexion-et-inscription\/\" \/>\n<meta property=\"og:site_name\" content=\"casinobossy\" \/>\n<meta property=\"article:modified_time\" content=\"2026-02-19T13:31:23+00:00\" \/>\n<meta name=\"twitter:card\" content=\"summary_large_image\" \/>\n<meta name=\"twitter:label1\" content=\"Dur\u00e9e de lecture estim\u00e9e\" \/>\n\t<meta name=\"twitter:data1\" content=\"1 minute\" \/>\n<script type=\"application\/ld+json\" class=\"yoast-schema-graph\">{\"@context\":\"https:\\\/\\\/schema.org\",\"@graph\":[{\"@type\":\"WebPage\",\"@id\":\"https:\\\/\\\/casino-bossy.org\\\/fr\\\/connexion-et-inscription\\\/\",\"url\":\"https:\\\/\\\/casino-bossy.org\\\/fr\\\/connexion-et-inscription\\\/\",\"name\":\"Casinobossy Login | Inscription et gestion de compte\",\"isPartOf\":{\"@id\":\"https:\\\/\\\/casino-bossy.org\\\/fr\\\/#website\"},\"datePublished\":\"2026-02-19T10:44:22+00:00\",\"dateModified\":\"2026-02-19T13:31:23+00:00\",\"description\":\"Votre Casino Bossy login vous permet d'acc\u00e9der en toute s\u00e9curit\u00e9 \u00e0 votre profil, \u00e0 vos fonds et \u00e0 des milliers de jeux. Les nouveaux utilisateurs peuvent cr\u00e9er un compte en quelques secondes gr\u00e2ce \u00e0 une v\u00e9rification rapide.\",\"breadcrumb\":{\"@id\":\"https:\\\/\\\/casino-bossy.org\\\/fr\\\/connexion-et-inscription\\\/#breadcrumb\"},\"inLanguage\":\"fr-FR\",\"potentialAction\":[{\"@type\":\"ReadAction\",\"target\":[\"https:\\\/\\\/casino-bossy.org\\\/fr\\\/connexion-et-inscription\\\/\"]}]},{\"@type\":\"BreadcrumbList\",\"@id\":\"https:\\\/\\\/casino-bossy.org\\\/fr\\\/connexion-et-inscription\\\/#breadcrumb\",\"itemListElement\":[{\"@type\":\"ListItem\",\"position\":1,\"name\":\"Casinobossy\",\"item\":\"https:\\\/\\\/casino-bossy.org\\\/fr\\\/\"},{\"@type\":\"ListItem\",\"position\":2,\"name\":\"Connexion et inscription\"}]},{\"@type\":\"WebSite\",\"@id\":\"https:\\\/\\\/casino-bossy.org\\\/fr\\\/#website\",\"url\":\"https:\\\/\\\/casino-bossy.org\\\/fr\\\/\",\"name\":\"Casinobossy\",\"description\":\"\",\"publisher\":{\"@id\":\"https:\\\/\\\/casino-bossy.org\\\/fr\\\/#organization\"},\"potentialAction\":[{\"@type\":\"SearchAction\",\"target\":{\"@type\":\"EntryPoint\",\"urlTemplate\":\"https:\\\/\\\/casino-bossy.org\\\/fr\\\/?s={search_term_string}\"},\"query-input\":{\"@type\":\"PropertyValueSpecification\",\"valueRequired\":true,\"valueName\":\"search_term_string\"}}],\"inLanguage\":\"fr-FR\"},{\"@type\":\"Organization\",\"@id\":\"https:\\\/\\\/casino-bossy.org\\\/fr\\\/#organization\",\"name\":\"Casinobossy\",\"url\":\"https:\\\/\\\/casino-bossy.org\\\/fr\\\/\",\"logo\":{\"@type\":\"ImageObject\",\"inLanguage\":\"fr-FR\",\"@id\":\"https:\\\/\\\/casino-bossy.org\\\/fr\\\/#\\\/schema\\\/logo\\\/image\\\/\",\"url\":\"https:\\\/\\\/casino-bossy.org\\\/wp-content\\\/uploads\\\/2026\\\/02\\\/Casinobossy-logo.png\",\"contentUrl\":\"https:\\\/\\\/casino-bossy.org\\\/wp-content\\\/uploads\\\/2026\\\/02\\\/Casinobossy-logo.png\",\"width\":94,\"height\":20,\"caption\":\"Casinobossy\"},\"image\":{\"@id\":\"https:\\\/\\\/casino-bossy.org\\\/fr\\\/#\\\/schema\\\/logo\\\/image\\\/\"}}]}<\/script>\n<!-- \/ Yoast SEO plugin. -->","yoast_head_json":{"title":"Casinobossy Login | Inscription et gestion de compte","description":"Votre Casino Bossy login vous permet d'acc\u00e9der en toute s\u00e9curit\u00e9 \u00e0 votre profil, \u00e0 vos fonds et \u00e0 des milliers de jeux. Les nouveaux utilisateurs peuvent cr\u00e9er un compte en quelques secondes gr\u00e2ce \u00e0 une v\u00e9rification rapide.","robots":{"index":"index","follow":"follow","max-snippet":"max-snippet:-1","max-image-preview":"max-image-preview:large","max-video-preview":"max-video-preview:-1"},"canonical":"https:\/\/casino-bossy.org\/fr\/connexion-et-inscription\/","og_locale":"fr_FR","og_type":"article","og_title":"Casinobossy Login | Inscription et gestion de compte","og_description":"Votre Casino Bossy login vous permet d'acc\u00e9der en toute s\u00e9curit\u00e9 \u00e0 votre profil, \u00e0 vos fonds et \u00e0 des milliers de jeux. Les nouveaux utilisateurs peuvent cr\u00e9er un compte en quelques secondes gr\u00e2ce \u00e0 une v\u00e9rification rapide.","og_url":"https:\/\/casino-bossy.org\/fr\/connexion-et-inscription\/","og_site_name":"casinobossy","article_modified_time":"2026-02-19T13:31:23+00:00","twitter_card":"summary_large_image","twitter_misc":{"Dur\u00e9e de lecture estim\u00e9e":"1 minute"},"schema":{"@context":"https:\/\/schema.org","@graph":[{"@type":"WebPage","@id":"https:\/\/casino-bossy.org\/fr\/connexion-et-inscription\/","url":"https:\/\/casino-bossy.org\/fr\/connexion-et-inscription\/","name":"Casinobossy Login | Inscription et gestion de compte","isPartOf":{"@id":"https:\/\/casino-bossy.org\/fr\/#website"},"datePublished":"2026-02-19T10:44:22+00:00","dateModified":"2026-02-19T13:31:23+00:00","description":"Votre Casino Bossy login vous permet d'acc\u00e9der en toute s\u00e9curit\u00e9 \u00e0 votre profil, \u00e0 vos fonds et \u00e0 des milliers de jeux. Les nouveaux utilisateurs peuvent cr\u00e9er un compte en quelques secondes gr\u00e2ce \u00e0 une v\u00e9rification rapide.","breadcrumb":{"@id":"https:\/\/casino-bossy.org\/fr\/connexion-et-inscription\/#breadcrumb"},"inLanguage":"fr-FR","potentialAction":[{"@type":"ReadAction","target":["https:\/\/casino-bossy.org\/fr\/connexion-et-inscription\/"]}]},{"@type":"BreadcrumbList","@id":"https:\/\/casino-bossy.org\/fr\/connexion-et-inscription\/#breadcrumb","itemListElement":[{"@type":"ListItem","position":1,"name":"Casinobossy","item":"https:\/\/casino-bossy.org\/fr\/"},{"@type":"ListItem","position":2,"name":"Connexion et inscription"}]},{"@type":"WebSite","@id":"https:\/\/casino-bossy.org\/fr\/#website","url":"https:\/\/casino-bossy.org\/fr\/","name":"Casinobossy","description":"","publisher":{"@id":"https:\/\/casino-bossy.org\/fr\/#organization"},"potentialAction":[{"@type":"SearchAction","target":{"@type":"EntryPoint","urlTemplate":"https:\/\/casino-bossy.org\/fr\/?s={search_term_string}"},"query-input":{"@type":"PropertyValueSpecification","valueRequired":true,"valueName":"search_term_string"}}],"inLanguage":"fr-FR"},{"@type":"Organization","@id":"https:\/\/casino-bossy.org\/fr\/#organization","name":"Casinobossy","url":"https:\/\/casino-bossy.org\/fr\/","logo":{"@type":"ImageObject","inLanguage":"fr-FR","@id":"https:\/\/casino-bossy.org\/fr\/#\/schema\/logo\/image\/","url":"https:\/\/casino-bossy.org\/wp-content\/uploads\/2026\/02\/Casinobossy-logo.png","contentUrl":"https:\/\/casino-bossy.org\/wp-content\/uploads\/2026\/02\/Casinobossy-logo.png","width":94,"height":20,"caption":"Casinobossy"},"image":{"@id":"https:\/\/casino-bossy.org\/fr\/#\/schema\/logo\/image\/"}}]}},"_links":{"self":[{"href":"https:\/\/casino-bossy.org\/fr\/wp-json\/wp\/v2\/pages\/1488","targetHints":{"allow":["GET"]}}],"collection":[{"href":"https:\/\/casino-bossy.org\/fr\/wp-json\/wp\/v2\/pages"}],"about":[{"href":"https:\/\/casino-bossy.org\/fr\/wp-json\/wp\/v2\/types\/page"}],"author":[{"embeddable":true,"href":"https:\/\/casino-bossy.org\/fr\/wp-json\/wp\/v2\/users\/1"}],"replies":[{"embeddable":true,"href":"https:\/\/casino-bossy.org\/fr\/wp-json\/wp\/v2\/comments?post=1488"}],"version-history":[{"count":1,"href":"https:\/\/casino-bossy.org\/fr\/wp-json\/wp\/v2\/pages\/1488\/revisions"}],"predecessor-version":[{"id":1637,"href":"https:\/\/casino-bossy.org\/fr\/wp-json\/wp\/v2\/pages\/1488\/revisions\/1637"}],"wp:attachment":[{"href":"https:\/\/casino-bossy.org\/fr\/wp-json\/wp\/v2\/media?parent=1488"}],"curies":[{"name":"wp","href":"https:\/\/api.w.org\/{rel}","templated":true}]}}