{"id":1456,"date":"2026-02-19T10:40:23","date_gmt":"2026-02-19T10:40:23","guid":{"rendered":"https:\/\/casino-bossy.org\/app\/"},"modified":"2026-02-19T14:50:37","modified_gmt":"2026-02-19T14:50:37","slug":"applicazione","status":"publish","type":"page","link":"https:\/\/casino-bossy.org\/it\/applicazione\/","title":{"rendered":"Applicazione"},"content":{"rendered":"<h1>App mobile Casinobossy<\/h1>\n<p>Casinobossy app \u00e8 progettata per offrire ai giocatori italiani un accesso rapido ai giochi da casin\u00f2 in qualsiasi momento. Ti offre tutte le funzionalit\u00e0 del casin\u00f2 ovunque ti trovi. Tutte le funzionalit\u00e0 di gioco sono disponibili in un&#8217;interfaccia mobile migliorata. Il software \u00e8 ottimizzato per un caricamento veloce su smartphone e tablet.<\/p>\n<div class=\"banner-wrap\" aria-label=\"Banner\"><img src=\"https:\/\/casino-bossy.org\/wp-content\/uploads\/2026\/02\/Casinobossy-banner-carousel-800\u0445400.webp\" class=\"w-100 d-none d-lg-block img-pc main-banner-img\" alt=\"Casinobossy-banner\" fetchpriority=\"high\" decoding=\"async\"><img src=\"https:\/\/casino-bossy.org\/wp-content\/uploads\/2026\/02\/Mobile-banner.webp\" class=\"w-100 d-none d-md-block d-lg-none main-banner-img\" alt=\"Mobile-banner\" fetchpriority=\"high\" decoding=\"async\"><img src=\"https:\/\/casino-bossy.org\/wp-content\/uploads\/2026\/02\/Mobile-banner.webp\" class=\"w-100 d-md-none\" alt=\"Mobile-banner\" fetchpriority=\"high\" decoding=\"async\"><div class=\"banner-description\">\n<div class=\"banner-title\">Bonus di benvenuto<\/div>\n<p class=\"banner-header-title\">1500 \u20ac<\/p>\n<div class=\"banner-header-AdditionalText\">+ 250 Giri gratuiti<\/div>\n<button data-item=\"homepage_banner_link\" class=\"goto m-button m-gradient-border m-button--primary m-button--large banner-button btn-orange\">\n            <div class=\"m-button-content\">\n                <span>Iscriviti ora<\/span>\n                <span><\/span>\n            <\/div>\n        <\/button>\n<\/div>\n<div class=\"WelcomePack\">\n<p><img loading=\"lazy\" decoding=\"async\" class=\"alignnone size-full wp-image-1540\" src=\"https:\/\/casino-bossy.org\/wp-content\/uploads\/welcome-crown.png\" alt=\"welcome-crown\" width=\"25\" height=\"26\" \/><\/p>\n<div class=\"WelcomePack-Info\">Cashback settimanale fino al 25%<\/div>\n<p><img loading=\"lazy\" decoding=\"async\" class=\"alignnone size-full wp-image-1540\" src=\"https:\/\/casino-bossy.org\/wp-content\/uploads\/welcome-crown.png\" alt=\"welcome-crown\" width=\"25\" height=\"26\" \/><\/p>\n<\/div>\n<\/div>\n<h2>Vantaggi dell&#8217;app Casinobossy<\/h2>\n<p>L&#8217;app Casinobossy porta l&#8217;esperienza di gioco del casin\u00f2 sul tuo telefono. Il suo vantaggio rispetto alla versione per PC o ai giochi basati su browser \u00e8 che \u00e8 accessibile da qualsiasi luogo e fornisce notifiche sulla piattaforma. L&#8217;app pu\u00f2 essere avviata comodamente con un solo tocco.<\/p>\n<p>Il gioco su PC ha ancora i suoi vantaggi, soprattutto per i giocatori di Casinobossy Casino che preferiscono uno schermo grande. Il software mobile compensa lo schermo pi\u00f9 piccolo con un caricamento veloce e notifiche in tempo reale.<\/p>\n<table>\n<tbody>\n<tr>\n<td>Caratteristica<\/td>\n<td>App Casinobossy<\/td>\n<td>Versione per PC<\/td>\n<\/tr>\n<tr>\n<td>Mobilit\u00e0<\/td>\n<td>Gioca da qualsiasi luogo<\/td>\n<td>Posizione fissa<\/td>\n<\/tr>\n<tr>\n<td>Controlli<\/td>\n<td>Touch<\/td>\n<td>Mouse e tastiera<\/td>\n<\/tr>\n<tr>\n<td>Velocit\u00e0 di accesso<\/td>\n<td>Avvio con un solo tocco<\/td>\n<td>Richiede un browser<\/td>\n<\/tr>\n<tr>\n<td>Notifiche<\/td>\n<td>Avvisi push istantanei<\/td>\n<td>Nessun avviso push<\/td>\n<\/tr>\n<tr>\n<td>Dimensioni dello schermo<\/td>\n<td>Compatta, ottimizzata<\/td>\n<td>Grande, visualizzazione dettagliata<\/td>\n<\/tr>\n<tr>\n<td>Utilizzo complessivo<\/td>\n<td>Veloce e flessibile<\/td>\n<td>Stabile e tradizionale<\/td>\n<\/tr>\n<\/tbody>\n<\/table>\n<p><div class=\"scrollable-content-wrap my-5\"><div class=\"scrollable-content-inner\"><h2>Come giocare a Casino Bossy su iPhone e iPad<\/h2>\n<p>\u00c8 facile avviare Casino Bossy Casino sul tuo iPhone e iPad. La piattaforma \u00e8 ottimizzata per i dispositivi iOS e funziona nel browser Safari. Non \u00e8 necessario scaricare nulla dall&#8217;App Store o installare file di grandi dimensioni. Puoi creare un&#8217;icona per Casinobossy Casino sulla tua schermata iniziale. L&#8217;app web ti consente di accedere rapidamente ai giochi, ai bonus e al tuo account. La versione iOS supporta le notifiche per tutti gli aggiornamenti della piattaforma. Il software Casinobossy Casino offre le stesse funzionalit\u00e0 della versione desktop.<\/p>\n<h3>Installazione passo passo dell&#8217;app iOS<\/h3>\n<ol>\n<li>Apri il sito web di Casino Bossy utilizzando il browser Safari.<\/li>\n<li>Quindi devi toccare l&#8217;icona Condividi.<\/li>\n<li>Ora puoi selezionare Aggiungi alla schermata Home dal menu.<\/li>\n<li>Dopodich\u00e9, \u00e8 necessario confermare &#8220;Aggiungi&#8221;.<\/li>\n<\/ol>\n<p>L&#8217;icona dell&#8217;app Casinobossy apparir\u00e0 sulla schermata iniziale e sar\u00e0 pronta per l&#8217;uso.<\/p>\n<p><img loading=\"lazy\" decoding=\"async\" src=\"https:\/\/casino-bossy.org\/wp-content\/uploads\/2026\/02\/iOS-app.webp\" alt=\"iOS-app\" width=\"1248\" height=\"536\" \/><\/p>\n<\/div><\/div><div style=\"clear: both\"><\/div><div class=\"d-flex justify-content-center\"><button data-item=\"decouvrez_link\" data-group=\"website_links\" class=\"goto fw-bold rounded-pill btn btn-orange\" aria-label=\"Scarica l&#039;app Casino-bossy\" >Scarica l&#039;app Casino-bossy<\/button><\/div><div class=\"scrollable-content-wrap my-5\"><div class=\"scrollable-content-inner\"><h2>Scaricare e utilizzare l&#8217;app su Android<\/h2>\n<p>Scaricare e utilizzare l&#8217;app Casinobossy su Android \u00e8 facile. L&#8217;app \u00e8 progettata come un&#8217;applicazione web progressiva (PWA). La nostra PWA consente l&#8217;installazione istantanea senza file APK o visite al Play Store. Funziona su tutti i dispositivi Android e pu\u00f2 essere installata con pochi clic. Attraverso il software Android, puoi ricevere notifiche su eventi importanti sulla piattaforma e sul tuo account. Il software Casinobossy Casino fornisce pieno accesso a tutti i giochi e alle altre funzionalit\u00e0 ovunque ti trovi.<\/p>\n<h3>Funzionalit\u00e0 di sicurezza e protezione dell&#8217;app<\/h3>\n<p>L&#8217;app Casinobossy utilizza una crittografia avanzata per proteggere i dati. L&#8217;accesso a Casinobossy Casino \u00e8 completamente sicuro e protetto. Tutte le transazioni dei nostri giocatori vengono controllate manualmente per confermarne la sicurezza. I giocatori possono anche contare su un servizio professionale e sull&#8217;assistenza 24 ore su 24 da parte del nostro team di supporto multilingue.<\/p>\n<p><img loading=\"lazy\" decoding=\"async\" src=\"https:\/\/casino-bossy.org\/wp-content\/uploads\/2026\/02\/Android-app.webp\" alt=\"Android-app\" width=\"1248\" height=\"536\" \/><\/p>\n<\/div><\/div><div style=\"clear: both\"><\/div><div class=\"d-flex justify-content-center\"><button data-item=\"decouvrez_link\" data-group=\"website_links\" class=\"goto fw-bold rounded-pill btn btn-orange\" aria-label=\"Scarica l&#039;app Casino-bossy\" >Scarica l&#039;app Casino-bossy<\/button><\/div><div class=\"scrollable-content-wrap my-5\"><div class=\"scrollable-content-inner\"><h2>Casinobossy su PC o Mac<\/h2>\n<p>Casinobossy Casino \u00e8 facile da aprire da un PC o Mac e non richiede alcuna installazione complicata. La piattaforma funziona tramite il browser e pu\u00f2 essere salvata come collegamento sul desktop. Il collegamento apre Casinobossy come applicazione web separata. Gli utenti Windows e macOS ottengono una piattaforma stabile per schermi di grandi dimensioni.<\/p>\n<p>La versione desktop di Casinobossy Casino offre una grafica dettagliata e uno streaming di alta qualit\u00e0 dei giochi del casin\u00f2 dal vivo. Dal tuo PC o Mac, puoi accedere ai giochi, ai bonus, ai pagamenti, alle impostazioni dell&#8217;account e al processo di verifica con un solo clic.<\/p>\n<p><img loading=\"lazy\" decoding=\"async\" src=\"https:\/\/casino-bossy.org\/wp-content\/uploads\/2026\/02\/Desktop-1.webp\" alt=\"Desktop\" width=\"1248\" height=\"536\" \/><\/p>\n<\/div><\/div><div style=\"clear: both\"><\/div><div class=\"d-flex justify-content-center\"><button data-item=\"decouvrez_link\" data-group=\"website_links\" class=\"goto fw-bold rounded-pill btn btn-orange\" aria-label=\"Scarica l&#039;app Casino-bossy\" >Scarica l&#039;app Casino-bossy<\/button><\/div><div class=\"scrollable-content-wrap my-5\"><div class=\"scrollable-content-inner\"><h2>Domande frequenti<\/h2>\n<h3>Cosa devo fare se l&#8217;app continua a bloccarsi?<\/h3>\n<p>Se l&#8217;app Casinobossy si blocca, controlla la tua connessione Internet. Riavviare il dispositivo o svuotare la cache del browser pu\u00f2 aiutare a migliorarne il funzionamento. Se riscontri problemi temporanei, esci dal tuo account e poi accedi nuovamente. Se il problema persiste, contatta il team di assistenza di Casinobossy Casino tramite live chat o e-mail. Il team di assistenza pu\u00f2 aiutarti a risolvere i problemi tecnici.<\/p>\n<h3>I miei depositi sono sicuri quando utilizzo l&#8217;app mobile?<\/h3>\n<p>S\u00ec, tutti i depositi effettuati tramite l&#8217;app Casinobossy sono completamente sicuri. Il software Casinobossy Casino dispone di meccanismi di pagamento sicuri e crittografia. I nostri sviluppatori utilizzano i pi\u00f9 recenti metodi di sicurezza per proteggere le tue informazioni finanziarie. Le transazioni sono gestite da fornitori verificati e conformi allo standard PCI.<\/p>\n<h3>Perch\u00e9 dovrei usare l&#8217;app ufficiale invece del sito web?<\/h3>\n<p>L&#8217;app ufficiale Casinobossy \u00e8 pi\u00f9 comoda da usare. Si apre istantaneamente sulla schermata iniziale senza dover aprire un browser. Nell&#8217;app, i giocatori possono ricevere notifiche sui bonus e sui loro progressi di gioco. Ad esempio, puoi ricevere una notifica sulla vittoria di un torneo o su un regalo VIP per te come parte di una promozione. L&#8217;app Casinobossy Casino ha le stesse funzionalit\u00e0 del sito web, ma con un accesso pi\u00f9 veloce.<\/p>\n<\/div><\/div><\/p>\n","protected":false},"excerpt":{"rendered":"<p>App mobile Casinobossy Casinobossy app \u00e8 progettata per offrire ai giocatori italiani un accesso rapido ai giochi da casin\u00f2 in qualsiasi momento. Ti offre tutte le funzionalit\u00e0 del casin\u00f2 ovunque ti trovi. Tutte le funzionalit\u00e0 di gioco sono disponibili in un&#8217;interfaccia mobile migliorata. Il software \u00e8 ottimizzato per un caricamento veloce su smartphone e tablet. [&hellip;]<\/p>\n","protected":false},"author":1,"featured_media":0,"parent":0,"menu_order":0,"comment_status":"closed","ping_status":"closed","template":"template-builder.php","meta":{"_acf_changed":false,"inline_featured_image":false,"footnotes":""},"class_list":["post-1456","page","type-page","status-publish","hentry"],"acf":[],"yoast_head":"<!-- This site is optimized with the Yoast SEO plugin v27.3 - https:\/\/yoast.com\/product\/yoast-seo-wordpress\/ -->\n<title>Casinobossy App per iOS e Android<\/title>\n<meta name=\"description\" content=\"Casino Bossy App porta tutte le tue slot, i tuoi jackpot e i tuoi tavoli con croupier dal vivo preferiti direttamente sui tuoi dispositivi iOS e Android. L&#039;accesso immediato e i pagamenti sicuri rendono il gioco mobile un gioco semplice e immediato.\" \/>\n<meta name=\"robots\" content=\"index, follow, max-snippet:-1, max-image-preview:large, max-video-preview:-1\" \/>\n<link rel=\"canonical\" href=\"https:\/\/casino-bossy.org\/it\/applicazione\/\" \/>\n<meta property=\"og:locale\" content=\"it_IT\" \/>\n<meta property=\"og:type\" content=\"article\" \/>\n<meta property=\"og:title\" content=\"Casinobossy App per iOS e Android\" \/>\n<meta property=\"og:description\" content=\"Casino Bossy App porta tutte le tue slot, i tuoi jackpot e i tuoi tavoli con croupier dal vivo preferiti direttamente sui tuoi dispositivi iOS e Android. L&#039;accesso immediato e i pagamenti sicuri rendono il gioco mobile un gioco semplice e immediato.\" \/>\n<meta property=\"og:url\" content=\"https:\/\/casino-bossy.org\/it\/applicazione\/\" \/>\n<meta property=\"og:site_name\" content=\"casinobossy\" \/>\n<meta property=\"article:modified_time\" content=\"2026-02-19T14:50:37+00:00\" \/>\n<meta name=\"twitter:card\" content=\"summary_large_image\" \/>\n<meta name=\"twitter:label1\" content=\"Est. reading time\" \/>\n\t<meta name=\"twitter:data1\" content=\"1 minute\" \/>\n<script type=\"application\/ld+json\" class=\"yoast-schema-graph\">{\"@context\":\"https:\\\/\\\/schema.org\",\"@graph\":[{\"@type\":\"WebPage\",\"@id\":\"https:\\\/\\\/casino-bossy.org\\\/it\\\/applicazione\\\/\",\"url\":\"https:\\\/\\\/casino-bossy.org\\\/it\\\/applicazione\\\/\",\"name\":\"Casinobossy App per iOS e Android\",\"isPartOf\":{\"@id\":\"https:\\\/\\\/casino-bossy.org\\\/it\\\/#website\"},\"datePublished\":\"2026-02-19T10:40:23+00:00\",\"dateModified\":\"2026-02-19T14:50:37+00:00\",\"description\":\"Casino Bossy App porta tutte le tue slot, i tuoi jackpot e i tuoi tavoli con croupier dal vivo preferiti direttamente sui tuoi dispositivi iOS e Android. L'accesso immediato e i pagamenti sicuri rendono il gioco mobile un gioco semplice e immediato.\",\"breadcrumb\":{\"@id\":\"https:\\\/\\\/casino-bossy.org\\\/it\\\/applicazione\\\/#breadcrumb\"},\"inLanguage\":\"it-IT\",\"potentialAction\":[{\"@type\":\"ReadAction\",\"target\":[\"https:\\\/\\\/casino-bossy.org\\\/it\\\/applicazione\\\/\"]}]},{\"@type\":\"BreadcrumbList\",\"@id\":\"https:\\\/\\\/casino-bossy.org\\\/it\\\/applicazione\\\/#breadcrumb\",\"itemListElement\":[{\"@type\":\"ListItem\",\"position\":1,\"name\":\"Casinobossy\",\"item\":\"https:\\\/\\\/casino-bossy.org\\\/it\\\/\"},{\"@type\":\"ListItem\",\"position\":2,\"name\":\"Applicazione\"}]},{\"@type\":\"WebSite\",\"@id\":\"https:\\\/\\\/casino-bossy.org\\\/it\\\/#website\",\"url\":\"https:\\\/\\\/casino-bossy.org\\\/it\\\/\",\"name\":\"Casinobossy\",\"description\":\"\",\"publisher\":{\"@id\":\"https:\\\/\\\/casino-bossy.org\\\/it\\\/#organization\"},\"potentialAction\":[{\"@type\":\"SearchAction\",\"target\":{\"@type\":\"EntryPoint\",\"urlTemplate\":\"https:\\\/\\\/casino-bossy.org\\\/it\\\/?s={search_term_string}\"},\"query-input\":{\"@type\":\"PropertyValueSpecification\",\"valueRequired\":true,\"valueName\":\"search_term_string\"}}],\"inLanguage\":\"it-IT\"},{\"@type\":\"Organization\",\"@id\":\"https:\\\/\\\/casino-bossy.org\\\/it\\\/#organization\",\"name\":\"Casinobossy\",\"url\":\"https:\\\/\\\/casino-bossy.org\\\/it\\\/\",\"logo\":{\"@type\":\"ImageObject\",\"inLanguage\":\"it-IT\",\"@id\":\"https:\\\/\\\/casino-bossy.org\\\/it\\\/#\\\/schema\\\/logo\\\/image\\\/\",\"url\":\"https:\\\/\\\/casino-bossy.org\\\/wp-content\\\/uploads\\\/2026\\\/02\\\/Casinobossy-logo.png\",\"contentUrl\":\"https:\\\/\\\/casino-bossy.org\\\/wp-content\\\/uploads\\\/2026\\\/02\\\/Casinobossy-logo.png\",\"width\":94,\"height\":20,\"caption\":\"Casinobossy\"},\"image\":{\"@id\":\"https:\\\/\\\/casino-bossy.org\\\/it\\\/#\\\/schema\\\/logo\\\/image\\\/\"}}]}<\/script>\n<!-- \/ Yoast SEO plugin. -->","yoast_head_json":{"title":"Casinobossy App per iOS e Android","description":"Casino Bossy App porta tutte le tue slot, i tuoi jackpot e i tuoi tavoli con croupier dal vivo preferiti direttamente sui tuoi dispositivi iOS e Android. L'accesso immediato e i pagamenti sicuri rendono il gioco mobile un gioco semplice e immediato.","robots":{"index":"index","follow":"follow","max-snippet":"max-snippet:-1","max-image-preview":"max-image-preview:large","max-video-preview":"max-video-preview:-1"},"canonical":"https:\/\/casino-bossy.org\/it\/applicazione\/","og_locale":"it_IT","og_type":"article","og_title":"Casinobossy App per iOS e Android","og_description":"Casino Bossy App porta tutte le tue slot, i tuoi jackpot e i tuoi tavoli con croupier dal vivo preferiti direttamente sui tuoi dispositivi iOS e Android. L'accesso immediato e i pagamenti sicuri rendono il gioco mobile un gioco semplice e immediato.","og_url":"https:\/\/casino-bossy.org\/it\/applicazione\/","og_site_name":"casinobossy","article_modified_time":"2026-02-19T14:50:37+00:00","twitter_card":"summary_large_image","twitter_misc":{"Est. reading time":"1 minute"},"schema":{"@context":"https:\/\/schema.org","@graph":[{"@type":"WebPage","@id":"https:\/\/casino-bossy.org\/it\/applicazione\/","url":"https:\/\/casino-bossy.org\/it\/applicazione\/","name":"Casinobossy App per iOS e Android","isPartOf":{"@id":"https:\/\/casino-bossy.org\/it\/#website"},"datePublished":"2026-02-19T10:40:23+00:00","dateModified":"2026-02-19T14:50:37+00:00","description":"Casino Bossy App porta tutte le tue slot, i tuoi jackpot e i tuoi tavoli con croupier dal vivo preferiti direttamente sui tuoi dispositivi iOS e Android. L'accesso immediato e i pagamenti sicuri rendono il gioco mobile un gioco semplice e immediato.","breadcrumb":{"@id":"https:\/\/casino-bossy.org\/it\/applicazione\/#breadcrumb"},"inLanguage":"it-IT","potentialAction":[{"@type":"ReadAction","target":["https:\/\/casino-bossy.org\/it\/applicazione\/"]}]},{"@type":"BreadcrumbList","@id":"https:\/\/casino-bossy.org\/it\/applicazione\/#breadcrumb","itemListElement":[{"@type":"ListItem","position":1,"name":"Casinobossy","item":"https:\/\/casino-bossy.org\/it\/"},{"@type":"ListItem","position":2,"name":"Applicazione"}]},{"@type":"WebSite","@id":"https:\/\/casino-bossy.org\/it\/#website","url":"https:\/\/casino-bossy.org\/it\/","name":"Casinobossy","description":"","publisher":{"@id":"https:\/\/casino-bossy.org\/it\/#organization"},"potentialAction":[{"@type":"SearchAction","target":{"@type":"EntryPoint","urlTemplate":"https:\/\/casino-bossy.org\/it\/?s={search_term_string}"},"query-input":{"@type":"PropertyValueSpecification","valueRequired":true,"valueName":"search_term_string"}}],"inLanguage":"it-IT"},{"@type":"Organization","@id":"https:\/\/casino-bossy.org\/it\/#organization","name":"Casinobossy","url":"https:\/\/casino-bossy.org\/it\/","logo":{"@type":"ImageObject","inLanguage":"it-IT","@id":"https:\/\/casino-bossy.org\/it\/#\/schema\/logo\/image\/","url":"https:\/\/casino-bossy.org\/wp-content\/uploads\/2026\/02\/Casinobossy-logo.png","contentUrl":"https:\/\/casino-bossy.org\/wp-content\/uploads\/2026\/02\/Casinobossy-logo.png","width":94,"height":20,"caption":"Casinobossy"},"image":{"@id":"https:\/\/casino-bossy.org\/it\/#\/schema\/logo\/image\/"}}]}},"_links":{"self":[{"href":"https:\/\/casino-bossy.org\/it\/wp-json\/wp\/v2\/pages\/1456","targetHints":{"allow":["GET"]}}],"collection":[{"href":"https:\/\/casino-bossy.org\/it\/wp-json\/wp\/v2\/pages"}],"about":[{"href":"https:\/\/casino-bossy.org\/it\/wp-json\/wp\/v2\/types\/page"}],"author":[{"embeddable":true,"href":"https:\/\/casino-bossy.org\/it\/wp-json\/wp\/v2\/users\/1"}],"replies":[{"embeddable":true,"href":"https:\/\/casino-bossy.org\/it\/wp-json\/wp\/v2\/comments?post=1456"}],"version-history":[{"count":2,"href":"https:\/\/casino-bossy.org\/it\/wp-json\/wp\/v2\/pages\/1456\/revisions"}],"predecessor-version":[{"id":1728,"href":"https:\/\/casino-bossy.org\/it\/wp-json\/wp\/v2\/pages\/1456\/revisions\/1728"}],"wp:attachment":[{"href":"https:\/\/casino-bossy.org\/it\/wp-json\/wp\/v2\/media?parent=1456"}],"curies":[{"name":"wp","href":"https:\/\/api.w.org\/{rel}","templated":true}]}}