{"id":1458,"date":"2026-02-19T10:40:23","date_gmt":"2026-02-19T10:40:23","guid":{"rendered":"https:\/\/casino-bossy.org\/app\/"},"modified":"2026-02-20T08:20:49","modified_gmt":"2026-02-20T08:20:49","slug":"aplikacja","status":"publish","type":"page","link":"https:\/\/casino-bossy.org\/pl\/aplikacja\/","title":{"rendered":"Aplikacja"},"content":{"rendered":"<h1>Aplikacja mobilna Casinobossy<\/h1>\n<p>Casinobossy app zosta\u0142a zaprojektowana, aby zapewni\u0107 polskim graczom szybki dost\u0119p do gier kasynowych w dowolnym momencie. Zapewnia dost\u0119p do wszystkich funkcji kasyna, niezale\u017cnie od tego, gdzie si\u0119 znajdujesz. Wszystkie funkcje gry s\u0105 dost\u0119pne w ulepszonym interfejsie mobilnym. Oprogramowanie jest zoptymalizowane pod k\u0105tem szybkiego \u0142adowania na smartfonach i tabletach.<\/p>\n<div class=\"banner-wrap\" aria-label=\"Banner\"><img src=\"https:\/\/casino-bossy.org\/wp-content\/uploads\/2026\/02\/Casinobossy-banner-carousel-800\u0445400.webp\" class=\"w-100 d-none d-lg-block img-pc main-banner-img\" alt=\"Casinobossy-banner\" fetchpriority=\"high\" decoding=\"async\"><img src=\"https:\/\/casino-bossy.org\/wp-content\/uploads\/2026\/02\/Mobile-banner.webp\" class=\"w-100 d-none d-md-block d-lg-none main-banner-img\" alt=\"Mobile-banner\" fetchpriority=\"high\" decoding=\"async\"><img src=\"https:\/\/casino-bossy.org\/wp-content\/uploads\/2026\/02\/Mobile-banner.webp\" class=\"w-100 d-md-none\" alt=\"Mobile-banner\" fetchpriority=\"high\" decoding=\"async\"><div class=\"banner-description\">\n<div class=\"banner-title\">Bonusy powitalne<\/div>\n<p class=\"banner-header-title\">1500 \u20ac<\/p>\n<div class=\"banner-header-AdditionalText\">+ 250 Darmowe spiny<\/div>\n<button data-item=\"homepage_banner_link\" class=\"goto m-button m-gradient-border m-button--primary m-button--large banner-button btn-orange\">\n            <div class=\"m-button-content\">\n                <span>Zarejestruj si\u0119 teraz<\/span>\n                <span><\/span>\n            <\/div>\n        <\/button>\n<\/div>\n<div class=\"WelcomePack\">\n<p><img loading=\"lazy\" decoding=\"async\" class=\"alignnone size-full wp-image-1541\" src=\"https:\/\/casino-bossy.org\/wp-content\/uploads\/welcome-crown.png\" alt=\"welcome-crown\" width=\"25\" height=\"26\" \/><\/p>\n<div class=\"WelcomePack-Info\">Cotygodniowy zwrot got\u00f3wki do 25%<\/div>\n<p><img loading=\"lazy\" decoding=\"async\" class=\"alignnone size-full wp-image-1541\" src=\"https:\/\/casino-bossy.org\/wp-content\/uploads\/welcome-crown.png\" alt=\"welcome-crown\" width=\"25\" height=\"26\" \/><\/p>\n<\/div>\n<\/div>\n<h2>Zalety aplikacji Casinobossy<\/h2>\n<p>Aplikacja Casinobossy przenosi wra\u017cenia z gry w kasynie na Tw\u00f3j telefon. Jej przewag\u0105 nad wersj\u0105 na komputery PC lub grami opartymi na przegl\u0105darce jest to, \u017ce mo\u017cna uzyska\u0107 do niej dost\u0119p z dowolnego miejsca i zapewnia ona powiadomienia platformowe. Aplikacj\u0119 mo\u017cna wygodnie uruchomi\u0107 jednym dotkni\u0119ciem.<\/p>\n<p>Gry na komputerze nadal maj\u0105 swoje zalety, zw\u0142aszcza dla graczy Casinobossy Casino, kt\u00f3rzy preferuj\u0105 du\u017cy ekran. Oprogramowanie mobilne rekompensuje mniejszy ekran szybkim \u0142adowaniem i powiadomieniami w czasie rzeczywistym.<\/p>\n<table>\n<tbody>\n<tr>\n<td>Funkcja<\/td>\n<td>Aplikacja Casinobossy<\/td>\n<td>Wersja na komputery PC<\/td>\n<\/tr>\n<tr>\n<td>Mobilno\u015b\u0107<\/td>\n<td>Graj z dowolnego miejsca<\/td>\n<td>Sta\u0142a lokalizacja<\/td>\n<\/tr>\n<tr>\n<td>Sterowanie<\/td>\n<td>Dotykowe<\/td>\n<td>Mysz i klawiatura<\/td>\n<\/tr>\n<tr>\n<td>Szybko\u015b\u0107 dost\u0119pu<\/td>\n<td>Uruchamianie jednym dotkni\u0119ciem<\/td>\n<td>Wymaga przegl\u0105darki<\/td>\n<\/tr>\n<tr>\n<td>Powiadomienia<\/td>\n<td>Natychmiastowe powiadomienia push<\/td>\n<td>Brak powiadomie\u0144 push<\/td>\n<\/tr>\n<tr>\n<td>Rozmiar ekranu<\/td>\n<td>Kompaktowy, zoptymalizowany<\/td>\n<td>Du\u017cy, szczeg\u00f3\u0142owy widok<\/td>\n<\/tr>\n<tr>\n<td>Og\u00f3lne zastosowanie<\/td>\n<td>Szybki i elastyczny<\/td>\n<td>Stabilne i tradycyjne<\/td>\n<\/tr>\n<\/tbody>\n<\/table>\n<p><div class=\"scrollable-content-wrap my-5\"><div class=\"scrollable-content-inner\"><h2>Jak gra\u0107 w Casino Bossy na iPhonie i iPadzie<\/h2>\n<p>Uruchomienie Casino Bossy Casino na iPhonie i iPadzie jest bardzo proste. Platforma jest zoptymalizowana pod k\u0105tem urz\u0105dze\u0144 z systemem iOS i dzia\u0142a w przegl\u0105darce Safari. Nie musisz pobiera\u0107 niczego z App Store ani instalowa\u0107 du\u017cych plik\u00f3w. Mo\u017cesz utworzy\u0107 ikon\u0119 Casinobossy Casino na ekranie g\u0142\u00f3wnym. Aplikacja internetowa zapewnia szybki dost\u0119p do gier, bonus\u00f3w i konta. Wersja na iOS obs\u0142uguje powiadomienia o wszystkich aktualizacjach platformy. Oprogramowanie Casinobossy Casino oferuje te same funkcje, co wersja na komputery stacjonarne.<\/p>\n<h3>Instalacja aplikacji na iOS krok po kroku<\/h3>\n<ol>\n<li>Nale\u017cy otworzy\u0107 stron\u0119 internetow\u0105 Casino Bossy w przegl\u0105darce Safari.<\/li>\n<li>Nast\u0119pnie nale\u017cy klikn\u0105\u0107 ikon\u0119 udost\u0119pniania.<\/li>\n<li>Teraz mo\u017cesz wybra\u0107 opcj\u0119 Dodaj do ekranu g\u0142\u00f3wnego z menu.<\/li>\n<li>Nast\u0119pnie nale\u017cy potwierdzi\u0107 \u201eDodaj\u201d.<\/li>\n<\/ol>\n<p>Ikona aplikacji Casinobossy pojawi si\u0119 na ekranie g\u0142\u00f3wnym i b\u0119dzie gotowa do u\u017cycia.<\/p>\n<p><img loading=\"lazy\" decoding=\"async\" src=\"https:\/\/casino-bossy.org\/wp-content\/uploads\/2026\/02\/iOS-app.webp\" alt=\"iOS-app\" width=\"1248\" height=\"536\" \/><\/p>\n<\/div><\/div><div style=\"clear: both\"><\/div><div class=\"d-flex justify-content-center\"><button data-item=\"decouvrez_link\" data-group=\"website_links\" class=\"goto fw-bold rounded-pill btn btn-orange\" aria-label=\"Pobierz aplikacj\u0119 Casino-bossy\" >Pobierz aplikacj\u0119 Casino-bossy<\/button><\/div><div class=\"scrollable-content-wrap my-5\"><div class=\"scrollable-content-inner\"><h2>Pobieranie i korzystanie z aplikacji na Androida<\/h2>\n<p>Pobieranie i korzystanie z aplikacji Casinobossy na Androida jest \u0142atwe. Aplikacja zosta\u0142a zaprojektowana jako progresywna aplikacja internetowa (PWA). Nasza PWA umo\u017cliwia natychmiastow\u0105 instalacj\u0119 bez plik\u00f3w APK lub odwiedzania Sklepu Play. Dzia\u0142a na wszystkich urz\u0105dzeniach z systemem Android i mo\u017cna j\u0105 zainstalowa\u0107 za pomoc\u0105 zaledwie kilku klikni\u0119\u0107. Dzi\u0119ki oprogramowaniu Android mo\u017cesz otrzymywa\u0107 powiadomienia o wa\u017cnych wydarzeniach na platformie i na swoim koncie. Oprogramowanie Casinobossy Casino zapewnia pe\u0142ny dost\u0119p do wszystkich gier i innych funkcji, niezale\u017cnie od tego, gdzie si\u0119 znajdujesz.<\/p>\n<h3>Funkcje bezpiecze\u0144stwa i ochrony aplikacji<\/h3>\n<p>Aplikacja Casinobossy wykorzystuje zaawansowane szyfrowanie w celu ochrony danych. Logowanie do Casinobossy Casino jest ca\u0142kowicie bezpieczne. Wszystkie transakcje naszych graczy s\u0105 r\u0119cznie sprawdzane w celu potwierdzenia ich bezpiecze\u0144stwa. Gracze mog\u0105 r\u00f3wnie\u017c liczy\u0107 na profesjonaln\u0105 obs\u0142ug\u0119 i ca\u0142odobowe wsparcie naszego wieloj\u0119zycznego zespo\u0142u pomocy technicznej.<\/p>\n<p><img loading=\"lazy\" decoding=\"async\" src=\"https:\/\/casino-bossy.org\/wp-content\/uploads\/2026\/02\/Android-app.webp\" alt=\"Android-app\" width=\"1248\" height=\"536\" \/><\/p>\n<\/div><\/div><div style=\"clear: both\"><\/div><div class=\"d-flex justify-content-center\"><button data-item=\"decouvrez_link\" data-group=\"website_links\" class=\"goto fw-bold rounded-pill btn btn-orange\" aria-label=\"Pobierz aplikacj\u0119 Casino-bossy\" >Pobierz aplikacj\u0119 Casino-bossy<\/button><\/div><div class=\"scrollable-content-wrap my-5\"><div class=\"scrollable-content-inner\"><h2>Casinobossy na komputerze PC lub Mac<\/h2>\n<p>Kasyno Casinobossy mo\u017cna \u0142atwo otworzy\u0107 na komputerze PC lub Mac i nie wymaga ono \u017cadnej skomplikowanej instalacji. Platforma dzia\u0142a w przegl\u0105darce i mo\u017cna j\u0105 zapisa\u0107 jako skr\u00f3t na pulpicie. Skr\u00f3t otwiera Casinobossy jako oddzieln\u0105 aplikacj\u0119 internetow\u0105. U\u017cytkownicy system\u00f3w Windows i macOS otrzymuj\u0105 stabiln\u0105 platform\u0119 na du\u017ce ekrany.<\/p>\n<p>Wersja Casinobossy Casino na komputery stacjonarne oferuje szczeg\u00f3\u0142ow\u0105 grafik\u0119 i wysokiej jako\u015bci transmisj\u0119 gier kasynowych na \u017cywo. Z komputera PC lub Mac mo\u017cna uzyska\u0107 dost\u0119p do gier, bonus\u00f3w, p\u0142atno\u015bci, ustawie\u0144 konta i procesu weryfikacji za pomoc\u0105 jednego klikni\u0119cia.<\/p>\n<p><img loading=\"lazy\" decoding=\"async\" src=\"https:\/\/casino-bossy.org\/wp-content\/uploads\/2026\/02\/Desktop-1.webp\" alt=\"Desktop\" width=\"1248\" height=\"536\" \/><\/p>\n<\/div><\/div><div style=\"clear: both\"><\/div><div class=\"d-flex justify-content-center\"><button data-item=\"decouvrez_link\" data-group=\"website_links\" class=\"goto fw-bold rounded-pill btn btn-orange\" aria-label=\"Pobierz aplikacj\u0119 Casino-bossy\" >Pobierz aplikacj\u0119 Casino-bossy<\/button><\/div><div class=\"scrollable-content-wrap my-5\"><div class=\"scrollable-content-inner\"><h2>FAQ<\/h2>\n<h3>Co nale\u017cy zrobi\u0107, je\u015bli aplikacja ci\u0105gle si\u0119 zawiesza?<\/h3>\n<p>Je\u015bli aplikacja Casinobossy si\u0119 zawiesza, sprawd\u017a po\u0142\u0105czenie internetowe. Ponowne uruchomienie urz\u0105dzenia lub wyczyszczenie pami\u0119ci podr\u0119cznej przegl\u0105darki mo\u017ce pom\u00f3c w poprawie dzia\u0142ania aplikacji. Je\u015bli masz tymczasowe problemy, wyloguj si\u0119 ze swojego konta, a nast\u0119pnie zaloguj si\u0119 ponownie. Je\u015bli problem nadal wyst\u0119puje, skontaktuj si\u0119 z zespo\u0142em pomocy technicznej Casinobossy Casino za po\u015brednictwem czatu na \u017cywo lub poczty elektronicznej. Zesp\u00f3\u0142 pomocy technicznej pomo\u017ce Ci rozwi\u0105za\u0107 problemy techniczne.<\/p>\n<h3>Czy moje wp\u0142aty s\u0105 bezpieczne podczas korzystania z aplikacji mobilnej?<\/h3>\n<p>Tak, wszystkie wp\u0142aty dokonywane za po\u015brednictwem aplikacji Casinobossy s\u0105 ca\u0142kowicie bezpieczne. Oprogramowanie Casinobossy Casino posiada bezpieczne mechanizmy p\u0142atno\u015bci i szyfrowanie. Nasi programi\u015bci stosuj\u0105 najnowsze metody zabezpiecze\u0144, aby chroni\u0107 Twoje dane finansowe. Transakcje s\u0105 obs\u0142ugiwane przez zweryfikowanych dostawc\u00f3w zgodnych z PCI.<\/p>\n<h3>Dlaczego warto korzysta\u0107 z oficjalnej aplikacji zamiast strony internetowej?<\/h3>\n<p>Oficjalna aplikacja Casinobossy jest wygodniejsza w u\u017cyciu. Otwiera si\u0119 natychmiast na ekranie g\u0142\u00f3wnym bez konieczno\u015bci otwierania przegl\u0105darki. W aplikacji gracze mog\u0105 otrzymywa\u0107 powiadomienia o bonusach i post\u0119pach w grze. Na przyk\u0142ad mo\u017cesz otrzyma\u0107 powiadomienie o wygranej w turnieju lub o prezencie za status VIP w ramach promocji. Aplikacja Casinobossy Casino ma te same funkcje co strona internetowa, ale zapewnia szybszy dost\u0119p.<\/p>\n<\/div><\/div><\/p>\n","protected":false},"excerpt":{"rendered":"<p>Aplikacja mobilna Casinobossy Casinobossy app zosta\u0142a zaprojektowana, aby zapewni\u0107 polskim graczom szybki dost\u0119p do gier kasynowych w dowolnym momencie. Zapewnia dost\u0119p do wszystkich funkcji kasyna, niezale\u017cnie od tego, gdzie si\u0119 znajdujesz. Wszystkie funkcje gry s\u0105 dost\u0119pne w ulepszonym interfejsie mobilnym. Oprogramowanie jest zoptymalizowane pod k\u0105tem szybkiego \u0142adowania na smartfonach i tabletach. Zalety aplikacji Casinobossy Aplikacja [&hellip;]<\/p>\n","protected":false},"author":1,"featured_media":0,"parent":0,"menu_order":0,"comment_status":"closed","ping_status":"closed","template":"template-builder.php","meta":{"_acf_changed":false,"inline_featured_image":false,"footnotes":""},"class_list":["post-1458","page","type-page","status-publish","hentry"],"acf":[],"yoast_head":"<!-- This site is optimized with the Yoast SEO plugin v27.3 - https:\/\/yoast.com\/product\/yoast-seo-wordpress\/ -->\n<title>Casinobossy App na iOS i Androida<\/title>\n<meta name=\"description\" content=\"Casino Bossy App przenosi wszystkie Twoje ulubione sloty, jackpoty i sto\u0142y z krupierem na \u017cywo bezpo\u015brednio na urz\u0105dzenia z systemem iOS i Android. Natychmiastowy dost\u0119p i bezpieczne p\u0142atno\u015bci sprawiaj\u0105, \u017ce granie na urz\u0105dzeniach mobilnych jest proste.\" \/>\n<meta name=\"robots\" content=\"index, follow, max-snippet:-1, max-image-preview:large, max-video-preview:-1\" \/>\n<link rel=\"canonical\" href=\"https:\/\/casino-bossy.org\/pl\/aplikacja\/\" \/>\n<meta property=\"og:locale\" content=\"pl_PL\" \/>\n<meta property=\"og:type\" content=\"article\" \/>\n<meta property=\"og:title\" content=\"Casinobossy App na iOS i Androida\" \/>\n<meta property=\"og:description\" content=\"Casino Bossy App przenosi wszystkie Twoje ulubione sloty, jackpoty i sto\u0142y z krupierem na \u017cywo bezpo\u015brednio na urz\u0105dzenia z systemem iOS i Android. Natychmiastowy dost\u0119p i bezpieczne p\u0142atno\u015bci sprawiaj\u0105, \u017ce granie na urz\u0105dzeniach mobilnych jest proste.\" \/>\n<meta property=\"og:url\" content=\"https:\/\/casino-bossy.org\/pl\/aplikacja\/\" \/>\n<meta property=\"og:site_name\" content=\"casinobossy\" \/>\n<meta property=\"article:modified_time\" content=\"2026-02-20T08:20:49+00:00\" \/>\n<meta name=\"twitter:card\" content=\"summary_large_image\" \/>\n<meta name=\"twitter:label1\" content=\"Est. reading time\" \/>\n\t<meta name=\"twitter:data1\" content=\"1 minute\" \/>\n<script type=\"application\/ld+json\" class=\"yoast-schema-graph\">{\"@context\":\"https:\\\/\\\/schema.org\",\"@graph\":[{\"@type\":\"WebPage\",\"@id\":\"https:\\\/\\\/casino-bossy.org\\\/pl\\\/aplikacja\\\/\",\"url\":\"https:\\\/\\\/casino-bossy.org\\\/pl\\\/aplikacja\\\/\",\"name\":\"Casinobossy App na iOS i Androida\",\"isPartOf\":{\"@id\":\"https:\\\/\\\/casino-bossy.org\\\/pl\\\/#website\"},\"datePublished\":\"2026-02-19T10:40:23+00:00\",\"dateModified\":\"2026-02-20T08:20:49+00:00\",\"description\":\"Casino Bossy App przenosi wszystkie Twoje ulubione sloty, jackpoty i sto\u0142y z krupierem na \u017cywo bezpo\u015brednio na urz\u0105dzenia z systemem iOS i Android. Natychmiastowy dost\u0119p i bezpieczne p\u0142atno\u015bci sprawiaj\u0105, \u017ce granie na urz\u0105dzeniach mobilnych jest proste.\",\"breadcrumb\":{\"@id\":\"https:\\\/\\\/casino-bossy.org\\\/pl\\\/aplikacja\\\/#breadcrumb\"},\"inLanguage\":\"pl-PL\",\"potentialAction\":[{\"@type\":\"ReadAction\",\"target\":[\"https:\\\/\\\/casino-bossy.org\\\/pl\\\/aplikacja\\\/\"]}]},{\"@type\":\"BreadcrumbList\",\"@id\":\"https:\\\/\\\/casino-bossy.org\\\/pl\\\/aplikacja\\\/#breadcrumb\",\"itemListElement\":[{\"@type\":\"ListItem\",\"position\":1,\"name\":\"Casinobossy\",\"item\":\"https:\\\/\\\/casino-bossy.org\\\/pl\\\/\"},{\"@type\":\"ListItem\",\"position\":2,\"name\":\"Aplikacja\"}]},{\"@type\":\"WebSite\",\"@id\":\"https:\\\/\\\/casino-bossy.org\\\/pl\\\/#website\",\"url\":\"https:\\\/\\\/casino-bossy.org\\\/pl\\\/\",\"name\":\"Casinobossy\",\"description\":\"\",\"publisher\":{\"@id\":\"https:\\\/\\\/casino-bossy.org\\\/pl\\\/#organization\"},\"potentialAction\":[{\"@type\":\"SearchAction\",\"target\":{\"@type\":\"EntryPoint\",\"urlTemplate\":\"https:\\\/\\\/casino-bossy.org\\\/pl\\\/?s={search_term_string}\"},\"query-input\":{\"@type\":\"PropertyValueSpecification\",\"valueRequired\":true,\"valueName\":\"search_term_string\"}}],\"inLanguage\":\"pl-PL\"},{\"@type\":\"Organization\",\"@id\":\"https:\\\/\\\/casino-bossy.org\\\/pl\\\/#organization\",\"name\":\"Casinobossy\",\"url\":\"https:\\\/\\\/casino-bossy.org\\\/pl\\\/\",\"logo\":{\"@type\":\"ImageObject\",\"inLanguage\":\"pl-PL\",\"@id\":\"https:\\\/\\\/casino-bossy.org\\\/pl\\\/#\\\/schema\\\/logo\\\/image\\\/\",\"url\":\"https:\\\/\\\/casino-bossy.org\\\/wp-content\\\/uploads\\\/2026\\\/02\\\/Casinobossy-logo.png\",\"contentUrl\":\"https:\\\/\\\/casino-bossy.org\\\/wp-content\\\/uploads\\\/2026\\\/02\\\/Casinobossy-logo.png\",\"width\":94,\"height\":20,\"caption\":\"Casinobossy\"},\"image\":{\"@id\":\"https:\\\/\\\/casino-bossy.org\\\/pl\\\/#\\\/schema\\\/logo\\\/image\\\/\"}}]}<\/script>\n<!-- \/ Yoast SEO plugin. -->","yoast_head_json":{"title":"Casinobossy App na iOS i Androida","description":"Casino Bossy App przenosi wszystkie Twoje ulubione sloty, jackpoty i sto\u0142y z krupierem na \u017cywo bezpo\u015brednio na urz\u0105dzenia z systemem iOS i Android. Natychmiastowy dost\u0119p i bezpieczne p\u0142atno\u015bci sprawiaj\u0105, \u017ce granie na urz\u0105dzeniach mobilnych jest proste.","robots":{"index":"index","follow":"follow","max-snippet":"max-snippet:-1","max-image-preview":"max-image-preview:large","max-video-preview":"max-video-preview:-1"},"canonical":"https:\/\/casino-bossy.org\/pl\/aplikacja\/","og_locale":"pl_PL","og_type":"article","og_title":"Casinobossy App na iOS i Androida","og_description":"Casino Bossy App przenosi wszystkie Twoje ulubione sloty, jackpoty i sto\u0142y z krupierem na \u017cywo bezpo\u015brednio na urz\u0105dzenia z systemem iOS i Android. Natychmiastowy dost\u0119p i bezpieczne p\u0142atno\u015bci sprawiaj\u0105, \u017ce granie na urz\u0105dzeniach mobilnych jest proste.","og_url":"https:\/\/casino-bossy.org\/pl\/aplikacja\/","og_site_name":"casinobossy","article_modified_time":"2026-02-20T08:20:49+00:00","twitter_card":"summary_large_image","twitter_misc":{"Est. reading time":"1 minute"},"schema":{"@context":"https:\/\/schema.org","@graph":[{"@type":"WebPage","@id":"https:\/\/casino-bossy.org\/pl\/aplikacja\/","url":"https:\/\/casino-bossy.org\/pl\/aplikacja\/","name":"Casinobossy App na iOS i Androida","isPartOf":{"@id":"https:\/\/casino-bossy.org\/pl\/#website"},"datePublished":"2026-02-19T10:40:23+00:00","dateModified":"2026-02-20T08:20:49+00:00","description":"Casino Bossy App przenosi wszystkie Twoje ulubione sloty, jackpoty i sto\u0142y z krupierem na \u017cywo bezpo\u015brednio na urz\u0105dzenia z systemem iOS i Android. Natychmiastowy dost\u0119p i bezpieczne p\u0142atno\u015bci sprawiaj\u0105, \u017ce granie na urz\u0105dzeniach mobilnych jest proste.","breadcrumb":{"@id":"https:\/\/casino-bossy.org\/pl\/aplikacja\/#breadcrumb"},"inLanguage":"pl-PL","potentialAction":[{"@type":"ReadAction","target":["https:\/\/casino-bossy.org\/pl\/aplikacja\/"]}]},{"@type":"BreadcrumbList","@id":"https:\/\/casino-bossy.org\/pl\/aplikacja\/#breadcrumb","itemListElement":[{"@type":"ListItem","position":1,"name":"Casinobossy","item":"https:\/\/casino-bossy.org\/pl\/"},{"@type":"ListItem","position":2,"name":"Aplikacja"}]},{"@type":"WebSite","@id":"https:\/\/casino-bossy.org\/pl\/#website","url":"https:\/\/casino-bossy.org\/pl\/","name":"Casinobossy","description":"","publisher":{"@id":"https:\/\/casino-bossy.org\/pl\/#organization"},"potentialAction":[{"@type":"SearchAction","target":{"@type":"EntryPoint","urlTemplate":"https:\/\/casino-bossy.org\/pl\/?s={search_term_string}"},"query-input":{"@type":"PropertyValueSpecification","valueRequired":true,"valueName":"search_term_string"}}],"inLanguage":"pl-PL"},{"@type":"Organization","@id":"https:\/\/casino-bossy.org\/pl\/#organization","name":"Casinobossy","url":"https:\/\/casino-bossy.org\/pl\/","logo":{"@type":"ImageObject","inLanguage":"pl-PL","@id":"https:\/\/casino-bossy.org\/pl\/#\/schema\/logo\/image\/","url":"https:\/\/casino-bossy.org\/wp-content\/uploads\/2026\/02\/Casinobossy-logo.png","contentUrl":"https:\/\/casino-bossy.org\/wp-content\/uploads\/2026\/02\/Casinobossy-logo.png","width":94,"height":20,"caption":"Casinobossy"},"image":{"@id":"https:\/\/casino-bossy.org\/pl\/#\/schema\/logo\/image\/"}}]}},"_links":{"self":[{"href":"https:\/\/casino-bossy.org\/pl\/wp-json\/wp\/v2\/pages\/1458","targetHints":{"allow":["GET"]}}],"collection":[{"href":"https:\/\/casino-bossy.org\/pl\/wp-json\/wp\/v2\/pages"}],"about":[{"href":"https:\/\/casino-bossy.org\/pl\/wp-json\/wp\/v2\/types\/page"}],"author":[{"embeddable":true,"href":"https:\/\/casino-bossy.org\/pl\/wp-json\/wp\/v2\/users\/1"}],"replies":[{"embeddable":true,"href":"https:\/\/casino-bossy.org\/pl\/wp-json\/wp\/v2\/comments?post=1458"}],"version-history":[{"count":2,"href":"https:\/\/casino-bossy.org\/pl\/wp-json\/wp\/v2\/pages\/1458\/revisions"}],"predecessor-version":[{"id":1795,"href":"https:\/\/casino-bossy.org\/pl\/wp-json\/wp\/v2\/pages\/1458\/revisions\/1795"}],"wp:attachment":[{"href":"https:\/\/casino-bossy.org\/pl\/wp-json\/wp\/v2\/media?parent=1458"}],"curies":[{"name":"wp","href":"https:\/\/api.w.org\/{rel}","templated":true}]}}