{"id":1492,"date":"2026-02-19T10:44:22","date_gmt":"2026-02-19T10:44:22","guid":{"rendered":"https:\/\/casino-bossy.org\/login-and-registration\/"},"modified":"2026-02-20T08:29:04","modified_gmt":"2026-02-20T08:29:04","slug":"logowanie-i-rejestracja","status":"publish","type":"page","link":"https:\/\/casino-bossy.org\/pl\/logowanie-i-rejestracja\/","title":{"rendered":"Logowanie i rejestracja"},"content":{"rendered":"<h1>Zarejestruj si\u0119 i zaloguj do Casinobossy<\/h1>\n<p>Proces Casinobossy login zajmuje tylko kilka klikni\u0119\u0107. Po zalogowaniu si\u0119 nasze kasyno b\u0119dzie od razu dost\u0119pne. Polscy gracze b\u0119d\u0105 mogli korzysta\u0107 ze wszystkich funkcji platformy ze swojego konta. Rejestracj\u0119 mo\u017cna przeprowadzi\u0107 na dowolnym urz\u0105dzeniu.<\/p>\n<p><div class=\"banner-wrap\" aria-label=\"Banner\"><img src=\"https:\/\/casino-bossy.org\/wp-content\/uploads\/2026\/02\/Casinobossy-banner-carousel-800\u0445400.webp\" class=\"w-100 d-none d-lg-block img-pc main-banner-img\" alt=\"Casinobossy-banner\" fetchpriority=\"high\" decoding=\"async\"><img src=\"https:\/\/casino-bossy.org\/wp-content\/uploads\/2026\/02\/Mobile-banner.webp\" class=\"w-100 d-none d-md-block d-lg-none main-banner-img\" alt=\"Mobile-banner\" fetchpriority=\"high\" decoding=\"async\"><img src=\"https:\/\/casino-bossy.org\/wp-content\/uploads\/2026\/02\/Mobile-banner.webp\" class=\"w-100 d-md-none\" alt=\"Mobile-banner\" fetchpriority=\"high\" decoding=\"async\"><div class=\"banner-description\">\n<div class=\"banner-title\">Bonusy powitalne<\/div>\n<p class=\"banner-header-title\">1500 \u20ac<\/p>\n<div class=\"banner-header-AdditionalText\">+ 250 Darmowe spiny<\/div>\n<button data-item=\"homepage_banner_link\" class=\"goto m-button m-gradient-border m-button--primary m-button--large banner-button btn-orange\">\n            <div class=\"m-button-content\">\n                <span>Zarejestruj si\u0119 teraz<\/span>\n                <span><\/span>\n            <\/div>\n        <\/button>\n<\/div>\n<div class=\"WelcomePack\">\n<p><img loading=\"lazy\" decoding=\"async\" class=\"alignnone size-full wp-image-1541\" src=\"https:\/\/casino-bossy.org\/wp-content\/uploads\/welcome-crown.png\" alt=\"welcome-crown\" width=\"25\" height=\"26\" \/><\/p>\n<div class=\"WelcomePack-Info\">Cotygodniowy zwrot got\u00f3wki do 25%<\/div>\n<p><img loading=\"lazy\" decoding=\"async\" class=\"alignnone size-full wp-image-1541\" src=\"https:\/\/casino-bossy.org\/wp-content\/uploads\/welcome-crown.png\" alt=\"welcome-crown\" width=\"25\" height=\"26\" \/><\/p>\n<\/div>\n<\/div><div class=\"scrollable-content-wrap my-5\"><div class=\"scrollable-content-inner\"><h2>Jak zalogowa\u0107 si\u0119 i kontrolowa\u0107 sw\u00f3j profil<\/h2>\n<p>Zalogowanie si\u0119 na konto w Casinobossy Casino jest proste. Wystarczy klikn\u0105\u0107 przycisk logowania w prawym g\u00f3rnym rogu naszej strony internetowej. Nast\u0119pnie wprowad\u017a zarejestrowany adres e-mail i has\u0142o. Po tym zostaniesz poproszony o potwierdzenie logowania. Proces logowania do Casinobossy jest taki sam zar\u00f3wno na komputerach, jak i urz\u0105dzeniach mobilnych. Mo\u017cesz logowa\u0107 si\u0119 z wielu urz\u0105dze\u0144 bez utraty post\u0119p\u00f3w.<\/p>\n<p>Po zako\u0144czeniu procesu logowania do Casinobossy uzyskasz kontrol\u0119 nad swoim profilem i dost\u0119p do funkcji platformy. Zarejestrowane konto daje dost\u0119p do ponad 6000 gier: automat\u00f3w online, gier sto\u0142owych, gier z krupierem na \u017cywo i gier z natychmiastow\u0105 wygran\u0105. Mo\u017cesz dokonywa\u0107 wp\u0142at i wyp\u0142at oraz otrzymywa\u0107 bonusy. W sekcji profilu Casinobossy Casino mo\u017cesz r\u00f3wnie\u017c \u015bledzi\u0107 swoje saldo, histori\u0119 gier i limity w jednym miejscu.<\/p>\n<h3>Korzystaj z narz\u0119dzi odpowiedzialnej gry<\/h3>\n<p>Nasz zesp\u00f3\u0142 w Casinobossy zapewnia narz\u0119dzia odpowiedzialnej gry, kt\u00f3re pomog\u0105 Ci kontrolowa\u0107 swoje gry. Funkcje te s\u0105 \u0142atwe w u\u017cyciu i dost\u0119pne w ustawieniach konta. Dodali\u015bmy narz\u0119dzia odpowiedzialnej gry, aby wspiera\u0107 zr\u00f3wnowa\u017con\u0105 rozgrywk\u0119.<\/p>\n<ul>\n<li>Limity wp\u0142at: gracze mog\u0105 kontrolowa\u0107, ile pieni\u0119dzy wp\u0142acaj\u0105.<\/li>\n<li>Limity strat: mo\u017cesz zdecydowa\u0107, ile jeste\u015b got\u00f3w straci\u0107.<\/li>\n<li>Limity zak\u0142ad\u00f3w: do ograniczania wielko\u015bci zak\u0142ad\u00f3w.<\/li>\n<li>Limity czasu sesji: mo\u017cesz zarz\u0105dza\u0107 czasem gry.<\/li>\n<li>Okresy och\u0142oni\u0119cia: na kr\u00f3tkie przerwy.<\/li>\n<li>Samowykluczenie: s\u0142u\u017cy do d\u0142ugoterminowego lub sta\u0142ego ograniczenia konta.<\/li>\n<\/ul>\n<h3>Co zrobi\u0107, je\u015bli zapomnisz danych logowania<\/h3>\n<p>Je\u015bli zapomnia\u0142e\u015b danych logowania do Casinobossy, mo\u017cesz \u0142atwo odzyska\u0107 dost\u0119p. Mo\u017cesz zresetowa\u0107 has\u0142o na stronie logowania Casinobossy bez konieczno\u015bci kontaktowania si\u0119 z naszym zespo\u0142em pomocy technicznej.<\/p>\n<p>Aby zresetowa\u0107 has\u0142o, wykonaj nast\u0119puj\u0105ce czynno\u015bci:<\/p>\n<ol>\n<li>Najpierw przejd\u017a do strony logowania Casinobossy.<\/li>\n<li>Nast\u0119pnie kliknij \u201eNie pami\u0119tasz has\u0142a?\u201d pod formularzem logowania.<\/li>\n<li>Nast\u0119pnie wpisz adres e-mail powi\u0105zany z Twoim kontem.<\/li>\n<li>Nast\u0119pnie otw\u00f3rz wiadomo\u015b\u0107 e-mail zawieraj\u0105c\u0105 link do resetowania has\u0142a.<\/li>\n<li>Nast\u0119pnie nale\u017cy utworzy\u0107 nowe has\u0142o i je potwierdzi\u0107.<\/li>\n<li>Teraz mo\u017cesz zalogowa\u0107 si\u0119 przy u\u017cyciu nowych danych.<\/li>\n<\/ol>\n<p>Mo\u017cesz teraz kontynuowa\u0107 korzystanie ze swojego konta. Je\u015bli masz jakie\u015b pytania, mo\u017cesz skontaktowa\u0107 si\u0119 z wieloj\u0119zycznym zespo\u0142em pomocy technicznej Casinobossy Casino. Mo\u017cesz napisa\u0107 do nas za po\u015brednictwem czatu na \u017cywo lub poczty elektronicznej.<\/p>\n<h2>Jak zako\u0144czy\u0107 weryfikacj\u0119 konta<\/h2>\n<p>Weryfikacja konta jest wymagana, aby wyp\u0142aci\u0107 wygrane i skorzysta\u0107 z bonus\u00f3w. Proces ten pomaga chroni\u0107 Twoje konto i potwierdzi\u0107 Twoj\u0105 to\u017csamo\u015b\u0107. Proces weryfikacji zapewnia r\u00f3wnie\u017c bezpieczne przetwarzanie wszystkich p\u0142atno\u015bci. Weryfikacja jest szybka i mo\u017cna j\u0105 przeprowadzi\u0107 za po\u015brednictwem konta Casinobossy.<\/p>\n<table>\n<tbody>\n<tr>\n<td>Etap<\/td>\n<td>Co nale\u017cy zrobi\u0107<\/td>\n<td>Ramy czasowe<\/td>\n<td>Wynik<\/td>\n<\/tr>\n<tr>\n<td>To\u017csamo\u015b\u0107 Przygotowanie<\/td>\n<td>Przygotuj wa\u017cny dokument to\u017csamo\u015bci i aktualny dow\u00f3d adresu zamieszkania<\/td>\n<td>Kilka minut<\/td>\n<td>Pliki gotowe do z\u0142o\u017cenia<\/td>\n<\/tr>\n<tr>\n<td>Z\u0142o\u017cenie dokument\u00f3w<\/td>\n<td>Mo\u017cesz przes\u0142a\u0107 dokumenty do swojego profilu lub wys\u0142a\u0107 je z zarejestrowanego adresu e-mail.<\/td>\n<td>Kilka minut<\/td>\n<td>Dane bezpiecznie odebrane<\/td>\n<\/tr>\n<tr>\n<td>Kontrola zgodno\u015bci<\/td>\n<td>Zesp\u00f3\u0142 weryfikacyjny sprawdza Twoj\u0105 to\u017csamo\u015b\u0107 i dane dotycz\u0105ce p\u0142atno\u015bci<\/td>\n<td>Do 48 godzin<\/td>\n<td>Trwa zatwierdzanie konta<\/td>\n<\/tr>\n<tr>\n<td>Ostateczne zatwierdzenie<\/td>\n<td>Otrzymaj e-mail z potwierdzeniem i powiadomienie na koncie Casino Bossy<\/td>\n<td>Po zatwierdzeniu<\/td>\n<td>Dost\u0119p do wyp\u0142at i bonus\u00f3w<\/td>\n<\/tr>\n<\/tbody>\n<\/table>\n<h2>Rejestracja w Casino Bossy<\/h2>\n<p>Za\u0142o\u017cenie konta w Casino Bossy daje Ci pe\u0142ny dost\u0119p do naszej platformy. Zarejestrowani u\u017cytkownicy s\u0105 chronieni przez solidne zabezpieczenia. Ze wzgl\u0119d\u00f3w bezpiecze\u0144stwa wdro\u017cyli\u015bmy protok\u00f3\u0142 TLS 1.3, 256-bitowe szyfrowanie AES oraz uwierzytelnianie dwusk\u0142adnikowe (2FA). Ponadto wspieramy testowanie generatora liczb losowych (RNG) przez niezale\u017cnych audytor\u00f3w, aby zapewni\u0107 uczciwo\u015b\u0107 gier. Wszystkie nasze p\u0142atno\u015bci s\u0105 r\u00f3wnie\u017c przetwarzane zgodnie ze standardem PCI-DSS. Twoje dane osobowe i p\u0142atnicze s\u0105 zawsze bezpieczne. Po zarejestrowaniu si\u0119 mo\u017cesz gra\u0107 we wszystkie nasze gry, otrzyma\u0107 pakiet powitalny i uczestniczy\u0107 w naszych promocjach.<\/p>\n<h3>Jak za\u0142o\u017cy\u0107 konto<\/h3>\n<ol>\n<li>Aby rozpocz\u0105\u0107 rejestracj\u0119 w Casino Bossy, nale\u017cy klikn\u0105\u0107 przycisk \u201eZarejestruj si\u0119\u201d.<\/li>\n<li>Nast\u0119pnie nale\u017cy wprowadzi\u0107 adres e-mail i has\u0142o oraz zaakceptowa\u0107 Warunki u\u017cytkowania.<\/li>\n<li>W drugim oknie wprowad\u017a swoje imi\u0119, nazwisko, dat\u0119 urodzenia i numer telefonu.<\/li>\n<li>Teraz nale\u017cy klikn\u0105\u0107 \u201eZapisz\u201d, aby zako\u0144czy\u0107 rejestracj\u0119.<\/li>\n<li>Po rejestracji mo\u017cesz zako\u0144czy\u0107 proces logowania do Casinobossy i uzyska\u0107 dost\u0119p do swojego konta.<\/li>\n<\/ol>\n<h2>FAQ<\/h2>\n<h3>Jakie korzy\u015bci daje mi rejestracja?<\/h3>\n<p>Po rejestracji otrzymujesz pe\u0142ny dost\u0119p do kasyna Casino Bossy. Zarejestrowani gracze mog\u0105 gra\u0107 we wszystkie gry i bra\u0107 udzia\u0142 w turniejach. Po rejestracji u\u017cytkownicy mog\u0105 wyp\u0142aca\u0107 wygrane i dokonywa\u0107 wp\u0142at. Ka\u017cdy nowy u\u017cytkownik otrzymuje bonus powitalny w wysoko\u015bci 1500 \u20ac i 250 darmowych spin\u00f3w. Pakiet powitalny pozwala zwi\u0119kszy\u0107 saldo, aby obstawia\u0107 wi\u0119ksze zak\u0142ady.<\/p>\n<h3>Jak zaktualizowa\u0107 dane osobowe lub ustawienia bezpiecze\u0144stwa w moim profilu?<\/h3>\n<p>Mo\u017cesz zaktualizowa\u0107 swoje dane osobowe i ustawienia bezpiecze\u0144stwa w ustawieniach konta. Po zako\u0144czeniu procesu logowania do Casinobossy otw\u00f3rz sekcj\u0119 ustawie\u0144 swojego profilu i edytuj niezb\u0119dne dane. Mo\u017cesz tam r\u00f3wnie\u017c zarz\u0105dza\u0107 ustawieniami bezpiecze\u0144stwa i zmieni\u0107 has\u0142o. Mo\u017cesz samodzielnie kontrolowa\u0107 swoje konto bez konieczno\u015bci kontaktowania si\u0119 z obs\u0142ug\u0105 klienta.<\/p>\n<h3>Jakie dokumenty s\u0105 potrzebne do weryfikacji konta?<\/h3>\n<p>Aby zweryfikowa\u0107 swoje konto w Casinobossy Casino, potrzebujesz dokument\u00f3w potwierdzaj\u0105cych Twoj\u0105 to\u017csamo\u015b\u0107 i adres. Zazwyczaj jest to dow\u00f3d osobisty lub paszport potwierdzaj\u0105cy Twoj\u0105 to\u017csamo\u015b\u0107. Musisz r\u00f3wnie\u017c potwierdzi\u0107 sw\u00f3j adres, na przyk\u0142ad rachunkiem za media. Procedura ta pomaga zapewni\u0107 bezpiecze\u0144stwo kont.<\/p>\n<\/div><\/div><\/p>\n","protected":false},"excerpt":{"rendered":"<p>Zarejestruj si\u0119 i zaloguj do Casinobossy Proces Casinobossy login zajmuje tylko kilka klikni\u0119\u0107. Po zalogowaniu si\u0119 nasze kasyno b\u0119dzie od razu dost\u0119pne. Polscy gracze b\u0119d\u0105 mogli korzysta\u0107 ze wszystkich funkcji platformy ze swojego konta. Rejestracj\u0119 mo\u017cna przeprowadzi\u0107 na dowolnym urz\u0105dzeniu.<\/p>\n","protected":false},"author":1,"featured_media":0,"parent":0,"menu_order":0,"comment_status":"closed","ping_status":"closed","template":"template-builder.php","meta":{"_acf_changed":false,"inline_featured_image":false,"footnotes":""},"class_list":["post-1492","page","type-page","status-publish","hentry"],"acf":[],"yoast_head":"<!-- This site is optimized with the Yoast SEO plugin v27.3 - https:\/\/yoast.com\/product\/yoast-seo-wordpress\/ -->\n<title>Casinobossy Login | Rejestracja i zarz\u0105dzanie kontem<\/title>\n<meta name=\"description\" content=\"Casino Bossy login zapewnia bezpieczny dost\u0119p do Twojego profilu, \u015brodk\u00f3w i tysi\u0119cy gier. Nowi u\u017cytkownicy mog\u0105 za\u0142o\u017cy\u0107 konto w kilka sekund dzi\u0119ki szybkiej weryfikacji.\" \/>\n<meta name=\"robots\" content=\"index, follow, max-snippet:-1, max-image-preview:large, max-video-preview:-1\" \/>\n<link rel=\"canonical\" href=\"https:\/\/casino-bossy.org\/pl\/logowanie-i-rejestracja\/\" \/>\n<meta property=\"og:locale\" content=\"pl_PL\" \/>\n<meta property=\"og:type\" content=\"article\" \/>\n<meta property=\"og:title\" content=\"Casinobossy Login | Rejestracja i zarz\u0105dzanie kontem\" \/>\n<meta property=\"og:description\" content=\"Casino Bossy login zapewnia bezpieczny dost\u0119p do Twojego profilu, \u015brodk\u00f3w i tysi\u0119cy gier. Nowi u\u017cytkownicy mog\u0105 za\u0142o\u017cy\u0107 konto w kilka sekund dzi\u0119ki szybkiej weryfikacji.\" \/>\n<meta property=\"og:url\" content=\"https:\/\/casino-bossy.org\/pl\/logowanie-i-rejestracja\/\" \/>\n<meta property=\"og:site_name\" content=\"casinobossy\" \/>\n<meta property=\"article:modified_time\" content=\"2026-02-20T08:29:04+00:00\" \/>\n<meta name=\"twitter:card\" content=\"summary_large_image\" \/>\n<meta name=\"twitter:label1\" content=\"Est. reading time\" \/>\n\t<meta name=\"twitter:data1\" content=\"1 minute\" \/>\n<script type=\"application\/ld+json\" class=\"yoast-schema-graph\">{\"@context\":\"https:\\\/\\\/schema.org\",\"@graph\":[{\"@type\":\"WebPage\",\"@id\":\"https:\\\/\\\/casino-bossy.org\\\/pl\\\/logowanie-i-rejestracja\\\/\",\"url\":\"https:\\\/\\\/casino-bossy.org\\\/pl\\\/logowanie-i-rejestracja\\\/\",\"name\":\"Casinobossy Login | Rejestracja i zarz\u0105dzanie kontem\",\"isPartOf\":{\"@id\":\"https:\\\/\\\/casino-bossy.org\\\/pl\\\/#website\"},\"datePublished\":\"2026-02-19T10:44:22+00:00\",\"dateModified\":\"2026-02-20T08:29:04+00:00\",\"description\":\"Casino Bossy login zapewnia bezpieczny dost\u0119p do Twojego profilu, \u015brodk\u00f3w i tysi\u0119cy gier. Nowi u\u017cytkownicy mog\u0105 za\u0142o\u017cy\u0107 konto w kilka sekund dzi\u0119ki szybkiej weryfikacji.\",\"breadcrumb\":{\"@id\":\"https:\\\/\\\/casino-bossy.org\\\/pl\\\/logowanie-i-rejestracja\\\/#breadcrumb\"},\"inLanguage\":\"pl-PL\",\"potentialAction\":[{\"@type\":\"ReadAction\",\"target\":[\"https:\\\/\\\/casino-bossy.org\\\/pl\\\/logowanie-i-rejestracja\\\/\"]}]},{\"@type\":\"BreadcrumbList\",\"@id\":\"https:\\\/\\\/casino-bossy.org\\\/pl\\\/logowanie-i-rejestracja\\\/#breadcrumb\",\"itemListElement\":[{\"@type\":\"ListItem\",\"position\":1,\"name\":\"Casinobossy\",\"item\":\"https:\\\/\\\/casino-bossy.org\\\/pl\\\/\"},{\"@type\":\"ListItem\",\"position\":2,\"name\":\"Logowanie i rejestracja\"}]},{\"@type\":\"WebSite\",\"@id\":\"https:\\\/\\\/casino-bossy.org\\\/pl\\\/#website\",\"url\":\"https:\\\/\\\/casino-bossy.org\\\/pl\\\/\",\"name\":\"Casinobossy\",\"description\":\"\",\"publisher\":{\"@id\":\"https:\\\/\\\/casino-bossy.org\\\/pl\\\/#organization\"},\"potentialAction\":[{\"@type\":\"SearchAction\",\"target\":{\"@type\":\"EntryPoint\",\"urlTemplate\":\"https:\\\/\\\/casino-bossy.org\\\/pl\\\/?s={search_term_string}\"},\"query-input\":{\"@type\":\"PropertyValueSpecification\",\"valueRequired\":true,\"valueName\":\"search_term_string\"}}],\"inLanguage\":\"pl-PL\"},{\"@type\":\"Organization\",\"@id\":\"https:\\\/\\\/casino-bossy.org\\\/pl\\\/#organization\",\"name\":\"Casinobossy\",\"url\":\"https:\\\/\\\/casino-bossy.org\\\/pl\\\/\",\"logo\":{\"@type\":\"ImageObject\",\"inLanguage\":\"pl-PL\",\"@id\":\"https:\\\/\\\/casino-bossy.org\\\/pl\\\/#\\\/schema\\\/logo\\\/image\\\/\",\"url\":\"https:\\\/\\\/casino-bossy.org\\\/wp-content\\\/uploads\\\/2026\\\/02\\\/Casinobossy-logo.png\",\"contentUrl\":\"https:\\\/\\\/casino-bossy.org\\\/wp-content\\\/uploads\\\/2026\\\/02\\\/Casinobossy-logo.png\",\"width\":94,\"height\":20,\"caption\":\"Casinobossy\"},\"image\":{\"@id\":\"https:\\\/\\\/casino-bossy.org\\\/pl\\\/#\\\/schema\\\/logo\\\/image\\\/\"}}]}<\/script>\n<!-- \/ Yoast SEO plugin. -->","yoast_head_json":{"title":"Casinobossy Login | Rejestracja i zarz\u0105dzanie kontem","description":"Casino Bossy login zapewnia bezpieczny dost\u0119p do Twojego profilu, \u015brodk\u00f3w i tysi\u0119cy gier. Nowi u\u017cytkownicy mog\u0105 za\u0142o\u017cy\u0107 konto w kilka sekund dzi\u0119ki szybkiej weryfikacji.","robots":{"index":"index","follow":"follow","max-snippet":"max-snippet:-1","max-image-preview":"max-image-preview:large","max-video-preview":"max-video-preview:-1"},"canonical":"https:\/\/casino-bossy.org\/pl\/logowanie-i-rejestracja\/","og_locale":"pl_PL","og_type":"article","og_title":"Casinobossy Login | Rejestracja i zarz\u0105dzanie kontem","og_description":"Casino Bossy login zapewnia bezpieczny dost\u0119p do Twojego profilu, \u015brodk\u00f3w i tysi\u0119cy gier. Nowi u\u017cytkownicy mog\u0105 za\u0142o\u017cy\u0107 konto w kilka sekund dzi\u0119ki szybkiej weryfikacji.","og_url":"https:\/\/casino-bossy.org\/pl\/logowanie-i-rejestracja\/","og_site_name":"casinobossy","article_modified_time":"2026-02-20T08:29:04+00:00","twitter_card":"summary_large_image","twitter_misc":{"Est. reading time":"1 minute"},"schema":{"@context":"https:\/\/schema.org","@graph":[{"@type":"WebPage","@id":"https:\/\/casino-bossy.org\/pl\/logowanie-i-rejestracja\/","url":"https:\/\/casino-bossy.org\/pl\/logowanie-i-rejestracja\/","name":"Casinobossy Login | Rejestracja i zarz\u0105dzanie kontem","isPartOf":{"@id":"https:\/\/casino-bossy.org\/pl\/#website"},"datePublished":"2026-02-19T10:44:22+00:00","dateModified":"2026-02-20T08:29:04+00:00","description":"Casino Bossy login zapewnia bezpieczny dost\u0119p do Twojego profilu, \u015brodk\u00f3w i tysi\u0119cy gier. Nowi u\u017cytkownicy mog\u0105 za\u0142o\u017cy\u0107 konto w kilka sekund dzi\u0119ki szybkiej weryfikacji.","breadcrumb":{"@id":"https:\/\/casino-bossy.org\/pl\/logowanie-i-rejestracja\/#breadcrumb"},"inLanguage":"pl-PL","potentialAction":[{"@type":"ReadAction","target":["https:\/\/casino-bossy.org\/pl\/logowanie-i-rejestracja\/"]}]},{"@type":"BreadcrumbList","@id":"https:\/\/casino-bossy.org\/pl\/logowanie-i-rejestracja\/#breadcrumb","itemListElement":[{"@type":"ListItem","position":1,"name":"Casinobossy","item":"https:\/\/casino-bossy.org\/pl\/"},{"@type":"ListItem","position":2,"name":"Logowanie i rejestracja"}]},{"@type":"WebSite","@id":"https:\/\/casino-bossy.org\/pl\/#website","url":"https:\/\/casino-bossy.org\/pl\/","name":"Casinobossy","description":"","publisher":{"@id":"https:\/\/casino-bossy.org\/pl\/#organization"},"potentialAction":[{"@type":"SearchAction","target":{"@type":"EntryPoint","urlTemplate":"https:\/\/casino-bossy.org\/pl\/?s={search_term_string}"},"query-input":{"@type":"PropertyValueSpecification","valueRequired":true,"valueName":"search_term_string"}}],"inLanguage":"pl-PL"},{"@type":"Organization","@id":"https:\/\/casino-bossy.org\/pl\/#organization","name":"Casinobossy","url":"https:\/\/casino-bossy.org\/pl\/","logo":{"@type":"ImageObject","inLanguage":"pl-PL","@id":"https:\/\/casino-bossy.org\/pl\/#\/schema\/logo\/image\/","url":"https:\/\/casino-bossy.org\/wp-content\/uploads\/2026\/02\/Casinobossy-logo.png","contentUrl":"https:\/\/casino-bossy.org\/wp-content\/uploads\/2026\/02\/Casinobossy-logo.png","width":94,"height":20,"caption":"Casinobossy"},"image":{"@id":"https:\/\/casino-bossy.org\/pl\/#\/schema\/logo\/image\/"}}]}},"_links":{"self":[{"href":"https:\/\/casino-bossy.org\/pl\/wp-json\/wp\/v2\/pages\/1492","targetHints":{"allow":["GET"]}}],"collection":[{"href":"https:\/\/casino-bossy.org\/pl\/wp-json\/wp\/v2\/pages"}],"about":[{"href":"https:\/\/casino-bossy.org\/pl\/wp-json\/wp\/v2\/types\/page"}],"author":[{"embeddable":true,"href":"https:\/\/casino-bossy.org\/pl\/wp-json\/wp\/v2\/users\/1"}],"replies":[{"embeddable":true,"href":"https:\/\/casino-bossy.org\/pl\/wp-json\/wp\/v2\/comments?post=1492"}],"version-history":[{"count":2,"href":"https:\/\/casino-bossy.org\/pl\/wp-json\/wp\/v2\/pages\/1492\/revisions"}],"predecessor-version":[{"id":1806,"href":"https:\/\/casino-bossy.org\/pl\/wp-json\/wp\/v2\/pages\/1492\/revisions\/1806"}],"wp:attachment":[{"href":"https:\/\/casino-bossy.org\/pl\/wp-json\/wp\/v2\/media?parent=1492"}],"curies":[{"name":"wp","href":"https:\/\/api.w.org\/{rel}","templated":true}]}}